{"id":5714,"date":"2021-03-19T10:20:11","date_gmt":"2021-03-19T10:20:11","guid":{"rendered":"https:\/\/raksersport.ee\/?post_type=product&#038;p=5714"},"modified":"2024-01-25T16:16:27","modified_gmt":"2024-01-25T16:16:27","slug":"luhikesed-puksid-5","status":"publish","type":"product","link":"https:\/\/raksersport.ee\/toode\/luhikesed-puksid-5\/","title":{"rendered":"L\u00fchikesed p\u00fcksid Icepeak Anzio"},"content":{"rendered":"<ul>\n<li>Nailonkangas laseb niiskusel kergesti aurustuda ja kuivab seet\u00f5ttu kiiresti<\/li>\n<li>Vett ja mustust h\u00fclgav pealispind<\/li>\n<li>Eesmised ja tagumised taskud ning mahukad reietaskud<\/li>\n<li>Osaliselt kummist v\u00e4rvliga<\/li>\n<li>V\u00e4rv: tumesinine<\/li>\n<\/ul>\n<p><strong>Materjal:<\/strong> 100% pol\u00fcamiid<\/p>\n<p><img loading=\"lazy\" decoding=\"async\" class=\"alignleft size-full wp-image-1029\" src=\"https:\/\/raksersport.ee\/wp-content\/uploads\/2020\/05\/Meeste-Icepeak-m\u00f5\u00f5tude-tabel-46-60.jpg\" alt=\"\" width=\"766\" height=\"222\" srcset=\"https:\/\/raksersport.ee\/wp-content\/uploads\/2020\/05\/Meeste-Icepeak-m\u00f5\u00f5tude-tabel-46-60.jpg 766w, https:\/\/raksersport.ee\/wp-content\/uploads\/2020\/05\/Meeste-Icepeak-m\u00f5\u00f5tude-tabel-46-60-416x121.jpg 416w\" sizes=\"auto, (max-width: 766px) 100vw, 766px\" \/><\/p>\n","protected":false},"excerpt":{"rendered":"<p><strong>Meeste Icepeak l\u00fchikesed p\u00fcksid<\/strong><\/p>\n","protected":false},"featured_media":5719,"comment_status":"open","ping_status":"closed","template":"","meta":{"_uf_show_specific_survey":0,"_uf_disable_surveys":false},"product_brand":[],"product_cat":[52,40],"product_tag":[51],"class_list":{"0":"post-5714","1":"product","2":"type-product","3":"status-publish","4":"has-post-thumbnail","6":"product_cat-meeste-luhikesed-puksid","7":"product_cat-mehed","8":"product_tag-icepeak","10":"first","11":"instock","12":"taxable","13":"shipping-taxable","14":"purchasable","15":"product-type-variable"},"yoast_head":"<!-- This site is optimized with the Yoast SEO plugin v27.4 - https:\/\/yoast.com\/product\/yoast-seo-wordpress\/ -->\n<title>L\u00fchikesed p\u00fcksid Icepeak Anzio - Rakser Sport<\/title>\n<meta name=\"description\" content=\"L\u00fchikesed p\u00fcksid Icepeak Anzio 57072574\" \/>\n<meta name=\"robots\" content=\"index, follow, max-snippet:-1, max-image-preview:large, max-video-preview:-1\" \/>\n<link rel=\"canonical\" href=\"https:\/\/raksersport.ee\/?product=luhikesed-puksid-5\" \/>\n<meta property=\"og:locale\" content=\"et_EE\" \/>\n<meta property=\"og:type\" content=\"article\" \/>\n<meta property=\"og:title\" content=\"L\u00fchikesed p\u00fcksid Icepeak Anzio - Rakser Sport\" \/>\n<meta property=\"og:description\" content=\"L\u00fchikesed p\u00fcksid Icepeak Anzio 57072574\" \/>\n<meta property=\"og:url\" content=\"https:\/\/raksersport.ee\/?product=luhikesed-puksid-5\" \/>\n<meta property=\"og:site_name\" content=\"Rakser Sport\" \/>\n<meta property=\"article:publisher\" content=\"https:\/\/www.facebook.com\/RakserSport\/\" \/>\n<meta property=\"article:modified_time\" content=\"2024-01-25T16:16:27+00:00\" \/>\n<meta property=\"og:image\" content=\"https:\/\/raksersport.ee\/wp-content\/uploads\/2021\/03\/anzio-icepeak.jpg\" \/>\n\t<meta property=\"og:image:width\" content=\"490\" \/>\n\t<meta property=\"og:image:height\" content=\"700\" \/>\n\t<meta property=\"og:image:type\" content=\"image\/jpeg\" \/>\n<meta name=\"twitter:card\" content=\"summary_large_image\" \/>\n<meta name=\"twitter:label1\" content=\"Est. reading time\" \/>\n\t<meta name=\"twitter:data1\" content=\"1 minut\" \/>\n<script type=\"application\/ld+json\" class=\"yoast-schema-graph\">{\"@context\":\"https:\\\/\\\/schema.org\",\"@graph\":[{\"@type\":\"WebPage\",\"@id\":\"https:\\\/\\\/raksersport.ee\\\/?product=luhikesed-puksid-5\",\"url\":\"https:\\\/\\\/raksersport.ee\\\/?product=luhikesed-puksid-5\",\"name\":\"L\u00fchikesed p\u00fcksid Icepeak Anzio - Rakser Sport\",\"isPartOf\":{\"@id\":\"https:\\\/\\\/raksersport.ee\\\/#website\"},\"primaryImageOfPage\":{\"@id\":\"https:\\\/\\\/raksersport.ee\\\/?product=luhikesed-puksid-5#primaryimage\"},\"image\":{\"@id\":\"https:\\\/\\\/raksersport.ee\\\/?product=luhikesed-puksid-5#primaryimage\"},\"thumbnailUrl\":\"https:\\\/\\\/raksersport.ee\\\/wp-content\\\/uploads\\\/2021\\\/03\\\/anzio-icepeak.jpg\",\"datePublished\":\"2021-03-19T10:20:11+00:00\",\"dateModified\":\"2024-01-25T16:16:27+00:00\",\"description\":\"L\u00fchikesed p\u00fcksid Icepeak Anzio 57072574\",\"breadcrumb\":{\"@id\":\"https:\\\/\\\/raksersport.ee\\\/?product=luhikesed-puksid-5#breadcrumb\"},\"inLanguage\":\"et\",\"potentialAction\":[{\"@type\":\"ReadAction\",\"target\":[\"https:\\\/\\\/raksersport.ee\\\/?product=luhikesed-puksid-5\"]}]},{\"@type\":\"ImageObject\",\"inLanguage\":\"et\",\"@id\":\"https:\\\/\\\/raksersport.ee\\\/?product=luhikesed-puksid-5#primaryimage\",\"url\":\"https:\\\/\\\/raksersport.ee\\\/wp-content\\\/uploads\\\/2021\\\/03\\\/anzio-icepeak.jpg\",\"contentUrl\":\"https:\\\/\\\/raksersport.ee\\\/wp-content\\\/uploads\\\/2021\\\/03\\\/anzio-icepeak.jpg\",\"width\":490,\"height\":700},{\"@type\":\"BreadcrumbList\",\"@id\":\"https:\\\/\\\/raksersport.ee\\\/?product=luhikesed-puksid-5#breadcrumb\",\"itemListElement\":[{\"@type\":\"ListItem\",\"position\":1,\"name\":\"Home\",\"item\":\"https:\\\/\\\/raksersport.ee\\\/\"},{\"@type\":\"ListItem\",\"position\":2,\"name\":\"Pood\",\"item\":\"https:\\\/\\\/raksersport.ee\\\/\"},{\"@type\":\"ListItem\",\"position\":3,\"name\":\"L\u00fchikesed p\u00fcksid Icepeak Anzio\"}]},{\"@type\":\"WebSite\",\"@id\":\"https:\\\/\\\/raksersport.ee\\\/#website\",\"url\":\"https:\\\/\\\/raksersport.ee\\\/\",\"name\":\"RakserSport\",\"description\":\"Spordipoed Haapsalus ja Raplas\",\"publisher\":{\"@id\":\"https:\\\/\\\/raksersport.ee\\\/#organization\"},\"potentialAction\":[{\"@type\":\"SearchAction\",\"target\":{\"@type\":\"EntryPoint\",\"urlTemplate\":\"https:\\\/\\\/raksersport.ee\\\/?s={search_term_string}\"},\"query-input\":{\"@type\":\"PropertyValueSpecification\",\"valueRequired\":true,\"valueName\":\"search_term_string\"}}],\"inLanguage\":\"et\"},{\"@type\":\"Organization\",\"@id\":\"https:\\\/\\\/raksersport.ee\\\/#organization\",\"name\":\"Rakser Sport O\u00dc\",\"url\":\"https:\\\/\\\/raksersport.ee\\\/\",\"logo\":{\"@type\":\"ImageObject\",\"inLanguage\":\"et\",\"@id\":\"https:\\\/\\\/raksersport.ee\\\/#\\\/schema\\\/logo\\\/image\\\/\",\"url\":\"https:\\\/\\\/raksersport.ee\\\/wp-content\\\/uploads\\\/2020\\\/03\\\/rakser-logo-BW.jpg\",\"contentUrl\":\"https:\\\/\\\/raksersport.ee\\\/wp-content\\\/uploads\\\/2020\\\/03\\\/rakser-logo-BW.jpg\",\"width\":2020,\"height\":377,\"caption\":\"Rakser Sport O\u00dc\"},\"image\":{\"@id\":\"https:\\\/\\\/raksersport.ee\\\/#\\\/schema\\\/logo\\\/image\\\/\"},\"sameAs\":[\"https:\\\/\\\/www.facebook.com\\\/RakserSport\\\/\"]}]}<\/script>\n<!-- \/ Yoast SEO plugin. -->","yoast_head_json":{"title":"L\u00fchikesed p\u00fcksid Icepeak Anzio - Rakser Sport","description":"L\u00fchikesed p\u00fcksid Icepeak Anzio 57072574","robots":{"index":"index","follow":"follow","max-snippet":"max-snippet:-1","max-image-preview":"max-image-preview:large","max-video-preview":"max-video-preview:-1"},"canonical":"https:\/\/raksersport.ee\/?product=luhikesed-puksid-5","og_locale":"et_EE","og_type":"article","og_title":"L\u00fchikesed p\u00fcksid Icepeak Anzio - Rakser Sport","og_description":"L\u00fchikesed p\u00fcksid Icepeak Anzio 57072574","og_url":"https:\/\/raksersport.ee\/?product=luhikesed-puksid-5","og_site_name":"Rakser Sport","article_publisher":"https:\/\/www.facebook.com\/RakserSport\/","article_modified_time":"2024-01-25T16:16:27+00:00","og_image":[{"width":490,"height":700,"url":"https:\/\/raksersport.ee\/wp-content\/uploads\/2021\/03\/anzio-icepeak.jpg","type":"image\/jpeg"}],"twitter_card":"summary_large_image","twitter_misc":{"Est. reading time":"1 minut"},"schema":{"@context":"https:\/\/schema.org","@graph":[{"@type":"WebPage","@id":"https:\/\/raksersport.ee\/?product=luhikesed-puksid-5","url":"https:\/\/raksersport.ee\/?product=luhikesed-puksid-5","name":"L\u00fchikesed p\u00fcksid Icepeak Anzio - Rakser Sport","isPartOf":{"@id":"https:\/\/raksersport.ee\/#website"},"primaryImageOfPage":{"@id":"https:\/\/raksersport.ee\/?product=luhikesed-puksid-5#primaryimage"},"image":{"@id":"https:\/\/raksersport.ee\/?product=luhikesed-puksid-5#primaryimage"},"thumbnailUrl":"https:\/\/raksersport.ee\/wp-content\/uploads\/2021\/03\/anzio-icepeak.jpg","datePublished":"2021-03-19T10:20:11+00:00","dateModified":"2024-01-25T16:16:27+00:00","description":"L\u00fchikesed p\u00fcksid Icepeak Anzio 57072574","breadcrumb":{"@id":"https:\/\/raksersport.ee\/?product=luhikesed-puksid-5#breadcrumb"},"inLanguage":"et","potentialAction":[{"@type":"ReadAction","target":["https:\/\/raksersport.ee\/?product=luhikesed-puksid-5"]}]},{"@type":"ImageObject","inLanguage":"et","@id":"https:\/\/raksersport.ee\/?product=luhikesed-puksid-5#primaryimage","url":"https:\/\/raksersport.ee\/wp-content\/uploads\/2021\/03\/anzio-icepeak.jpg","contentUrl":"https:\/\/raksersport.ee\/wp-content\/uploads\/2021\/03\/anzio-icepeak.jpg","width":490,"height":700},{"@type":"BreadcrumbList","@id":"https:\/\/raksersport.ee\/?product=luhikesed-puksid-5#breadcrumb","itemListElement":[{"@type":"ListItem","position":1,"name":"Home","item":"https:\/\/raksersport.ee\/"},{"@type":"ListItem","position":2,"name":"Pood","item":"https:\/\/raksersport.ee\/"},{"@type":"ListItem","position":3,"name":"L\u00fchikesed p\u00fcksid Icepeak Anzio"}]},{"@type":"WebSite","@id":"https:\/\/raksersport.ee\/#website","url":"https:\/\/raksersport.ee\/","name":"RakserSport","description":"Spordipoed Haapsalus ja Raplas","publisher":{"@id":"https:\/\/raksersport.ee\/#organization"},"potentialAction":[{"@type":"SearchAction","target":{"@type":"EntryPoint","urlTemplate":"https:\/\/raksersport.ee\/?s={search_term_string}"},"query-input":{"@type":"PropertyValueSpecification","valueRequired":true,"valueName":"search_term_string"}}],"inLanguage":"et"},{"@type":"Organization","@id":"https:\/\/raksersport.ee\/#organization","name":"Rakser Sport O\u00dc","url":"https:\/\/raksersport.ee\/","logo":{"@type":"ImageObject","inLanguage":"et","@id":"https:\/\/raksersport.ee\/#\/schema\/logo\/image\/","url":"https:\/\/raksersport.ee\/wp-content\/uploads\/2020\/03\/rakser-logo-BW.jpg","contentUrl":"https:\/\/raksersport.ee\/wp-content\/uploads\/2020\/03\/rakser-logo-BW.jpg","width":2020,"height":377,"caption":"Rakser Sport O\u00dc"},"image":{"@id":"https:\/\/raksersport.ee\/#\/schema\/logo\/image\/"},"sameAs":["https:\/\/www.facebook.com\/RakserSport\/"]}]}},"jetpack_sharing_enabled":true,"_links":{"self":[{"href":"https:\/\/raksersport.ee\/wp-json\/wp\/v2\/product\/5714","targetHints":{"allow":["GET"]}}],"collection":[{"href":"https:\/\/raksersport.ee\/wp-json\/wp\/v2\/product"}],"about":[{"href":"https:\/\/raksersport.ee\/wp-json\/wp\/v2\/types\/product"}],"replies":[{"embeddable":true,"href":"https:\/\/raksersport.ee\/wp-json\/wp\/v2\/comments?post=5714"}],"wp:featuredmedia":[{"embeddable":true,"href":"https:\/\/raksersport.ee\/wp-json\/wp\/v2\/media\/5719"}],"wp:attachment":[{"href":"https:\/\/raksersport.ee\/wp-json\/wp\/v2\/media?parent=5714"}],"wp:term":[{"taxonomy":"product_brand","embeddable":true,"href":"https:\/\/raksersport.ee\/wp-json\/wp\/v2\/product_brand?post=5714"},{"taxonomy":"product_cat","embeddable":true,"href":"https:\/\/raksersport.ee\/wp-json\/wp\/v2\/product_cat?post=5714"},{"taxonomy":"product_tag","embeddable":true,"href":"https:\/\/raksersport.ee\/wp-json\/wp\/v2\/product_tag?post=5714"}],"curies":[{"name":"wp","href":"https:\/\/api.w.org\/{rel}","templated":true}]}}