{"id":5360,"date":"2021-03-11T10:18:55","date_gmt":"2021-03-11T10:18:55","guid":{"rendered":"https:\/\/raksersport.ee\/?post_type=product&#038;p=5360"},"modified":"2023-02-27T10:38:27","modified_gmt":"2023-02-27T10:38:27","slug":"kiiver-compact-black-lazer","status":"publish","type":"product","link":"https:\/\/raksersport.ee\/toode\/kiiver-compact-black-lazer\/","title":{"rendered":"Kiiver Compact Black Lazer"},"content":{"rendered":"<p><strong>Kiiver Compact Black Lazer \u00fcksikasjad:\u00a0<\/strong><\/p>\n<ul>\n<li>EPS-vaht ja v\u00e4ga l\u00f6\u00f6gikindel vormisisene konstruktsioon hajutavad l\u00f6\u00f6gij\u00f5u t\u00f5husalt, et tagada usaldusv\u00e4\u00e4rne peakaitse.<\/li>\n<li>Mugavus ja hingavus. 20 \u00f5huava ja pehmendatud polster v\u00f5imaldavad peal hingata, maksimeerides sellega mugavuse.<\/li>\n<li>Ideaalne sobivus.<\/li>\n<li>Kerge disain. Compact\u2019i minimaalne konstruktsioon t\u00e4hendab m\u00e4rkimisv\u00e4\u00e4rset kaalu kokkuhoidu, ilma et see kahjustaks stiili v\u00f5i kaitset, mist\u00f5ttu tundub, et teie kiiver on vaevu olemas.<\/li>\n<li>Kiivri suurus: 54-61cm.<\/li>\n<\/ul>\n<p>&nbsp;<\/p>\n<p><strong>Sama mudel teises v\u00e4rvis:\u00a0<\/strong><\/p>\n<ul>\n<li>Green &#8211; roheline &#8211; <a href=\"https:\/\/raksersport.ee\/?product=kiiver-lazer-36\">https:\/\/raksersport.ee\/?product=kiiver-lazer-36<\/a><\/li>\n<li>Flash Orange &#8211; oran\u017e &#8211;\u00a0<a href=\"https:\/\/raksersport.ee\/?product=kiiver-compact-flash-orange-lazer\">https:\/\/raksersport.ee\/?product=kiiver-compact-flash-orange-lazer<\/a><\/li>\n<li>Flash Yellow &#8211; kollane &#8211;\u00a0<a href=\"https:\/\/raksersport.ee\/?product=kiiver-compact-flash-yellow-lazer\">https:\/\/raksersport.ee\/?product=kiiver-compact-flash-yellow-lazer<\/a><\/li>\n<li>White &#8211; valge &#8211;\u00a0<a href=\"https:\/\/raksersport.ee\/?product=kiiver-lazer-22\">https:\/\/raksersport.ee\/?product=kiiver-lazer-22<\/a><\/li>\n<li>Red &#8211; punane &#8211;\u00a0<a href=\"https:\/\/raksersport.ee\/?product=kiiver-lazer-29\">https:\/\/raksersport.ee\/?product=kiiver-lazer-29<\/a><\/li>\n<\/ul>\n","protected":false},"excerpt":{"rendered":"<p>Premium-v\u00e4limusega mitmeotstarbeline kiiver, pea\u00fcmberm\u00f5\u00f5dule 54-61 cm.\u00a0Compact on \u00fclimugav ja kerge kiiver.\u00a0Esmaklassiline vormis olev konstruktsioon tagab optimaalse kaalu ja kaitse suhte, peegeldades samal ajal k\u00f5rgemate kiivrite esteetikat.<\/p>\n","protected":false},"featured_media":5361,"comment_status":"open","ping_status":"closed","template":"","meta":{"_uf_show_specific_survey":0,"_uf_disable_surveys":false},"product_brand":[],"product_cat":[291,22,292],"product_tag":[293],"class_list":{"0":"post-5360","1":"product","2":"type-product","3":"status-publish","4":"has-post-thumbnail","6":"product_cat-kiivrid","7":"product_cat-bicycles","8":"product_cat-taiskasvanud","9":"product_tag-lazer","11":"first","12":"instock","13":"taxable","14":"shipping-taxable","15":"purchasable","16":"product-type-simple"},"yoast_head":"<!-- This site is optimized with the Yoast SEO plugin v27.4 - https:\/\/yoast.com\/product\/yoast-seo-wordpress\/ -->\n<title>Kiiver Compact Black Lazer<\/title>\n<meta name=\"description\" content=\"Kiiver Compact Black Lazer BLC2187885000. Esmaklassiline vormis olev konstruktsioon tagab optimaalse kaalu ja kaitse suhte.\" \/>\n<meta name=\"robots\" content=\"index, follow, max-snippet:-1, max-image-preview:large, max-video-preview:-1\" \/>\n<link rel=\"canonical\" href=\"https:\/\/raksersport.ee\/?product=kiiver-compact-black-lazer\" \/>\n<meta property=\"og:locale\" content=\"et_EE\" \/>\n<meta property=\"og:type\" content=\"article\" \/>\n<meta property=\"og:title\" content=\"Kiiver Compact Black Lazer\" \/>\n<meta property=\"og:description\" content=\"Kiiver Compact Black Lazer BLC2187885000. Esmaklassiline vormis olev konstruktsioon tagab optimaalse kaalu ja kaitse suhte.\" \/>\n<meta property=\"og:url\" content=\"https:\/\/raksersport.ee\/?product=kiiver-compact-black-lazer\" \/>\n<meta property=\"og:site_name\" content=\"Rakser Sport\" \/>\n<meta property=\"article:publisher\" content=\"https:\/\/www.facebook.com\/RakserSport\/\" \/>\n<meta property=\"article:modified_time\" content=\"2023-02-27T10:38:27+00:00\" \/>\n<meta property=\"og:image\" content=\"https:\/\/raksersport.ee\/wp-content\/uploads\/2021\/03\/compact-lazer-black.jpg\" \/>\n\t<meta property=\"og:image:width\" content=\"1200\" \/>\n\t<meta property=\"og:image:height\" content=\"1200\" \/>\n\t<meta property=\"og:image:type\" content=\"image\/jpeg\" \/>\n<meta name=\"twitter:card\" content=\"summary_large_image\" \/>\n<meta name=\"twitter:label1\" content=\"Est. reading time\" \/>\n\t<meta name=\"twitter:data1\" content=\"1 minut\" \/>\n<script type=\"application\/ld+json\" class=\"yoast-schema-graph\">{\"@context\":\"https:\\\/\\\/schema.org\",\"@graph\":[{\"@type\":\"WebPage\",\"@id\":\"https:\\\/\\\/raksersport.ee\\\/?product=kiiver-compact-black-lazer\",\"url\":\"https:\\\/\\\/raksersport.ee\\\/?product=kiiver-compact-black-lazer\",\"name\":\"Kiiver Compact Black Lazer\",\"isPartOf\":{\"@id\":\"https:\\\/\\\/raksersport.ee\\\/#website\"},\"primaryImageOfPage\":{\"@id\":\"https:\\\/\\\/raksersport.ee\\\/?product=kiiver-compact-black-lazer#primaryimage\"},\"image\":{\"@id\":\"https:\\\/\\\/raksersport.ee\\\/?product=kiiver-compact-black-lazer#primaryimage\"},\"thumbnailUrl\":\"https:\\\/\\\/raksersport.ee\\\/wp-content\\\/uploads\\\/2021\\\/03\\\/compact-lazer-black.jpg\",\"datePublished\":\"2021-03-11T10:18:55+00:00\",\"dateModified\":\"2023-02-27T10:38:27+00:00\",\"description\":\"Kiiver Compact Black Lazer BLC2187885000. Esmaklassiline vormis olev konstruktsioon tagab optimaalse kaalu ja kaitse suhte.\",\"breadcrumb\":{\"@id\":\"https:\\\/\\\/raksersport.ee\\\/?product=kiiver-compact-black-lazer#breadcrumb\"},\"inLanguage\":\"et\",\"potentialAction\":[{\"@type\":\"ReadAction\",\"target\":[\"https:\\\/\\\/raksersport.ee\\\/?product=kiiver-compact-black-lazer\"]}]},{\"@type\":\"ImageObject\",\"inLanguage\":\"et\",\"@id\":\"https:\\\/\\\/raksersport.ee\\\/?product=kiiver-compact-black-lazer#primaryimage\",\"url\":\"https:\\\/\\\/raksersport.ee\\\/wp-content\\\/uploads\\\/2021\\\/03\\\/compact-lazer-black.jpg\",\"contentUrl\":\"https:\\\/\\\/raksersport.ee\\\/wp-content\\\/uploads\\\/2021\\\/03\\\/compact-lazer-black.jpg\",\"width\":1200,\"height\":1200,\"caption\":\"Kiiver Compact Black Lazer\"},{\"@type\":\"BreadcrumbList\",\"@id\":\"https:\\\/\\\/raksersport.ee\\\/?product=kiiver-compact-black-lazer#breadcrumb\",\"itemListElement\":[{\"@type\":\"ListItem\",\"position\":1,\"name\":\"Home\",\"item\":\"https:\\\/\\\/raksersport.ee\\\/\"},{\"@type\":\"ListItem\",\"position\":2,\"name\":\"Pood\",\"item\":\"https:\\\/\\\/raksersport.ee\\\/\"},{\"@type\":\"ListItem\",\"position\":3,\"name\":\"Kiiver Compact Black Lazer\"}]},{\"@type\":\"WebSite\",\"@id\":\"https:\\\/\\\/raksersport.ee\\\/#website\",\"url\":\"https:\\\/\\\/raksersport.ee\\\/\",\"name\":\"RakserSport\",\"description\":\"Spordipoed Haapsalus ja Raplas\",\"publisher\":{\"@id\":\"https:\\\/\\\/raksersport.ee\\\/#organization\"},\"potentialAction\":[{\"@type\":\"SearchAction\",\"target\":{\"@type\":\"EntryPoint\",\"urlTemplate\":\"https:\\\/\\\/raksersport.ee\\\/?s={search_term_string}\"},\"query-input\":{\"@type\":\"PropertyValueSpecification\",\"valueRequired\":true,\"valueName\":\"search_term_string\"}}],\"inLanguage\":\"et\"},{\"@type\":\"Organization\",\"@id\":\"https:\\\/\\\/raksersport.ee\\\/#organization\",\"name\":\"Rakser Sport O\u00dc\",\"url\":\"https:\\\/\\\/raksersport.ee\\\/\",\"logo\":{\"@type\":\"ImageObject\",\"inLanguage\":\"et\",\"@id\":\"https:\\\/\\\/raksersport.ee\\\/#\\\/schema\\\/logo\\\/image\\\/\",\"url\":\"https:\\\/\\\/raksersport.ee\\\/wp-content\\\/uploads\\\/2020\\\/03\\\/rakser-logo-BW.jpg\",\"contentUrl\":\"https:\\\/\\\/raksersport.ee\\\/wp-content\\\/uploads\\\/2020\\\/03\\\/rakser-logo-BW.jpg\",\"width\":2020,\"height\":377,\"caption\":\"Rakser Sport O\u00dc\"},\"image\":{\"@id\":\"https:\\\/\\\/raksersport.ee\\\/#\\\/schema\\\/logo\\\/image\\\/\"},\"sameAs\":[\"https:\\\/\\\/www.facebook.com\\\/RakserSport\\\/\"]}]}<\/script>\n<!-- \/ Yoast SEO plugin. -->","yoast_head_json":{"title":"Kiiver Compact Black Lazer","description":"Kiiver Compact Black Lazer BLC2187885000. Esmaklassiline vormis olev konstruktsioon tagab optimaalse kaalu ja kaitse suhte.","robots":{"index":"index","follow":"follow","max-snippet":"max-snippet:-1","max-image-preview":"max-image-preview:large","max-video-preview":"max-video-preview:-1"},"canonical":"https:\/\/raksersport.ee\/?product=kiiver-compact-black-lazer","og_locale":"et_EE","og_type":"article","og_title":"Kiiver Compact Black Lazer","og_description":"Kiiver Compact Black Lazer BLC2187885000. Esmaklassiline vormis olev konstruktsioon tagab optimaalse kaalu ja kaitse suhte.","og_url":"https:\/\/raksersport.ee\/?product=kiiver-compact-black-lazer","og_site_name":"Rakser Sport","article_publisher":"https:\/\/www.facebook.com\/RakserSport\/","article_modified_time":"2023-02-27T10:38:27+00:00","og_image":[{"width":1200,"height":1200,"url":"https:\/\/raksersport.ee\/wp-content\/uploads\/2021\/03\/compact-lazer-black.jpg","type":"image\/jpeg"}],"twitter_card":"summary_large_image","twitter_misc":{"Est. reading time":"1 minut"},"schema":{"@context":"https:\/\/schema.org","@graph":[{"@type":"WebPage","@id":"https:\/\/raksersport.ee\/?product=kiiver-compact-black-lazer","url":"https:\/\/raksersport.ee\/?product=kiiver-compact-black-lazer","name":"Kiiver Compact Black Lazer","isPartOf":{"@id":"https:\/\/raksersport.ee\/#website"},"primaryImageOfPage":{"@id":"https:\/\/raksersport.ee\/?product=kiiver-compact-black-lazer#primaryimage"},"image":{"@id":"https:\/\/raksersport.ee\/?product=kiiver-compact-black-lazer#primaryimage"},"thumbnailUrl":"https:\/\/raksersport.ee\/wp-content\/uploads\/2021\/03\/compact-lazer-black.jpg","datePublished":"2021-03-11T10:18:55+00:00","dateModified":"2023-02-27T10:38:27+00:00","description":"Kiiver Compact Black Lazer BLC2187885000. Esmaklassiline vormis olev konstruktsioon tagab optimaalse kaalu ja kaitse suhte.","breadcrumb":{"@id":"https:\/\/raksersport.ee\/?product=kiiver-compact-black-lazer#breadcrumb"},"inLanguage":"et","potentialAction":[{"@type":"ReadAction","target":["https:\/\/raksersport.ee\/?product=kiiver-compact-black-lazer"]}]},{"@type":"ImageObject","inLanguage":"et","@id":"https:\/\/raksersport.ee\/?product=kiiver-compact-black-lazer#primaryimage","url":"https:\/\/raksersport.ee\/wp-content\/uploads\/2021\/03\/compact-lazer-black.jpg","contentUrl":"https:\/\/raksersport.ee\/wp-content\/uploads\/2021\/03\/compact-lazer-black.jpg","width":1200,"height":1200,"caption":"Kiiver Compact Black Lazer"},{"@type":"BreadcrumbList","@id":"https:\/\/raksersport.ee\/?product=kiiver-compact-black-lazer#breadcrumb","itemListElement":[{"@type":"ListItem","position":1,"name":"Home","item":"https:\/\/raksersport.ee\/"},{"@type":"ListItem","position":2,"name":"Pood","item":"https:\/\/raksersport.ee\/"},{"@type":"ListItem","position":3,"name":"Kiiver Compact Black Lazer"}]},{"@type":"WebSite","@id":"https:\/\/raksersport.ee\/#website","url":"https:\/\/raksersport.ee\/","name":"RakserSport","description":"Spordipoed Haapsalus ja Raplas","publisher":{"@id":"https:\/\/raksersport.ee\/#organization"},"potentialAction":[{"@type":"SearchAction","target":{"@type":"EntryPoint","urlTemplate":"https:\/\/raksersport.ee\/?s={search_term_string}"},"query-input":{"@type":"PropertyValueSpecification","valueRequired":true,"valueName":"search_term_string"}}],"inLanguage":"et"},{"@type":"Organization","@id":"https:\/\/raksersport.ee\/#organization","name":"Rakser Sport O\u00dc","url":"https:\/\/raksersport.ee\/","logo":{"@type":"ImageObject","inLanguage":"et","@id":"https:\/\/raksersport.ee\/#\/schema\/logo\/image\/","url":"https:\/\/raksersport.ee\/wp-content\/uploads\/2020\/03\/rakser-logo-BW.jpg","contentUrl":"https:\/\/raksersport.ee\/wp-content\/uploads\/2020\/03\/rakser-logo-BW.jpg","width":2020,"height":377,"caption":"Rakser Sport O\u00dc"},"image":{"@id":"https:\/\/raksersport.ee\/#\/schema\/logo\/image\/"},"sameAs":["https:\/\/www.facebook.com\/RakserSport\/"]}]}},"jetpack_sharing_enabled":true,"_links":{"self":[{"href":"https:\/\/raksersport.ee\/wp-json\/wp\/v2\/product\/5360","targetHints":{"allow":["GET"]}}],"collection":[{"href":"https:\/\/raksersport.ee\/wp-json\/wp\/v2\/product"}],"about":[{"href":"https:\/\/raksersport.ee\/wp-json\/wp\/v2\/types\/product"}],"replies":[{"embeddable":true,"href":"https:\/\/raksersport.ee\/wp-json\/wp\/v2\/comments?post=5360"}],"wp:featuredmedia":[{"embeddable":true,"href":"https:\/\/raksersport.ee\/wp-json\/wp\/v2\/media\/5361"}],"wp:attachment":[{"href":"https:\/\/raksersport.ee\/wp-json\/wp\/v2\/media?parent=5360"}],"wp:term":[{"taxonomy":"product_brand","embeddable":true,"href":"https:\/\/raksersport.ee\/wp-json\/wp\/v2\/product_brand?post=5360"},{"taxonomy":"product_cat","embeddable":true,"href":"https:\/\/raksersport.ee\/wp-json\/wp\/v2\/product_cat?post=5360"},{"taxonomy":"product_tag","embeddable":true,"href":"https:\/\/raksersport.ee\/wp-json\/wp\/v2\/product_tag?post=5360"}],"curies":[{"name":"wp","href":"https:\/\/api.w.org\/{rel}","templated":true}]}}