{"id":20752,"date":"2026-02-27T08:44:52","date_gmt":"2026-02-27T08:44:52","guid":{"rendered":"https:\/\/raksersport.ee\/?post_type=product&#038;p=20752"},"modified":"2026-03-13T08:54:08","modified_gmt":"2026-03-13T08:54:08","slug":"kiiver-lazer-cityzen-kineticore-matte-cotton-white","status":"publish","type":"product","link":"https:\/\/raksersport.ee\/toode\/kiiver-lazer-cityzen-kineticore-matte-cotton-white\/","title":{"rendered":"Kiiver Lazer CityZen KinetiCore Matte Cotton White"},"content":{"rendered":"<p><span dir=\"auto\">Kui liigute linnat\u00e4navatel kahel rattal, on kaitse esmat\u00e4htis. CityZen KinetiCore pakub kogu kaitset, mida kiivrilt vajate, ja palju muud. See on loodud spetsiaalselt pendeldajatele ning sellel on kahekihiline t\u00e4iesti uus KinetiCore tehnoloogia, mis tagab \u00fclima mugavuse ja parema kerge kaitse. \u00dchilduvus Lazeri Universal LED-iga suurendab n\u00e4htavust seal, kus seda k\u00f5ige rohkem vajate. Mugavus on esmat\u00e4htis \u2013 \u00fcks suur, nutikalt disainitud eesmine \u00f5hutusava suurendab kiivri ventilatsiooni ja TurnSys-s\u00fcsteem tagab h\u00f5lpsasti reguleeritava ja isikup\u00e4rase sobivuse. Saadaval erinevates suurustes, et aidata teil leida endale paremini istuv pendeldamiseks m\u00f5eldud kiiver.<\/span><\/p>\n<h2 class=\"ng-star-inserted\"><span dir=\"auto\">SKU kirjeldus<\/span><\/h2>\n<section class=\"ng-star-inserted\">\n<ul>\n<li><span dir=\"auto\">Tugev ja vastupidav<\/span><\/li>\n<li><span dir=\"auto\">Horisontaalne ja vertikaalne reguleerimine<\/span><\/li>\n<li><span dir=\"auto\">Mitmekesine suuruste valik<\/span><\/li>\n<li><span dir=\"auto\">Kahekihiline KinetiCore tehnoloogia\u00a0<\/span><\/li>\n<li><span dir=\"auto\">LED-valgustitega \u00fchilduv<\/span><\/li>\n<\/ul>\n<p>Suurused:\u00a0 S- 52-56 cm<\/p>\n<p>M- 55-59 cm<\/p>\n<p>L-58-61 cm<\/p>\n<\/section>\n","protected":false},"excerpt":{"rendered":"<p>Kui liigute linnat\u00e4navatel kahel rattal, on kaitse esmat\u00e4htis. CityZen KinetiCore pakub kogu kaitset, mida kiivrilt vajate, ja palju muud. See on loodud spetsiaalselt pendeldajatele ning sellel on kahekihiline t\u00e4iesti uus KinetiCore tehnoloogia, mis tagab \u00fclima mugavuse ja parema kerge kaitse. \u00dchilduvus Lazeri Universal LED-iga suurendab n\u00e4htavust seal, kus seda k\u00f5ige rohkem vajate. Mugavus on esmat\u00e4htis [&hellip;]<\/p>\n","protected":false},"featured_media":20755,"comment_status":"open","ping_status":"closed","template":"","meta":{"_uf_show_specific_survey":0,"_uf_disable_surveys":false},"product_brand":[],"product_cat":[291,307,22,292],"product_tag":[293],"class_list":{"0":"post-20752","1":"product","2":"type-product","3":"status-publish","4":"has-post-thumbnail","6":"product_cat-kiivrid","7":"product_cat-ratta-riided-ja-varustus","8":"product_cat-bicycles","9":"product_cat-taiskasvanud","10":"product_tag-lazer","12":"first","13":"instock","14":"taxable","15":"shipping-taxable","16":"purchasable","17":"product-type-variable"},"yoast_head":"<!-- This site is optimized with the Yoast SEO plugin v27.4 - https:\/\/yoast.com\/product\/yoast-seo-wordpress\/ -->\n<title>Kiiver Lazer CityZen KinetiCore Matte Cotton White - Rakser Sport<\/title>\n<meta name=\"description\" content=\"Kiiver Lazer CityZen KinetiCore Matte Cotton White BLC264789363 Kui liigute linnat\u00e4navatel kahel rattal, on kaitse esmat\u00e4htis.\" \/>\n<meta name=\"robots\" content=\"index, follow, max-snippet:-1, max-image-preview:large, max-video-preview:-1\" \/>\n<link rel=\"canonical\" href=\"https:\/\/raksersport.ee\/?product=kiiver-lazer-cityzen-kineticore-matte-cotton-white\" \/>\n<meta property=\"og:locale\" content=\"et_EE\" \/>\n<meta property=\"og:type\" content=\"article\" \/>\n<meta property=\"og:title\" content=\"Kiiver Lazer CityZen KinetiCore Matte Cotton White - Rakser Sport\" \/>\n<meta property=\"og:description\" content=\"Kiiver Lazer CityZen KinetiCore Matte Cotton White BLC264789363 Kui liigute linnat\u00e4navatel kahel rattal, on kaitse esmat\u00e4htis.\" \/>\n<meta property=\"og:url\" content=\"https:\/\/raksersport.ee\/?product=kiiver-lazer-cityzen-kineticore-matte-cotton-white\" \/>\n<meta property=\"og:site_name\" content=\"Rakser Sport\" \/>\n<meta property=\"article:publisher\" content=\"https:\/\/www.facebook.com\/RakserSport\/\" \/>\n<meta property=\"article:modified_time\" content=\"2026-03-13T08:54:08+00:00\" \/>\n<meta property=\"og:image\" content=\"https:\/\/raksersport.ee\/wp-content\/uploads\/2026\/02\/BLC2647893632_.png\" \/>\n\t<meta property=\"og:image:width\" content=\"572\" \/>\n\t<meta property=\"og:image:height\" content=\"572\" \/>\n\t<meta property=\"og:image:type\" content=\"image\/png\" \/>\n<meta name=\"twitter:card\" content=\"summary_large_image\" \/>\n<meta name=\"twitter:label1\" content=\"Est. reading time\" \/>\n\t<meta name=\"twitter:data1\" content=\"1 minut\" \/>\n<script type=\"application\/ld+json\" class=\"yoast-schema-graph\">{\"@context\":\"https:\\\/\\\/schema.org\",\"@graph\":[{\"@type\":\"WebPage\",\"@id\":\"https:\\\/\\\/raksersport.ee\\\/?product=kiiver-lazer-cityzen-kineticore-matte-cotton-white\",\"url\":\"https:\\\/\\\/raksersport.ee\\\/?product=kiiver-lazer-cityzen-kineticore-matte-cotton-white\",\"name\":\"Kiiver Lazer CityZen KinetiCore Matte Cotton White - Rakser Sport\",\"isPartOf\":{\"@id\":\"https:\\\/\\\/raksersport.ee\\\/#website\"},\"primaryImageOfPage\":{\"@id\":\"https:\\\/\\\/raksersport.ee\\\/?product=kiiver-lazer-cityzen-kineticore-matte-cotton-white#primaryimage\"},\"image\":{\"@id\":\"https:\\\/\\\/raksersport.ee\\\/?product=kiiver-lazer-cityzen-kineticore-matte-cotton-white#primaryimage\"},\"thumbnailUrl\":\"https:\\\/\\\/raksersport.ee\\\/wp-content\\\/uploads\\\/2026\\\/02\\\/BLC2647893632_.png\",\"datePublished\":\"2026-02-27T08:44:52+00:00\",\"dateModified\":\"2026-03-13T08:54:08+00:00\",\"description\":\"Kiiver Lazer CityZen KinetiCore Matte Cotton White BLC264789363 Kui liigute linnat\u00e4navatel kahel rattal, on kaitse esmat\u00e4htis.\",\"breadcrumb\":{\"@id\":\"https:\\\/\\\/raksersport.ee\\\/?product=kiiver-lazer-cityzen-kineticore-matte-cotton-white#breadcrumb\"},\"inLanguage\":\"et\",\"potentialAction\":[{\"@type\":\"ReadAction\",\"target\":[\"https:\\\/\\\/raksersport.ee\\\/?product=kiiver-lazer-cityzen-kineticore-matte-cotton-white\"]}]},{\"@type\":\"ImageObject\",\"inLanguage\":\"et\",\"@id\":\"https:\\\/\\\/raksersport.ee\\\/?product=kiiver-lazer-cityzen-kineticore-matte-cotton-white#primaryimage\",\"url\":\"https:\\\/\\\/raksersport.ee\\\/wp-content\\\/uploads\\\/2026\\\/02\\\/BLC2647893632_.png\",\"contentUrl\":\"https:\\\/\\\/raksersport.ee\\\/wp-content\\\/uploads\\\/2026\\\/02\\\/BLC2647893632_.png\",\"width\":572,\"height\":572},{\"@type\":\"BreadcrumbList\",\"@id\":\"https:\\\/\\\/raksersport.ee\\\/?product=kiiver-lazer-cityzen-kineticore-matte-cotton-white#breadcrumb\",\"itemListElement\":[{\"@type\":\"ListItem\",\"position\":1,\"name\":\"Home\",\"item\":\"https:\\\/\\\/raksersport.ee\\\/\"},{\"@type\":\"ListItem\",\"position\":2,\"name\":\"Pood\",\"item\":\"https:\\\/\\\/raksersport.ee\\\/\"},{\"@type\":\"ListItem\",\"position\":3,\"name\":\"Kiiver Lazer CityZen KinetiCore Matte Cotton White\"}]},{\"@type\":\"WebSite\",\"@id\":\"https:\\\/\\\/raksersport.ee\\\/#website\",\"url\":\"https:\\\/\\\/raksersport.ee\\\/\",\"name\":\"RakserSport\",\"description\":\"Spordipoed Haapsalus ja Raplas\",\"publisher\":{\"@id\":\"https:\\\/\\\/raksersport.ee\\\/#organization\"},\"potentialAction\":[{\"@type\":\"SearchAction\",\"target\":{\"@type\":\"EntryPoint\",\"urlTemplate\":\"https:\\\/\\\/raksersport.ee\\\/?s={search_term_string}\"},\"query-input\":{\"@type\":\"PropertyValueSpecification\",\"valueRequired\":true,\"valueName\":\"search_term_string\"}}],\"inLanguage\":\"et\"},{\"@type\":\"Organization\",\"@id\":\"https:\\\/\\\/raksersport.ee\\\/#organization\",\"name\":\"Rakser Sport O\u00dc\",\"url\":\"https:\\\/\\\/raksersport.ee\\\/\",\"logo\":{\"@type\":\"ImageObject\",\"inLanguage\":\"et\",\"@id\":\"https:\\\/\\\/raksersport.ee\\\/#\\\/schema\\\/logo\\\/image\\\/\",\"url\":\"https:\\\/\\\/raksersport.ee\\\/wp-content\\\/uploads\\\/2020\\\/03\\\/rakser-logo-BW.jpg\",\"contentUrl\":\"https:\\\/\\\/raksersport.ee\\\/wp-content\\\/uploads\\\/2020\\\/03\\\/rakser-logo-BW.jpg\",\"width\":2020,\"height\":377,\"caption\":\"Rakser Sport O\u00dc\"},\"image\":{\"@id\":\"https:\\\/\\\/raksersport.ee\\\/#\\\/schema\\\/logo\\\/image\\\/\"},\"sameAs\":[\"https:\\\/\\\/www.facebook.com\\\/RakserSport\\\/\"]}]}<\/script>\n<!-- \/ Yoast SEO plugin. -->","yoast_head_json":{"title":"Kiiver Lazer CityZen KinetiCore Matte Cotton White - Rakser Sport","description":"Kiiver Lazer CityZen KinetiCore Matte Cotton White BLC264789363 Kui liigute linnat\u00e4navatel kahel rattal, on kaitse esmat\u00e4htis.","robots":{"index":"index","follow":"follow","max-snippet":"max-snippet:-1","max-image-preview":"max-image-preview:large","max-video-preview":"max-video-preview:-1"},"canonical":"https:\/\/raksersport.ee\/?product=kiiver-lazer-cityzen-kineticore-matte-cotton-white","og_locale":"et_EE","og_type":"article","og_title":"Kiiver Lazer CityZen KinetiCore Matte Cotton White - Rakser Sport","og_description":"Kiiver Lazer CityZen KinetiCore Matte Cotton White BLC264789363 Kui liigute linnat\u00e4navatel kahel rattal, on kaitse esmat\u00e4htis.","og_url":"https:\/\/raksersport.ee\/?product=kiiver-lazer-cityzen-kineticore-matte-cotton-white","og_site_name":"Rakser Sport","article_publisher":"https:\/\/www.facebook.com\/RakserSport\/","article_modified_time":"2026-03-13T08:54:08+00:00","og_image":[{"width":572,"height":572,"url":"https:\/\/raksersport.ee\/wp-content\/uploads\/2026\/02\/BLC2647893632_.png","type":"image\/png"}],"twitter_card":"summary_large_image","twitter_misc":{"Est. reading time":"1 minut"},"schema":{"@context":"https:\/\/schema.org","@graph":[{"@type":"WebPage","@id":"https:\/\/raksersport.ee\/?product=kiiver-lazer-cityzen-kineticore-matte-cotton-white","url":"https:\/\/raksersport.ee\/?product=kiiver-lazer-cityzen-kineticore-matte-cotton-white","name":"Kiiver Lazer CityZen KinetiCore Matte Cotton White - Rakser Sport","isPartOf":{"@id":"https:\/\/raksersport.ee\/#website"},"primaryImageOfPage":{"@id":"https:\/\/raksersport.ee\/?product=kiiver-lazer-cityzen-kineticore-matte-cotton-white#primaryimage"},"image":{"@id":"https:\/\/raksersport.ee\/?product=kiiver-lazer-cityzen-kineticore-matte-cotton-white#primaryimage"},"thumbnailUrl":"https:\/\/raksersport.ee\/wp-content\/uploads\/2026\/02\/BLC2647893632_.png","datePublished":"2026-02-27T08:44:52+00:00","dateModified":"2026-03-13T08:54:08+00:00","description":"Kiiver Lazer CityZen KinetiCore Matte Cotton White BLC264789363 Kui liigute linnat\u00e4navatel kahel rattal, on kaitse esmat\u00e4htis.","breadcrumb":{"@id":"https:\/\/raksersport.ee\/?product=kiiver-lazer-cityzen-kineticore-matte-cotton-white#breadcrumb"},"inLanguage":"et","potentialAction":[{"@type":"ReadAction","target":["https:\/\/raksersport.ee\/?product=kiiver-lazer-cityzen-kineticore-matte-cotton-white"]}]},{"@type":"ImageObject","inLanguage":"et","@id":"https:\/\/raksersport.ee\/?product=kiiver-lazer-cityzen-kineticore-matte-cotton-white#primaryimage","url":"https:\/\/raksersport.ee\/wp-content\/uploads\/2026\/02\/BLC2647893632_.png","contentUrl":"https:\/\/raksersport.ee\/wp-content\/uploads\/2026\/02\/BLC2647893632_.png","width":572,"height":572},{"@type":"BreadcrumbList","@id":"https:\/\/raksersport.ee\/?product=kiiver-lazer-cityzen-kineticore-matte-cotton-white#breadcrumb","itemListElement":[{"@type":"ListItem","position":1,"name":"Home","item":"https:\/\/raksersport.ee\/"},{"@type":"ListItem","position":2,"name":"Pood","item":"https:\/\/raksersport.ee\/"},{"@type":"ListItem","position":3,"name":"Kiiver Lazer CityZen KinetiCore Matte Cotton White"}]},{"@type":"WebSite","@id":"https:\/\/raksersport.ee\/#website","url":"https:\/\/raksersport.ee\/","name":"RakserSport","description":"Spordipoed Haapsalus ja Raplas","publisher":{"@id":"https:\/\/raksersport.ee\/#organization"},"potentialAction":[{"@type":"SearchAction","target":{"@type":"EntryPoint","urlTemplate":"https:\/\/raksersport.ee\/?s={search_term_string}"},"query-input":{"@type":"PropertyValueSpecification","valueRequired":true,"valueName":"search_term_string"}}],"inLanguage":"et"},{"@type":"Organization","@id":"https:\/\/raksersport.ee\/#organization","name":"Rakser Sport O\u00dc","url":"https:\/\/raksersport.ee\/","logo":{"@type":"ImageObject","inLanguage":"et","@id":"https:\/\/raksersport.ee\/#\/schema\/logo\/image\/","url":"https:\/\/raksersport.ee\/wp-content\/uploads\/2020\/03\/rakser-logo-BW.jpg","contentUrl":"https:\/\/raksersport.ee\/wp-content\/uploads\/2020\/03\/rakser-logo-BW.jpg","width":2020,"height":377,"caption":"Rakser Sport O\u00dc"},"image":{"@id":"https:\/\/raksersport.ee\/#\/schema\/logo\/image\/"},"sameAs":["https:\/\/www.facebook.com\/RakserSport\/"]}]}},"jetpack_sharing_enabled":true,"_links":{"self":[{"href":"https:\/\/raksersport.ee\/wp-json\/wp\/v2\/product\/20752","targetHints":{"allow":["GET"]}}],"collection":[{"href":"https:\/\/raksersport.ee\/wp-json\/wp\/v2\/product"}],"about":[{"href":"https:\/\/raksersport.ee\/wp-json\/wp\/v2\/types\/product"}],"replies":[{"embeddable":true,"href":"https:\/\/raksersport.ee\/wp-json\/wp\/v2\/comments?post=20752"}],"wp:featuredmedia":[{"embeddable":true,"href":"https:\/\/raksersport.ee\/wp-json\/wp\/v2\/media\/20755"}],"wp:attachment":[{"href":"https:\/\/raksersport.ee\/wp-json\/wp\/v2\/media?parent=20752"}],"wp:term":[{"taxonomy":"product_brand","embeddable":true,"href":"https:\/\/raksersport.ee\/wp-json\/wp\/v2\/product_brand?post=20752"},{"taxonomy":"product_cat","embeddable":true,"href":"https:\/\/raksersport.ee\/wp-json\/wp\/v2\/product_cat?post=20752"},{"taxonomy":"product_tag","embeddable":true,"href":"https:\/\/raksersport.ee\/wp-json\/wp\/v2\/product_tag?post=20752"}],"curies":[{"name":"wp","href":"https:\/\/api.w.org\/{rel}","templated":true}]}}