{"id":20732,"date":"2026-02-25T15:19:13","date_gmt":"2026-02-25T15:19:13","guid":{"rendered":"https:\/\/raksersport.ee\/?post_type=product&#038;p=20732"},"modified":"2026-02-25T15:19:13","modified_gmt":"2026-02-25T15:19:13","slug":"kaepide-oxford-ergo-dual-density-for-single-shift","status":"publish","type":"product","link":"https:\/\/raksersport.ee\/toode\/kaepide-oxford-ergo-dual-density-for-single-shift\/","title":{"rendered":"K\u00e4epide OXFORD Ergo Dual Density for Single Shift"},"content":{"rendered":"<p>Need kahe tihedusega ergo lenkstangi k\u00e4epidemed \u00fchilduvad \u00fche k\u00e4epidemega k\u00e4iguvahetajatega ja neil on ergonoomiline labade disain, mis pakub maksimaalset mugavust.<\/p>\n<p>Peamised omadused:<\/p>\n<ul>\n<li>Ergonoomiline labade disain<\/li>\n<li>\u00dche k\u00e4epidemega k\u00e4iguvahetuseks<\/li>\n<li>Pikkus 131 mm ja 91 mm<\/li>\n<li>Sobib 22,2 mm lenkstangi jaoks<\/li>\n<li>Lenkstangi otsakorgid on kaasas<\/li>\n<\/ul>\n","protected":false},"excerpt":{"rendered":"<p>Need kahe tihedusega ergo lenkstangi k\u00e4epidemed \u00fchilduvad \u00fche k\u00e4epidemega k\u00e4iguvahetajatega ja neil on ergonoomiline labade disain, mis pakub maksimaalset mugavust. Peamised omadused: Ergonoomiline labade disain \u00dche k\u00e4epidemega k\u00e4iguvahetuseks Pikkus 131 mm ja 91 mm Sobib 22,2 mm lenkstangi jaoks Lenkstangi otsakorgid on kaasas<\/p>\n","protected":false},"featured_media":20733,"comment_status":"open","ping_status":"closed","template":"","meta":{"_uf_show_specific_survey":0,"_uf_disable_surveys":false},"product_brand":[],"product_cat":[408,86,22],"product_tag":[314],"class_list":{"0":"post-20732","1":"product","2":"type-product","3":"status-publish","4":"has-post-thumbnail","6":"product_cat-kaepidemed","7":"product_cat-lisavarustus","8":"product_cat-bicycles","9":"product_tag-oxc","11":"first","12":"instock","13":"taxable","14":"shipping-taxable","15":"purchasable","16":"product-type-simple"},"yoast_head":"<!-- This site is optimized with the Yoast SEO plugin v27.4 - https:\/\/yoast.com\/product\/yoast-seo-wordpress\/ -->\n<title>K\u00e4epide OXFORD Ergo Dual Density for Single Shift - Rakser Sport<\/title>\n<meta name=\"description\" content=\"K\u00e4epide OXFORD Ergo Dual Density for Single Shift OXFORDHG574 Need kahe tihedusega ergo lenkstangi k\u00e4epidemed \u00fchilduvad \u00fche k\u00e4epidemega k\u00e4iguvahetajatega.\" \/>\n<meta name=\"robots\" content=\"index, follow, max-snippet:-1, max-image-preview:large, max-video-preview:-1\" \/>\n<link rel=\"canonical\" href=\"https:\/\/raksersport.ee\/?product=kaepide-oxford-ergo-dual-density-for-single-shift\" \/>\n<meta property=\"og:locale\" content=\"et_EE\" \/>\n<meta property=\"og:type\" content=\"article\" \/>\n<meta property=\"og:title\" content=\"K\u00e4epide OXFORD Ergo Dual Density for Single Shift - Rakser Sport\" \/>\n<meta property=\"og:description\" content=\"K\u00e4epide OXFORD Ergo Dual Density for Single Shift OXFORDHG574 Need kahe tihedusega ergo lenkstangi k\u00e4epidemed \u00fchilduvad \u00fche k\u00e4epidemega k\u00e4iguvahetajatega.\" \/>\n<meta property=\"og:url\" content=\"https:\/\/raksersport.ee\/?product=kaepide-oxford-ergo-dual-density-for-single-shift\" \/>\n<meta property=\"og:site_name\" content=\"Rakser Sport\" \/>\n<meta property=\"article:publisher\" content=\"https:\/\/www.facebook.com\/RakserSport\/\" \/>\n<meta property=\"og:image\" content=\"https:\/\/raksersport.ee\/wp-content\/uploads\/2026\/02\/OXFORDHG574.png\" \/>\n\t<meta property=\"og:image:width\" content=\"572\" \/>\n\t<meta property=\"og:image:height\" content=\"572\" \/>\n\t<meta property=\"og:image:type\" content=\"image\/png\" \/>\n<meta name=\"twitter:card\" content=\"summary_large_image\" \/>\n<meta name=\"twitter:label1\" content=\"Est. reading time\" \/>\n\t<meta name=\"twitter:data1\" content=\"1 minut\" \/>\n<script type=\"application\/ld+json\" class=\"yoast-schema-graph\">{\"@context\":\"https:\\\/\\\/schema.org\",\"@graph\":[{\"@type\":\"WebPage\",\"@id\":\"https:\\\/\\\/raksersport.ee\\\/?product=kaepide-oxford-ergo-dual-density-for-single-shift\",\"url\":\"https:\\\/\\\/raksersport.ee\\\/?product=kaepide-oxford-ergo-dual-density-for-single-shift\",\"name\":\"K\u00e4epide OXFORD Ergo Dual Density for Single Shift - Rakser Sport\",\"isPartOf\":{\"@id\":\"https:\\\/\\\/raksersport.ee\\\/#website\"},\"primaryImageOfPage\":{\"@id\":\"https:\\\/\\\/raksersport.ee\\\/?product=kaepide-oxford-ergo-dual-density-for-single-shift#primaryimage\"},\"image\":{\"@id\":\"https:\\\/\\\/raksersport.ee\\\/?product=kaepide-oxford-ergo-dual-density-for-single-shift#primaryimage\"},\"thumbnailUrl\":\"https:\\\/\\\/raksersport.ee\\\/wp-content\\\/uploads\\\/2026\\\/02\\\/OXFORDHG574.png\",\"datePublished\":\"2026-02-25T15:19:13+00:00\",\"description\":\"K\u00e4epide OXFORD Ergo Dual Density for Single Shift OXFORDHG574 Need kahe tihedusega ergo lenkstangi k\u00e4epidemed \u00fchilduvad \u00fche k\u00e4epidemega k\u00e4iguvahetajatega.\",\"breadcrumb\":{\"@id\":\"https:\\\/\\\/raksersport.ee\\\/?product=kaepide-oxford-ergo-dual-density-for-single-shift#breadcrumb\"},\"inLanguage\":\"et\",\"potentialAction\":[{\"@type\":\"ReadAction\",\"target\":[\"https:\\\/\\\/raksersport.ee\\\/?product=kaepide-oxford-ergo-dual-density-for-single-shift\"]}]},{\"@type\":\"ImageObject\",\"inLanguage\":\"et\",\"@id\":\"https:\\\/\\\/raksersport.ee\\\/?product=kaepide-oxford-ergo-dual-density-for-single-shift#primaryimage\",\"url\":\"https:\\\/\\\/raksersport.ee\\\/wp-content\\\/uploads\\\/2026\\\/02\\\/OXFORDHG574.png\",\"contentUrl\":\"https:\\\/\\\/raksersport.ee\\\/wp-content\\\/uploads\\\/2026\\\/02\\\/OXFORDHG574.png\",\"width\":572,\"height\":572},{\"@type\":\"BreadcrumbList\",\"@id\":\"https:\\\/\\\/raksersport.ee\\\/?product=kaepide-oxford-ergo-dual-density-for-single-shift#breadcrumb\",\"itemListElement\":[{\"@type\":\"ListItem\",\"position\":1,\"name\":\"Home\",\"item\":\"https:\\\/\\\/raksersport.ee\\\/\"},{\"@type\":\"ListItem\",\"position\":2,\"name\":\"Pood\",\"item\":\"https:\\\/\\\/raksersport.ee\\\/\"},{\"@type\":\"ListItem\",\"position\":3,\"name\":\"K\u00e4epide OXFORD Ergo Dual Density for Single Shift\"}]},{\"@type\":\"WebSite\",\"@id\":\"https:\\\/\\\/raksersport.ee\\\/#website\",\"url\":\"https:\\\/\\\/raksersport.ee\\\/\",\"name\":\"RakserSport\",\"description\":\"Spordipoed Haapsalus ja Raplas\",\"publisher\":{\"@id\":\"https:\\\/\\\/raksersport.ee\\\/#organization\"},\"potentialAction\":[{\"@type\":\"SearchAction\",\"target\":{\"@type\":\"EntryPoint\",\"urlTemplate\":\"https:\\\/\\\/raksersport.ee\\\/?s={search_term_string}\"},\"query-input\":{\"@type\":\"PropertyValueSpecification\",\"valueRequired\":true,\"valueName\":\"search_term_string\"}}],\"inLanguage\":\"et\"},{\"@type\":\"Organization\",\"@id\":\"https:\\\/\\\/raksersport.ee\\\/#organization\",\"name\":\"Rakser Sport O\u00dc\",\"url\":\"https:\\\/\\\/raksersport.ee\\\/\",\"logo\":{\"@type\":\"ImageObject\",\"inLanguage\":\"et\",\"@id\":\"https:\\\/\\\/raksersport.ee\\\/#\\\/schema\\\/logo\\\/image\\\/\",\"url\":\"https:\\\/\\\/raksersport.ee\\\/wp-content\\\/uploads\\\/2020\\\/03\\\/rakser-logo-BW.jpg\",\"contentUrl\":\"https:\\\/\\\/raksersport.ee\\\/wp-content\\\/uploads\\\/2020\\\/03\\\/rakser-logo-BW.jpg\",\"width\":2020,\"height\":377,\"caption\":\"Rakser Sport O\u00dc\"},\"image\":{\"@id\":\"https:\\\/\\\/raksersport.ee\\\/#\\\/schema\\\/logo\\\/image\\\/\"},\"sameAs\":[\"https:\\\/\\\/www.facebook.com\\\/RakserSport\\\/\"]}]}<\/script>\n<!-- \/ Yoast SEO plugin. -->","yoast_head_json":{"title":"K\u00e4epide OXFORD Ergo Dual Density for Single Shift - Rakser Sport","description":"K\u00e4epide OXFORD Ergo Dual Density for Single Shift OXFORDHG574 Need kahe tihedusega ergo lenkstangi k\u00e4epidemed \u00fchilduvad \u00fche k\u00e4epidemega k\u00e4iguvahetajatega.","robots":{"index":"index","follow":"follow","max-snippet":"max-snippet:-1","max-image-preview":"max-image-preview:large","max-video-preview":"max-video-preview:-1"},"canonical":"https:\/\/raksersport.ee\/?product=kaepide-oxford-ergo-dual-density-for-single-shift","og_locale":"et_EE","og_type":"article","og_title":"K\u00e4epide OXFORD Ergo Dual Density for Single Shift - Rakser Sport","og_description":"K\u00e4epide OXFORD Ergo Dual Density for Single Shift OXFORDHG574 Need kahe tihedusega ergo lenkstangi k\u00e4epidemed \u00fchilduvad \u00fche k\u00e4epidemega k\u00e4iguvahetajatega.","og_url":"https:\/\/raksersport.ee\/?product=kaepide-oxford-ergo-dual-density-for-single-shift","og_site_name":"Rakser Sport","article_publisher":"https:\/\/www.facebook.com\/RakserSport\/","og_image":[{"width":572,"height":572,"url":"https:\/\/raksersport.ee\/wp-content\/uploads\/2026\/02\/OXFORDHG574.png","type":"image\/png"}],"twitter_card":"summary_large_image","twitter_misc":{"Est. reading time":"1 minut"},"schema":{"@context":"https:\/\/schema.org","@graph":[{"@type":"WebPage","@id":"https:\/\/raksersport.ee\/?product=kaepide-oxford-ergo-dual-density-for-single-shift","url":"https:\/\/raksersport.ee\/?product=kaepide-oxford-ergo-dual-density-for-single-shift","name":"K\u00e4epide OXFORD Ergo Dual Density for Single Shift - Rakser Sport","isPartOf":{"@id":"https:\/\/raksersport.ee\/#website"},"primaryImageOfPage":{"@id":"https:\/\/raksersport.ee\/?product=kaepide-oxford-ergo-dual-density-for-single-shift#primaryimage"},"image":{"@id":"https:\/\/raksersport.ee\/?product=kaepide-oxford-ergo-dual-density-for-single-shift#primaryimage"},"thumbnailUrl":"https:\/\/raksersport.ee\/wp-content\/uploads\/2026\/02\/OXFORDHG574.png","datePublished":"2026-02-25T15:19:13+00:00","description":"K\u00e4epide OXFORD Ergo Dual Density for Single Shift OXFORDHG574 Need kahe tihedusega ergo lenkstangi k\u00e4epidemed \u00fchilduvad \u00fche k\u00e4epidemega k\u00e4iguvahetajatega.","breadcrumb":{"@id":"https:\/\/raksersport.ee\/?product=kaepide-oxford-ergo-dual-density-for-single-shift#breadcrumb"},"inLanguage":"et","potentialAction":[{"@type":"ReadAction","target":["https:\/\/raksersport.ee\/?product=kaepide-oxford-ergo-dual-density-for-single-shift"]}]},{"@type":"ImageObject","inLanguage":"et","@id":"https:\/\/raksersport.ee\/?product=kaepide-oxford-ergo-dual-density-for-single-shift#primaryimage","url":"https:\/\/raksersport.ee\/wp-content\/uploads\/2026\/02\/OXFORDHG574.png","contentUrl":"https:\/\/raksersport.ee\/wp-content\/uploads\/2026\/02\/OXFORDHG574.png","width":572,"height":572},{"@type":"BreadcrumbList","@id":"https:\/\/raksersport.ee\/?product=kaepide-oxford-ergo-dual-density-for-single-shift#breadcrumb","itemListElement":[{"@type":"ListItem","position":1,"name":"Home","item":"https:\/\/raksersport.ee\/"},{"@type":"ListItem","position":2,"name":"Pood","item":"https:\/\/raksersport.ee\/"},{"@type":"ListItem","position":3,"name":"K\u00e4epide OXFORD Ergo Dual Density for Single Shift"}]},{"@type":"WebSite","@id":"https:\/\/raksersport.ee\/#website","url":"https:\/\/raksersport.ee\/","name":"RakserSport","description":"Spordipoed Haapsalus ja Raplas","publisher":{"@id":"https:\/\/raksersport.ee\/#organization"},"potentialAction":[{"@type":"SearchAction","target":{"@type":"EntryPoint","urlTemplate":"https:\/\/raksersport.ee\/?s={search_term_string}"},"query-input":{"@type":"PropertyValueSpecification","valueRequired":true,"valueName":"search_term_string"}}],"inLanguage":"et"},{"@type":"Organization","@id":"https:\/\/raksersport.ee\/#organization","name":"Rakser Sport O\u00dc","url":"https:\/\/raksersport.ee\/","logo":{"@type":"ImageObject","inLanguage":"et","@id":"https:\/\/raksersport.ee\/#\/schema\/logo\/image\/","url":"https:\/\/raksersport.ee\/wp-content\/uploads\/2020\/03\/rakser-logo-BW.jpg","contentUrl":"https:\/\/raksersport.ee\/wp-content\/uploads\/2020\/03\/rakser-logo-BW.jpg","width":2020,"height":377,"caption":"Rakser Sport O\u00dc"},"image":{"@id":"https:\/\/raksersport.ee\/#\/schema\/logo\/image\/"},"sameAs":["https:\/\/www.facebook.com\/RakserSport\/"]}]}},"jetpack_sharing_enabled":true,"_links":{"self":[{"href":"https:\/\/raksersport.ee\/wp-json\/wp\/v2\/product\/20732","targetHints":{"allow":["GET"]}}],"collection":[{"href":"https:\/\/raksersport.ee\/wp-json\/wp\/v2\/product"}],"about":[{"href":"https:\/\/raksersport.ee\/wp-json\/wp\/v2\/types\/product"}],"replies":[{"embeddable":true,"href":"https:\/\/raksersport.ee\/wp-json\/wp\/v2\/comments?post=20732"}],"wp:featuredmedia":[{"embeddable":true,"href":"https:\/\/raksersport.ee\/wp-json\/wp\/v2\/media\/20733"}],"wp:attachment":[{"href":"https:\/\/raksersport.ee\/wp-json\/wp\/v2\/media?parent=20732"}],"wp:term":[{"taxonomy":"product_brand","embeddable":true,"href":"https:\/\/raksersport.ee\/wp-json\/wp\/v2\/product_brand?post=20732"},{"taxonomy":"product_cat","embeddable":true,"href":"https:\/\/raksersport.ee\/wp-json\/wp\/v2\/product_cat?post=20732"},{"taxonomy":"product_tag","embeddable":true,"href":"https:\/\/raksersport.ee\/wp-json\/wp\/v2\/product_tag?post=20732"}],"curies":[{"name":"wp","href":"https:\/\/api.w.org\/{rel}","templated":true}]}}