{"id":20720,"date":"2026-02-20T15:11:02","date_gmt":"2026-02-20T15:11:02","guid":{"rendered":"https:\/\/raksersport.ee\/?post_type=product&#038;p=20720"},"modified":"2026-02-20T15:11:02","modified_gmt":"2026-02-20T15:11:02","slug":"kiiver-lazer-lupo-kineticore-matte-autumn","status":"publish","type":"product","link":"https:\/\/raksersport.ee\/toode\/kiiver-lazer-lupo-kineticore-matte-autumn\/","title":{"rendered":"Kiiver Lazer Lupo KinetiCore Matte Autumn"},"content":{"rendered":"<p><span dir=\"auto\">Lupo KinetiCore on loodud t\u00f5eliseks maastikus\u00f5iduks, pakkudes samal ajal mugavust ja stiili. Sellel on suurep\u00e4rane integreeritud fikseeritud visiir, h\u00e4sti paigaldatud kulmuventilatsiooniavad parema ventilatsiooni tagamiseks, s\u00fcgav kate k\u00fclgedel tugevama kaitse tagamiseks ja Lazer TurnSys s\u00fcsteem, mis v\u00f5imaldab h\u00f5lpsalt sobivust liikvel olles. Olenemata sellest, kas s\u00f5idate kiirel ja tehnilisel rajal v\u00f5i naudite rahulikku s\u00f5itu s\u00f5pradega, tagab see kiiver ideaalse sobivuse k\u00f5igil teie s\u00f5iduseiklustel.<\/span><\/p>\n<h2 class=\"ng-star-inserted\"><span dir=\"auto\">SKU kirjeldus<\/span><\/h2>\n<section class=\"ng-star-inserted\">\n<ul>\n<li><span dir=\"auto\">Lihtne reguleerimine<\/span><\/li>\n<li><span dir=\"auto\">Garanteeritud sobivus<\/span><\/li>\n<li><span dir=\"auto\">Prillis\u00f5bralik<\/span><\/li>\n<li><span dir=\"auto\">LED-tulede \u00fchilduvus<\/span><\/li>\n<li><span dir=\"auto\">Vaevavabad rihmad<\/span><\/li>\n<li><span dir=\"auto\">Talvekomplekti \u00fchilduvus<\/span><\/li>\n<li>Kiivri suurus cm: 54-61<\/li>\n<\/ul>\n<\/section>\n","protected":false},"excerpt":{"rendered":"<p>Lupo KinetiCore on loodud t\u00f5eliseks maastikus\u00f5iduks, pakkudes samal ajal mugavust ja stiili. Sellel on suurep\u00e4rane integreeritud fikseeritud visiir, h\u00e4sti paigaldatud kulmuventilatsiooniavad parema ventilatsiooni tagamiseks, s\u00fcgav kate k\u00fclgedel tugevama kaitse tagamiseks ja Lazer TurnSys s\u00fcsteem, mis v\u00f5imaldab h\u00f5lpsalt sobivust liikvel olles. Olenemata sellest, kas s\u00f5idate kiirel ja tehnilisel rajal v\u00f5i naudite rahulikku s\u00f5itu s\u00f5pradega, tagab see [&hellip;]<\/p>\n","protected":false},"featured_media":20721,"comment_status":"open","ping_status":"closed","template":"","meta":{"_uf_show_specific_survey":0,"_uf_disable_surveys":false},"product_brand":[],"product_cat":[291,307,22,292],"product_tag":[293],"class_list":{"0":"post-20720","1":"product","2":"type-product","3":"status-publish","4":"has-post-thumbnail","6":"product_cat-kiivrid","7":"product_cat-ratta-riided-ja-varustus","8":"product_cat-bicycles","9":"product_cat-taiskasvanud","10":"product_tag-lazer","12":"first","13":"instock","14":"taxable","15":"shipping-taxable","16":"purchasable","17":"product-type-simple"},"yoast_head":"<!-- This site is optimized with the Yoast SEO plugin v27.4 - https:\/\/yoast.com\/product\/yoast-seo-wordpress\/ -->\n<title>Kiiver Lazer Lupo KinetiCore Matte Autumn - Rakser Sport<\/title>\n<meta name=\"description\" content=\"Kiiver Lazer Lupo KinetiCore Matte Autumn BLC2547892883 Lupo KinetiCore on loodud t\u00f5eliseks maastikus\u00f5iduks, pakkudes samal ajal mugavust ja stiili.\" \/>\n<meta name=\"robots\" content=\"index, follow, max-snippet:-1, max-image-preview:large, max-video-preview:-1\" \/>\n<link rel=\"canonical\" href=\"https:\/\/raksersport.ee\/?product=kiiver-lazer-lupo-kineticore-matte-autumn\" \/>\n<meta property=\"og:locale\" content=\"et_EE\" \/>\n<meta property=\"og:type\" content=\"article\" \/>\n<meta property=\"og:title\" content=\"Kiiver Lazer Lupo KinetiCore Matte Autumn - Rakser Sport\" \/>\n<meta property=\"og:description\" content=\"Kiiver Lazer Lupo KinetiCore Matte Autumn BLC2547892883 Lupo KinetiCore on loodud t\u00f5eliseks maastikus\u00f5iduks, pakkudes samal ajal mugavust ja stiili.\" \/>\n<meta property=\"og:url\" content=\"https:\/\/raksersport.ee\/?product=kiiver-lazer-lupo-kineticore-matte-autumn\" \/>\n<meta property=\"og:site_name\" content=\"Rakser Sport\" \/>\n<meta property=\"article:publisher\" content=\"https:\/\/www.facebook.com\/RakserSport\/\" \/>\n<meta property=\"og:image\" content=\"https:\/\/raksersport.ee\/wp-content\/uploads\/2026\/02\/BLC2547892883_.png\" \/>\n\t<meta property=\"og:image:width\" content=\"572\" \/>\n\t<meta property=\"og:image:height\" content=\"572\" \/>\n\t<meta property=\"og:image:type\" content=\"image\/png\" \/>\n<meta name=\"twitter:card\" content=\"summary_large_image\" \/>\n<meta name=\"twitter:label1\" content=\"Est. reading time\" \/>\n\t<meta name=\"twitter:data1\" content=\"1 minut\" \/>\n<script type=\"application\/ld+json\" class=\"yoast-schema-graph\">{\"@context\":\"https:\\\/\\\/schema.org\",\"@graph\":[{\"@type\":\"WebPage\",\"@id\":\"https:\\\/\\\/raksersport.ee\\\/?product=kiiver-lazer-lupo-kineticore-matte-autumn\",\"url\":\"https:\\\/\\\/raksersport.ee\\\/?product=kiiver-lazer-lupo-kineticore-matte-autumn\",\"name\":\"Kiiver Lazer Lupo KinetiCore Matte Autumn - Rakser Sport\",\"isPartOf\":{\"@id\":\"https:\\\/\\\/raksersport.ee\\\/#website\"},\"primaryImageOfPage\":{\"@id\":\"https:\\\/\\\/raksersport.ee\\\/?product=kiiver-lazer-lupo-kineticore-matte-autumn#primaryimage\"},\"image\":{\"@id\":\"https:\\\/\\\/raksersport.ee\\\/?product=kiiver-lazer-lupo-kineticore-matte-autumn#primaryimage\"},\"thumbnailUrl\":\"https:\\\/\\\/raksersport.ee\\\/wp-content\\\/uploads\\\/2026\\\/02\\\/BLC2547892883_.png\",\"datePublished\":\"2026-02-20T15:11:02+00:00\",\"description\":\"Kiiver Lazer Lupo KinetiCore Matte Autumn BLC2547892883 Lupo KinetiCore on loodud t\u00f5eliseks maastikus\u00f5iduks, pakkudes samal ajal mugavust ja stiili.\",\"breadcrumb\":{\"@id\":\"https:\\\/\\\/raksersport.ee\\\/?product=kiiver-lazer-lupo-kineticore-matte-autumn#breadcrumb\"},\"inLanguage\":\"et\",\"potentialAction\":[{\"@type\":\"ReadAction\",\"target\":[\"https:\\\/\\\/raksersport.ee\\\/?product=kiiver-lazer-lupo-kineticore-matte-autumn\"]}]},{\"@type\":\"ImageObject\",\"inLanguage\":\"et\",\"@id\":\"https:\\\/\\\/raksersport.ee\\\/?product=kiiver-lazer-lupo-kineticore-matte-autumn#primaryimage\",\"url\":\"https:\\\/\\\/raksersport.ee\\\/wp-content\\\/uploads\\\/2026\\\/02\\\/BLC2547892883_.png\",\"contentUrl\":\"https:\\\/\\\/raksersport.ee\\\/wp-content\\\/uploads\\\/2026\\\/02\\\/BLC2547892883_.png\",\"width\":572,\"height\":572},{\"@type\":\"BreadcrumbList\",\"@id\":\"https:\\\/\\\/raksersport.ee\\\/?product=kiiver-lazer-lupo-kineticore-matte-autumn#breadcrumb\",\"itemListElement\":[{\"@type\":\"ListItem\",\"position\":1,\"name\":\"Home\",\"item\":\"https:\\\/\\\/raksersport.ee\\\/\"},{\"@type\":\"ListItem\",\"position\":2,\"name\":\"Pood\",\"item\":\"https:\\\/\\\/raksersport.ee\\\/\"},{\"@type\":\"ListItem\",\"position\":3,\"name\":\"Kiiver Lazer Lupo KinetiCore Matte Autumn\"}]},{\"@type\":\"WebSite\",\"@id\":\"https:\\\/\\\/raksersport.ee\\\/#website\",\"url\":\"https:\\\/\\\/raksersport.ee\\\/\",\"name\":\"RakserSport\",\"description\":\"Spordipoed Haapsalus ja Raplas\",\"publisher\":{\"@id\":\"https:\\\/\\\/raksersport.ee\\\/#organization\"},\"potentialAction\":[{\"@type\":\"SearchAction\",\"target\":{\"@type\":\"EntryPoint\",\"urlTemplate\":\"https:\\\/\\\/raksersport.ee\\\/?s={search_term_string}\"},\"query-input\":{\"@type\":\"PropertyValueSpecification\",\"valueRequired\":true,\"valueName\":\"search_term_string\"}}],\"inLanguage\":\"et\"},{\"@type\":\"Organization\",\"@id\":\"https:\\\/\\\/raksersport.ee\\\/#organization\",\"name\":\"Rakser Sport O\u00dc\",\"url\":\"https:\\\/\\\/raksersport.ee\\\/\",\"logo\":{\"@type\":\"ImageObject\",\"inLanguage\":\"et\",\"@id\":\"https:\\\/\\\/raksersport.ee\\\/#\\\/schema\\\/logo\\\/image\\\/\",\"url\":\"https:\\\/\\\/raksersport.ee\\\/wp-content\\\/uploads\\\/2020\\\/03\\\/rakser-logo-BW.jpg\",\"contentUrl\":\"https:\\\/\\\/raksersport.ee\\\/wp-content\\\/uploads\\\/2020\\\/03\\\/rakser-logo-BW.jpg\",\"width\":2020,\"height\":377,\"caption\":\"Rakser Sport O\u00dc\"},\"image\":{\"@id\":\"https:\\\/\\\/raksersport.ee\\\/#\\\/schema\\\/logo\\\/image\\\/\"},\"sameAs\":[\"https:\\\/\\\/www.facebook.com\\\/RakserSport\\\/\"]}]}<\/script>\n<!-- \/ Yoast SEO plugin. -->","yoast_head_json":{"title":"Kiiver Lazer Lupo KinetiCore Matte Autumn - Rakser Sport","description":"Kiiver Lazer Lupo KinetiCore Matte Autumn BLC2547892883 Lupo KinetiCore on loodud t\u00f5eliseks maastikus\u00f5iduks, pakkudes samal ajal mugavust ja stiili.","robots":{"index":"index","follow":"follow","max-snippet":"max-snippet:-1","max-image-preview":"max-image-preview:large","max-video-preview":"max-video-preview:-1"},"canonical":"https:\/\/raksersport.ee\/?product=kiiver-lazer-lupo-kineticore-matte-autumn","og_locale":"et_EE","og_type":"article","og_title":"Kiiver Lazer Lupo KinetiCore Matte Autumn - Rakser Sport","og_description":"Kiiver Lazer Lupo KinetiCore Matte Autumn BLC2547892883 Lupo KinetiCore on loodud t\u00f5eliseks maastikus\u00f5iduks, pakkudes samal ajal mugavust ja stiili.","og_url":"https:\/\/raksersport.ee\/?product=kiiver-lazer-lupo-kineticore-matte-autumn","og_site_name":"Rakser Sport","article_publisher":"https:\/\/www.facebook.com\/RakserSport\/","og_image":[{"width":572,"height":572,"url":"https:\/\/raksersport.ee\/wp-content\/uploads\/2026\/02\/BLC2547892883_.png","type":"image\/png"}],"twitter_card":"summary_large_image","twitter_misc":{"Est. reading time":"1 minut"},"schema":{"@context":"https:\/\/schema.org","@graph":[{"@type":"WebPage","@id":"https:\/\/raksersport.ee\/?product=kiiver-lazer-lupo-kineticore-matte-autumn","url":"https:\/\/raksersport.ee\/?product=kiiver-lazer-lupo-kineticore-matte-autumn","name":"Kiiver Lazer Lupo KinetiCore Matte Autumn - Rakser Sport","isPartOf":{"@id":"https:\/\/raksersport.ee\/#website"},"primaryImageOfPage":{"@id":"https:\/\/raksersport.ee\/?product=kiiver-lazer-lupo-kineticore-matte-autumn#primaryimage"},"image":{"@id":"https:\/\/raksersport.ee\/?product=kiiver-lazer-lupo-kineticore-matte-autumn#primaryimage"},"thumbnailUrl":"https:\/\/raksersport.ee\/wp-content\/uploads\/2026\/02\/BLC2547892883_.png","datePublished":"2026-02-20T15:11:02+00:00","description":"Kiiver Lazer Lupo KinetiCore Matte Autumn BLC2547892883 Lupo KinetiCore on loodud t\u00f5eliseks maastikus\u00f5iduks, pakkudes samal ajal mugavust ja stiili.","breadcrumb":{"@id":"https:\/\/raksersport.ee\/?product=kiiver-lazer-lupo-kineticore-matte-autumn#breadcrumb"},"inLanguage":"et","potentialAction":[{"@type":"ReadAction","target":["https:\/\/raksersport.ee\/?product=kiiver-lazer-lupo-kineticore-matte-autumn"]}]},{"@type":"ImageObject","inLanguage":"et","@id":"https:\/\/raksersport.ee\/?product=kiiver-lazer-lupo-kineticore-matte-autumn#primaryimage","url":"https:\/\/raksersport.ee\/wp-content\/uploads\/2026\/02\/BLC2547892883_.png","contentUrl":"https:\/\/raksersport.ee\/wp-content\/uploads\/2026\/02\/BLC2547892883_.png","width":572,"height":572},{"@type":"BreadcrumbList","@id":"https:\/\/raksersport.ee\/?product=kiiver-lazer-lupo-kineticore-matte-autumn#breadcrumb","itemListElement":[{"@type":"ListItem","position":1,"name":"Home","item":"https:\/\/raksersport.ee\/"},{"@type":"ListItem","position":2,"name":"Pood","item":"https:\/\/raksersport.ee\/"},{"@type":"ListItem","position":3,"name":"Kiiver Lazer Lupo KinetiCore Matte Autumn"}]},{"@type":"WebSite","@id":"https:\/\/raksersport.ee\/#website","url":"https:\/\/raksersport.ee\/","name":"RakserSport","description":"Spordipoed Haapsalus ja Raplas","publisher":{"@id":"https:\/\/raksersport.ee\/#organization"},"potentialAction":[{"@type":"SearchAction","target":{"@type":"EntryPoint","urlTemplate":"https:\/\/raksersport.ee\/?s={search_term_string}"},"query-input":{"@type":"PropertyValueSpecification","valueRequired":true,"valueName":"search_term_string"}}],"inLanguage":"et"},{"@type":"Organization","@id":"https:\/\/raksersport.ee\/#organization","name":"Rakser Sport O\u00dc","url":"https:\/\/raksersport.ee\/","logo":{"@type":"ImageObject","inLanguage":"et","@id":"https:\/\/raksersport.ee\/#\/schema\/logo\/image\/","url":"https:\/\/raksersport.ee\/wp-content\/uploads\/2020\/03\/rakser-logo-BW.jpg","contentUrl":"https:\/\/raksersport.ee\/wp-content\/uploads\/2020\/03\/rakser-logo-BW.jpg","width":2020,"height":377,"caption":"Rakser Sport O\u00dc"},"image":{"@id":"https:\/\/raksersport.ee\/#\/schema\/logo\/image\/"},"sameAs":["https:\/\/www.facebook.com\/RakserSport\/"]}]}},"jetpack_sharing_enabled":true,"_links":{"self":[{"href":"https:\/\/raksersport.ee\/wp-json\/wp\/v2\/product\/20720","targetHints":{"allow":["GET"]}}],"collection":[{"href":"https:\/\/raksersport.ee\/wp-json\/wp\/v2\/product"}],"about":[{"href":"https:\/\/raksersport.ee\/wp-json\/wp\/v2\/types\/product"}],"replies":[{"embeddable":true,"href":"https:\/\/raksersport.ee\/wp-json\/wp\/v2\/comments?post=20720"}],"wp:featuredmedia":[{"embeddable":true,"href":"https:\/\/raksersport.ee\/wp-json\/wp\/v2\/media\/20721"}],"wp:attachment":[{"href":"https:\/\/raksersport.ee\/wp-json\/wp\/v2\/media?parent=20720"}],"wp:term":[{"taxonomy":"product_brand","embeddable":true,"href":"https:\/\/raksersport.ee\/wp-json\/wp\/v2\/product_brand?post=20720"},{"taxonomy":"product_cat","embeddable":true,"href":"https:\/\/raksersport.ee\/wp-json\/wp\/v2\/product_cat?post=20720"},{"taxonomy":"product_tag","embeddable":true,"href":"https:\/\/raksersport.ee\/wp-json\/wp\/v2\/product_tag?post=20720"}],"curies":[{"name":"wp","href":"https:\/\/api.w.org\/{rel}","templated":true}]}}