{"id":18318,"date":"2025-04-14T14:09:16","date_gmt":"2025-04-14T14:09:16","guid":{"rendered":"https:\/\/raksersport.ee\/?post_type=product&#038;p=18318"},"modified":"2025-04-14T14:09:16","modified_gmt":"2025-04-14T14:09:16","slug":"nike-phantom-luna-ii-academy-fg-mg-jr","status":"publish","type":"product","link":"https:\/\/raksersport.ee\/toode\/nike-phantom-luna-ii-academy-fg-mg-jr\/","title":{"rendered":"Nike Jr Phantom Luna II Academy FG\/MG"},"content":{"rendered":"<p><strong>Nike Jr Phantom Luna II Academy FG\/MG<\/strong><\/p>\n<p>Pealispind on valmistatud Phantom GX-ga v\u00f5rreldes pehmemast materjalist. Integreeritud tekstuur katab klambri silmatorkava piirkonna, ulatudes klambri suure varba poolelt \u00fcle paelte kuni roosaka varbani, v\u00f5imaldades puhtaid jalal\u00f6\u00f6gid pallile. \u00c4sja juurutatud kooniliste ja kolmet\u00e4heliste naastude segu aitab teil h\u00f5lpsaks \u00fcleminekuks muuta suunda ja liikumist, v\u00f5imaldades teil kiireks \u00f5hkut\u00f5usmiseks murule laskuda. As\u00fcmmeetriline n\u00f6\u00f6rimine pakub suurt puutepinda, mis v\u00f5imaldab paremat reguleeritavust jala keskosaga, et sobitada m\u00e4ngijaid, kellel on lamedad v\u00f5i k\u00f5rgemad kaared. T\u00f5mbesaablid ja reguleeritav keel pakuvad lihtsat libisemislahendust, nii et saate m\u00e4ngida kiiresti ja tasuta. V\u00f5rkkrae aitab hoida pahkluu mugavana.<\/p>\n<ul>\n<li class=\"nds-text ncss-li css-xlkxpi e1yhcai00 appearance-body1 color-primary weight-regular\"><span><span>Kasutamiseks looduslikel ja s\u00fcnteetilistel pindadel<\/span><\/span><\/li>\n<li class=\"nds-text ncss-li css-xlkxpi e1yhcai00 appearance-body1 color-primary weight-regular\"><span><span>Polsterdatud sisetald33<\/span><\/span><\/li>\n<\/ul>\n<p><img loading=\"lazy\" decoding=\"async\" class=\"alignleft wp-image-8284 size-full\" src=\"https:\/\/raksersport.ee\/wp-content\/uploads\/2022\/03\/Laste-Nike-jalanoud.jpg\" alt=\"\" width=\"760\" height=\"141\" srcset=\"https:\/\/raksersport.ee\/wp-content\/uploads\/2022\/03\/Laste-Nike-jalanoud.jpg 760w, https:\/\/raksersport.ee\/wp-content\/uploads\/2022\/03\/Laste-Nike-jalanoud-416x77.jpg 416w\" sizes=\"auto, (max-width: 760px) 100vw, 760px\" \/><\/p>\n","protected":false},"excerpt":{"rendered":"<p>Nike Jr Phantom Luna II Academy FG\/MG<\/p>\n<p>Olete v\u00f5rgu leidnud, olenemata sellest, kas l\u00f5ite s\u00f5bra suurep\u00e4rase s\u00f6\u00f6duga v\u00f5i tegite fantastilise k\u00e4igu. N\u00fc\u00fcd l\u00f6\u00f6 skoori. Nendel klambritel on kleepuv tekstuur, kus l\u00f6\u00f6te palli k\u00f5ige tugevamini. Nii saate oma l\u00f6\u00f6gi \u00fcle kontrolli, kui v\u00f5rk on levialas. L\u00f5ime selle eesm\u00e4rke silmas pidades.<\/p>\n","protected":false},"featured_media":18330,"comment_status":"open","ping_status":"closed","template":"","meta":{"_uf_show_specific_survey":0,"_uf_disable_surveys":false},"product_brand":[],"product_cat":[134,195,18],"product_tag":[72],"class_list":{"0":"post-18318","1":"product","2":"type-product","3":"status-publish","4":"has-post-thumbnail","6":"product_cat-jalatsid-lapsed","7":"product_cat-jalgpallijalatsid","8":"product_cat-lapsed","9":"product_tag-nike","11":"first","12":"instock","13":"taxable","14":"shipping-taxable","15":"purchasable","16":"product-type-variable"},"yoast_head":"<!-- This site is optimized with the Yoast SEO plugin v27.4 - https:\/\/yoast.com\/product\/yoast-seo-wordpress\/ -->\n<title>Nike Jr Phantom Luna II Academy FG\/MG - Rakser Sport<\/title>\n<meta name=\"description\" content=\"Nike Phantom Luna II Academy FG\/MG Jr FJ2603\" \/>\n<meta name=\"robots\" content=\"index, follow, max-snippet:-1, max-image-preview:large, max-video-preview:-1\" \/>\n<link rel=\"canonical\" href=\"https:\/\/raksersport.ee\/?product=nike-phantom-luna-ii-academy-fg-mg-jr\" \/>\n<meta property=\"og:locale\" content=\"et_EE\" \/>\n<meta property=\"og:type\" content=\"article\" \/>\n<meta property=\"og:title\" content=\"Nike Jr Phantom Luna II Academy FG\/MG - Rakser Sport\" \/>\n<meta property=\"og:description\" content=\"Nike Phantom Luna II Academy FG\/MG Jr FJ2603\" \/>\n<meta property=\"og:url\" content=\"https:\/\/raksersport.ee\/?product=nike-phantom-luna-ii-academy-fg-mg-jr\" \/>\n<meta property=\"og:site_name\" content=\"Rakser Sport\" \/>\n<meta property=\"article:publisher\" content=\"https:\/\/www.facebook.com\/RakserSport\/\" \/>\n<meta property=\"og:image\" content=\"https:\/\/raksersport.ee\/wp-content\/uploads\/2025\/04\/LN-putsad-phantom-luna-II-fj2603-002.webp\" \/>\n\t<meta property=\"og:image:width\" content=\"1728\" \/>\n\t<meta property=\"og:image:height\" content=\"2160\" \/>\n\t<meta property=\"og:image:type\" content=\"image\/webp\" \/>\n<meta name=\"twitter:card\" content=\"summary_large_image\" \/>\n<meta name=\"twitter:label1\" content=\"Est. reading time\" \/>\n\t<meta name=\"twitter:data1\" content=\"1 minut\" \/>\n<script type=\"application\/ld+json\" class=\"yoast-schema-graph\">{\"@context\":\"https:\\\/\\\/schema.org\",\"@graph\":[{\"@type\":\"WebPage\",\"@id\":\"https:\\\/\\\/raksersport.ee\\\/?product=nike-phantom-luna-ii-academy-fg-mg-jr\",\"url\":\"https:\\\/\\\/raksersport.ee\\\/?product=nike-phantom-luna-ii-academy-fg-mg-jr\",\"name\":\"Nike Jr Phantom Luna II Academy FG\\\/MG - Rakser Sport\",\"isPartOf\":{\"@id\":\"https:\\\/\\\/raksersport.ee\\\/#website\"},\"primaryImageOfPage\":{\"@id\":\"https:\\\/\\\/raksersport.ee\\\/?product=nike-phantom-luna-ii-academy-fg-mg-jr#primaryimage\"},\"image\":{\"@id\":\"https:\\\/\\\/raksersport.ee\\\/?product=nike-phantom-luna-ii-academy-fg-mg-jr#primaryimage\"},\"thumbnailUrl\":\"https:\\\/\\\/raksersport.ee\\\/wp-content\\\/uploads\\\/2025\\\/04\\\/LN-putsad-phantom-luna-II-fj2603-002.webp\",\"datePublished\":\"2025-04-14T14:09:16+00:00\",\"description\":\"Nike Phantom Luna II Academy FG\\\/MG Jr FJ2603\",\"breadcrumb\":{\"@id\":\"https:\\\/\\\/raksersport.ee\\\/?product=nike-phantom-luna-ii-academy-fg-mg-jr#breadcrumb\"},\"inLanguage\":\"et\",\"potentialAction\":[{\"@type\":\"ReadAction\",\"target\":[\"https:\\\/\\\/raksersport.ee\\\/?product=nike-phantom-luna-ii-academy-fg-mg-jr\"]}]},{\"@type\":\"ImageObject\",\"inLanguage\":\"et\",\"@id\":\"https:\\\/\\\/raksersport.ee\\\/?product=nike-phantom-luna-ii-academy-fg-mg-jr#primaryimage\",\"url\":\"https:\\\/\\\/raksersport.ee\\\/wp-content\\\/uploads\\\/2025\\\/04\\\/LN-putsad-phantom-luna-II-fj2603-002.webp\",\"contentUrl\":\"https:\\\/\\\/raksersport.ee\\\/wp-content\\\/uploads\\\/2025\\\/04\\\/LN-putsad-phantom-luna-II-fj2603-002.webp\",\"width\":1728,\"height\":2160},{\"@type\":\"BreadcrumbList\",\"@id\":\"https:\\\/\\\/raksersport.ee\\\/?product=nike-phantom-luna-ii-academy-fg-mg-jr#breadcrumb\",\"itemListElement\":[{\"@type\":\"ListItem\",\"position\":1,\"name\":\"Home\",\"item\":\"https:\\\/\\\/raksersport.ee\\\/\"},{\"@type\":\"ListItem\",\"position\":2,\"name\":\"Pood\",\"item\":\"https:\\\/\\\/raksersport.ee\\\/\"},{\"@type\":\"ListItem\",\"position\":3,\"name\":\"Nike Jr Phantom Luna II Academy FG\\\/MG\"}]},{\"@type\":\"WebSite\",\"@id\":\"https:\\\/\\\/raksersport.ee\\\/#website\",\"url\":\"https:\\\/\\\/raksersport.ee\\\/\",\"name\":\"RakserSport\",\"description\":\"Spordipoed Haapsalus ja Raplas\",\"publisher\":{\"@id\":\"https:\\\/\\\/raksersport.ee\\\/#organization\"},\"potentialAction\":[{\"@type\":\"SearchAction\",\"target\":{\"@type\":\"EntryPoint\",\"urlTemplate\":\"https:\\\/\\\/raksersport.ee\\\/?s={search_term_string}\"},\"query-input\":{\"@type\":\"PropertyValueSpecification\",\"valueRequired\":true,\"valueName\":\"search_term_string\"}}],\"inLanguage\":\"et\"},{\"@type\":\"Organization\",\"@id\":\"https:\\\/\\\/raksersport.ee\\\/#organization\",\"name\":\"Rakser Sport O\u00dc\",\"url\":\"https:\\\/\\\/raksersport.ee\\\/\",\"logo\":{\"@type\":\"ImageObject\",\"inLanguage\":\"et\",\"@id\":\"https:\\\/\\\/raksersport.ee\\\/#\\\/schema\\\/logo\\\/image\\\/\",\"url\":\"https:\\\/\\\/raksersport.ee\\\/wp-content\\\/uploads\\\/2020\\\/03\\\/rakser-logo-BW.jpg\",\"contentUrl\":\"https:\\\/\\\/raksersport.ee\\\/wp-content\\\/uploads\\\/2020\\\/03\\\/rakser-logo-BW.jpg\",\"width\":2020,\"height\":377,\"caption\":\"Rakser Sport O\u00dc\"},\"image\":{\"@id\":\"https:\\\/\\\/raksersport.ee\\\/#\\\/schema\\\/logo\\\/image\\\/\"},\"sameAs\":[\"https:\\\/\\\/www.facebook.com\\\/RakserSport\\\/\"]}]}<\/script>\n<!-- \/ Yoast SEO plugin. -->","yoast_head_json":{"title":"Nike Jr Phantom Luna II Academy FG\/MG - Rakser Sport","description":"Nike Phantom Luna II Academy FG\/MG Jr FJ2603","robots":{"index":"index","follow":"follow","max-snippet":"max-snippet:-1","max-image-preview":"max-image-preview:large","max-video-preview":"max-video-preview:-1"},"canonical":"https:\/\/raksersport.ee\/?product=nike-phantom-luna-ii-academy-fg-mg-jr","og_locale":"et_EE","og_type":"article","og_title":"Nike Jr Phantom Luna II Academy FG\/MG - Rakser Sport","og_description":"Nike Phantom Luna II Academy FG\/MG Jr FJ2603","og_url":"https:\/\/raksersport.ee\/?product=nike-phantom-luna-ii-academy-fg-mg-jr","og_site_name":"Rakser Sport","article_publisher":"https:\/\/www.facebook.com\/RakserSport\/","og_image":[{"width":1728,"height":2160,"url":"https:\/\/raksersport.ee\/wp-content\/uploads\/2025\/04\/LN-putsad-phantom-luna-II-fj2603-002.webp","type":"image\/webp"}],"twitter_card":"summary_large_image","twitter_misc":{"Est. reading time":"1 minut"},"schema":{"@context":"https:\/\/schema.org","@graph":[{"@type":"WebPage","@id":"https:\/\/raksersport.ee\/?product=nike-phantom-luna-ii-academy-fg-mg-jr","url":"https:\/\/raksersport.ee\/?product=nike-phantom-luna-ii-academy-fg-mg-jr","name":"Nike Jr Phantom Luna II Academy FG\/MG - Rakser Sport","isPartOf":{"@id":"https:\/\/raksersport.ee\/#website"},"primaryImageOfPage":{"@id":"https:\/\/raksersport.ee\/?product=nike-phantom-luna-ii-academy-fg-mg-jr#primaryimage"},"image":{"@id":"https:\/\/raksersport.ee\/?product=nike-phantom-luna-ii-academy-fg-mg-jr#primaryimage"},"thumbnailUrl":"https:\/\/raksersport.ee\/wp-content\/uploads\/2025\/04\/LN-putsad-phantom-luna-II-fj2603-002.webp","datePublished":"2025-04-14T14:09:16+00:00","description":"Nike Phantom Luna II Academy FG\/MG Jr FJ2603","breadcrumb":{"@id":"https:\/\/raksersport.ee\/?product=nike-phantom-luna-ii-academy-fg-mg-jr#breadcrumb"},"inLanguage":"et","potentialAction":[{"@type":"ReadAction","target":["https:\/\/raksersport.ee\/?product=nike-phantom-luna-ii-academy-fg-mg-jr"]}]},{"@type":"ImageObject","inLanguage":"et","@id":"https:\/\/raksersport.ee\/?product=nike-phantom-luna-ii-academy-fg-mg-jr#primaryimage","url":"https:\/\/raksersport.ee\/wp-content\/uploads\/2025\/04\/LN-putsad-phantom-luna-II-fj2603-002.webp","contentUrl":"https:\/\/raksersport.ee\/wp-content\/uploads\/2025\/04\/LN-putsad-phantom-luna-II-fj2603-002.webp","width":1728,"height":2160},{"@type":"BreadcrumbList","@id":"https:\/\/raksersport.ee\/?product=nike-phantom-luna-ii-academy-fg-mg-jr#breadcrumb","itemListElement":[{"@type":"ListItem","position":1,"name":"Home","item":"https:\/\/raksersport.ee\/"},{"@type":"ListItem","position":2,"name":"Pood","item":"https:\/\/raksersport.ee\/"},{"@type":"ListItem","position":3,"name":"Nike Jr Phantom Luna II Academy FG\/MG"}]},{"@type":"WebSite","@id":"https:\/\/raksersport.ee\/#website","url":"https:\/\/raksersport.ee\/","name":"RakserSport","description":"Spordipoed Haapsalus ja Raplas","publisher":{"@id":"https:\/\/raksersport.ee\/#organization"},"potentialAction":[{"@type":"SearchAction","target":{"@type":"EntryPoint","urlTemplate":"https:\/\/raksersport.ee\/?s={search_term_string}"},"query-input":{"@type":"PropertyValueSpecification","valueRequired":true,"valueName":"search_term_string"}}],"inLanguage":"et"},{"@type":"Organization","@id":"https:\/\/raksersport.ee\/#organization","name":"Rakser Sport O\u00dc","url":"https:\/\/raksersport.ee\/","logo":{"@type":"ImageObject","inLanguage":"et","@id":"https:\/\/raksersport.ee\/#\/schema\/logo\/image\/","url":"https:\/\/raksersport.ee\/wp-content\/uploads\/2020\/03\/rakser-logo-BW.jpg","contentUrl":"https:\/\/raksersport.ee\/wp-content\/uploads\/2020\/03\/rakser-logo-BW.jpg","width":2020,"height":377,"caption":"Rakser Sport O\u00dc"},"image":{"@id":"https:\/\/raksersport.ee\/#\/schema\/logo\/image\/"},"sameAs":["https:\/\/www.facebook.com\/RakserSport\/"]}]}},"jetpack_sharing_enabled":true,"_links":{"self":[{"href":"https:\/\/raksersport.ee\/wp-json\/wp\/v2\/product\/18318","targetHints":{"allow":["GET"]}}],"collection":[{"href":"https:\/\/raksersport.ee\/wp-json\/wp\/v2\/product"}],"about":[{"href":"https:\/\/raksersport.ee\/wp-json\/wp\/v2\/types\/product"}],"replies":[{"embeddable":true,"href":"https:\/\/raksersport.ee\/wp-json\/wp\/v2\/comments?post=18318"}],"wp:featuredmedia":[{"embeddable":true,"href":"https:\/\/raksersport.ee\/wp-json\/wp\/v2\/media\/18330"}],"wp:attachment":[{"href":"https:\/\/raksersport.ee\/wp-json\/wp\/v2\/media?parent=18318"}],"wp:term":[{"taxonomy":"product_brand","embeddable":true,"href":"https:\/\/raksersport.ee\/wp-json\/wp\/v2\/product_brand?post=18318"},{"taxonomy":"product_cat","embeddable":true,"href":"https:\/\/raksersport.ee\/wp-json\/wp\/v2\/product_cat?post=18318"},{"taxonomy":"product_tag","embeddable":true,"href":"https:\/\/raksersport.ee\/wp-json\/wp\/v2\/product_tag?post=18318"}],"curies":[{"name":"wp","href":"https:\/\/api.w.org\/{rel}","templated":true}]}}