{"id":18300,"date":"2025-04-14T12:59:16","date_gmt":"2025-04-14T12:59:16","guid":{"rendered":"https:\/\/raksersport.ee\/?post_type=product&#038;p=18300"},"modified":"2025-04-14T12:59:17","modified_gmt":"2025-04-14T12:59:17","slug":"nike-swaetsclub-phoenix-fl-highrise","status":"publish","type":"product","link":"https:\/\/raksersport.ee\/toode\/nike-swaetsclub-phoenix-fl-highrise\/","title":{"rendered":"L\u00fchikesed p\u00fcksid Nike SwaetsClub Phoenix FL Highrise"},"content":{"rendered":"<p><strong>L\u00fchikesed p\u00fcksid Nike SwaetsClub Phoenix FL Highrise\u00a0<\/strong><\/p>\n<ul>\n<li>80% puuvill \/ 20% pol\u00fcester<\/li>\n<li>masinpesu<\/li>\n<li>Lai elastne n\u00f6\u00f6riga v\u00f6\u00f6koht<\/li>\n<\/ul>\n<p><img loading=\"lazy\" decoding=\"async\" class=\"size-full wp-image-1055 alignleft\" src=\"https:\/\/raksersport.ee\/wp-content\/uploads\/2020\/05\/Naiste-Nike-m\u00f5\u00f5tude-tabel-p\u00fcksid.jpg\" alt=\"\" width=\"491\" height=\"104\" srcset=\"https:\/\/raksersport.ee\/wp-content\/uploads\/2020\/05\/Naiste-Nike-m\u00f5\u00f5tude-tabel-p\u00fcksid.jpg 491w, https:\/\/raksersport.ee\/wp-content\/uploads\/2020\/05\/Naiste-Nike-m\u00f5\u00f5tude-tabel-p\u00fcksid-416x88.jpg 416w\" sizes=\"auto, (max-width: 491px) 100vw, 491px\" \/><\/p>\n","protected":false},"excerpt":{"rendered":"<p>L\u00fchikesed p\u00fcksid Nike SwaetsClub Phoenix FL Highrise<\/p>\n<p>V\u00e4rskendage oma esmatarbekaupu nende Nike&#8217;i naiste Phoenixi fliisp\u00fckstega. Need Coal-v\u00e4rvides l\u00fchikesed p\u00fcksid on valmistatud pehmest harjatud fliisist, et tagada mugavus j\u00e4rgmisele tasemele. Neil on lai, soonik v\u00f6\u00f6koht koos n\u00f6\u00f6riga, et reguleerida istuvust, ja k\u00fcljetaskud, mis h\u00f5lbustavad hoiustamist. L\u00f5petatud ikoonilise Swooshi logoga, mis on \u00f5mmeldud all\u00e4\u00e4re kohale.<\/p>\n","protected":false},"featured_media":18303,"comment_status":"open","ping_status":"closed","template":"","meta":{"_uf_show_specific_survey":0,"_uf_disable_surveys":false},"product_brand":[],"product_cat":[41,77],"product_tag":[72],"class_list":{"0":"post-18300","1":"product","2":"type-product","3":"status-publish","4":"has-post-thumbnail","6":"product_cat-naised","7":"product_cat-naiste-luhikesed-puksid","8":"product_tag-nike","10":"first","11":"instock","12":"taxable","13":"shipping-taxable","14":"purchasable","15":"product-type-variable"},"yoast_head":"<!-- This site is optimized with the Yoast SEO plugin v27.4 - https:\/\/yoast.com\/product\/yoast-seo-wordpress\/ -->\n<title>L\u00fchikesed p\u00fcksid Nike SwaetsClub Phoenix FL Highrise - Rakser Sport<\/title>\n<meta name=\"description\" content=\"L\u00fchikesed p\u00fcksid Nike SwaetsClub Phoenix FL Highrise FD1409 V\u00e4rskendage oma esmatarbekaupu nende Nike&#039;i naiste Phoenixi fliisp\u00fckstega.\" \/>\n<meta name=\"robots\" content=\"index, follow, max-snippet:-1, max-image-preview:large, max-video-preview:-1\" \/>\n<link rel=\"canonical\" href=\"https:\/\/raksersport.ee\/?product=nike-swaetsclub-phoenix-fl-highrise\" \/>\n<meta property=\"og:locale\" content=\"et_EE\" \/>\n<meta property=\"og:type\" content=\"article\" \/>\n<meta property=\"og:title\" content=\"L\u00fchikesed p\u00fcksid Nike SwaetsClub Phoenix FL Highrise - Rakser Sport\" \/>\n<meta property=\"og:description\" content=\"L\u00fchikesed p\u00fcksid Nike SwaetsClub Phoenix FL Highrise FD1409 V\u00e4rskendage oma esmatarbekaupu nende Nike&#039;i naiste Phoenixi fliisp\u00fckstega.\" \/>\n<meta property=\"og:url\" content=\"https:\/\/raksersport.ee\/?product=nike-swaetsclub-phoenix-fl-highrise\" \/>\n<meta property=\"og:site_name\" content=\"Rakser Sport\" \/>\n<meta property=\"article:publisher\" content=\"https:\/\/www.facebook.com\/RakserSport\/\" \/>\n<meta property=\"article:modified_time\" content=\"2025-04-14T12:59:17+00:00\" \/>\n<meta property=\"og:image\" content=\"https:\/\/raksersport.ee\/wp-content\/uploads\/2025\/04\/nN-shortsid-fd1409-063.jpg-6.jpg\" \/>\n\t<meta property=\"og:image:width\" content=\"1500\" \/>\n\t<meta property=\"og:image:height\" content=\"1500\" \/>\n\t<meta property=\"og:image:type\" content=\"image\/jpeg\" \/>\n<meta name=\"twitter:card\" content=\"summary_large_image\" \/>\n<meta name=\"twitter:label1\" content=\"Est. reading time\" \/>\n\t<meta name=\"twitter:data1\" content=\"1 minut\" \/>\n<script type=\"application\/ld+json\" class=\"yoast-schema-graph\">{\"@context\":\"https:\\\/\\\/schema.org\",\"@graph\":[{\"@type\":\"WebPage\",\"@id\":\"https:\\\/\\\/raksersport.ee\\\/?product=nike-swaetsclub-phoenix-fl-highrise\",\"url\":\"https:\\\/\\\/raksersport.ee\\\/?product=nike-swaetsclub-phoenix-fl-highrise\",\"name\":\"L\u00fchikesed p\u00fcksid Nike SwaetsClub Phoenix FL Highrise - Rakser Sport\",\"isPartOf\":{\"@id\":\"https:\\\/\\\/raksersport.ee\\\/#website\"},\"primaryImageOfPage\":{\"@id\":\"https:\\\/\\\/raksersport.ee\\\/?product=nike-swaetsclub-phoenix-fl-highrise#primaryimage\"},\"image\":{\"@id\":\"https:\\\/\\\/raksersport.ee\\\/?product=nike-swaetsclub-phoenix-fl-highrise#primaryimage\"},\"thumbnailUrl\":\"https:\\\/\\\/raksersport.ee\\\/wp-content\\\/uploads\\\/2025\\\/04\\\/nN-shortsid-fd1409-063.jpg-6.jpg\",\"datePublished\":\"2025-04-14T12:59:16+00:00\",\"dateModified\":\"2025-04-14T12:59:17+00:00\",\"description\":\"L\u00fchikesed p\u00fcksid Nike SwaetsClub Phoenix FL Highrise FD1409 V\u00e4rskendage oma esmatarbekaupu nende Nike'i naiste Phoenixi fliisp\u00fckstega.\",\"breadcrumb\":{\"@id\":\"https:\\\/\\\/raksersport.ee\\\/?product=nike-swaetsclub-phoenix-fl-highrise#breadcrumb\"},\"inLanguage\":\"et\",\"potentialAction\":[{\"@type\":\"ReadAction\",\"target\":[\"https:\\\/\\\/raksersport.ee\\\/?product=nike-swaetsclub-phoenix-fl-highrise\"]}]},{\"@type\":\"ImageObject\",\"inLanguage\":\"et\",\"@id\":\"https:\\\/\\\/raksersport.ee\\\/?product=nike-swaetsclub-phoenix-fl-highrise#primaryimage\",\"url\":\"https:\\\/\\\/raksersport.ee\\\/wp-content\\\/uploads\\\/2025\\\/04\\\/nN-shortsid-fd1409-063.jpg-6.jpg\",\"contentUrl\":\"https:\\\/\\\/raksersport.ee\\\/wp-content\\\/uploads\\\/2025\\\/04\\\/nN-shortsid-fd1409-063.jpg-6.jpg\",\"width\":1500,\"height\":1500},{\"@type\":\"BreadcrumbList\",\"@id\":\"https:\\\/\\\/raksersport.ee\\\/?product=nike-swaetsclub-phoenix-fl-highrise#breadcrumb\",\"itemListElement\":[{\"@type\":\"ListItem\",\"position\":1,\"name\":\"Home\",\"item\":\"https:\\\/\\\/raksersport.ee\\\/\"},{\"@type\":\"ListItem\",\"position\":2,\"name\":\"Pood\",\"item\":\"https:\\\/\\\/raksersport.ee\\\/\"},{\"@type\":\"ListItem\",\"position\":3,\"name\":\"L\u00fchikesed p\u00fcksid Nike SwaetsClub Phoenix FL Highrise\"}]},{\"@type\":\"WebSite\",\"@id\":\"https:\\\/\\\/raksersport.ee\\\/#website\",\"url\":\"https:\\\/\\\/raksersport.ee\\\/\",\"name\":\"RakserSport\",\"description\":\"Spordipoed Haapsalus ja Raplas\",\"publisher\":{\"@id\":\"https:\\\/\\\/raksersport.ee\\\/#organization\"},\"potentialAction\":[{\"@type\":\"SearchAction\",\"target\":{\"@type\":\"EntryPoint\",\"urlTemplate\":\"https:\\\/\\\/raksersport.ee\\\/?s={search_term_string}\"},\"query-input\":{\"@type\":\"PropertyValueSpecification\",\"valueRequired\":true,\"valueName\":\"search_term_string\"}}],\"inLanguage\":\"et\"},{\"@type\":\"Organization\",\"@id\":\"https:\\\/\\\/raksersport.ee\\\/#organization\",\"name\":\"Rakser Sport O\u00dc\",\"url\":\"https:\\\/\\\/raksersport.ee\\\/\",\"logo\":{\"@type\":\"ImageObject\",\"inLanguage\":\"et\",\"@id\":\"https:\\\/\\\/raksersport.ee\\\/#\\\/schema\\\/logo\\\/image\\\/\",\"url\":\"https:\\\/\\\/raksersport.ee\\\/wp-content\\\/uploads\\\/2020\\\/03\\\/rakser-logo-BW.jpg\",\"contentUrl\":\"https:\\\/\\\/raksersport.ee\\\/wp-content\\\/uploads\\\/2020\\\/03\\\/rakser-logo-BW.jpg\",\"width\":2020,\"height\":377,\"caption\":\"Rakser Sport O\u00dc\"},\"image\":{\"@id\":\"https:\\\/\\\/raksersport.ee\\\/#\\\/schema\\\/logo\\\/image\\\/\"},\"sameAs\":[\"https:\\\/\\\/www.facebook.com\\\/RakserSport\\\/\"]}]}<\/script>\n<!-- \/ Yoast SEO plugin. -->","yoast_head_json":{"title":"L\u00fchikesed p\u00fcksid Nike SwaetsClub Phoenix FL Highrise - Rakser Sport","description":"L\u00fchikesed p\u00fcksid Nike SwaetsClub Phoenix FL Highrise FD1409 V\u00e4rskendage oma esmatarbekaupu nende Nike'i naiste Phoenixi fliisp\u00fckstega.","robots":{"index":"index","follow":"follow","max-snippet":"max-snippet:-1","max-image-preview":"max-image-preview:large","max-video-preview":"max-video-preview:-1"},"canonical":"https:\/\/raksersport.ee\/?product=nike-swaetsclub-phoenix-fl-highrise","og_locale":"et_EE","og_type":"article","og_title":"L\u00fchikesed p\u00fcksid Nike SwaetsClub Phoenix FL Highrise - Rakser Sport","og_description":"L\u00fchikesed p\u00fcksid Nike SwaetsClub Phoenix FL Highrise FD1409 V\u00e4rskendage oma esmatarbekaupu nende Nike'i naiste Phoenixi fliisp\u00fckstega.","og_url":"https:\/\/raksersport.ee\/?product=nike-swaetsclub-phoenix-fl-highrise","og_site_name":"Rakser Sport","article_publisher":"https:\/\/www.facebook.com\/RakserSport\/","article_modified_time":"2025-04-14T12:59:17+00:00","og_image":[{"width":1500,"height":1500,"url":"https:\/\/raksersport.ee\/wp-content\/uploads\/2025\/04\/nN-shortsid-fd1409-063.jpg-6.jpg","type":"image\/jpeg"}],"twitter_card":"summary_large_image","twitter_misc":{"Est. reading time":"1 minut"},"schema":{"@context":"https:\/\/schema.org","@graph":[{"@type":"WebPage","@id":"https:\/\/raksersport.ee\/?product=nike-swaetsclub-phoenix-fl-highrise","url":"https:\/\/raksersport.ee\/?product=nike-swaetsclub-phoenix-fl-highrise","name":"L\u00fchikesed p\u00fcksid Nike SwaetsClub Phoenix FL Highrise - Rakser Sport","isPartOf":{"@id":"https:\/\/raksersport.ee\/#website"},"primaryImageOfPage":{"@id":"https:\/\/raksersport.ee\/?product=nike-swaetsclub-phoenix-fl-highrise#primaryimage"},"image":{"@id":"https:\/\/raksersport.ee\/?product=nike-swaetsclub-phoenix-fl-highrise#primaryimage"},"thumbnailUrl":"https:\/\/raksersport.ee\/wp-content\/uploads\/2025\/04\/nN-shortsid-fd1409-063.jpg-6.jpg","datePublished":"2025-04-14T12:59:16+00:00","dateModified":"2025-04-14T12:59:17+00:00","description":"L\u00fchikesed p\u00fcksid Nike SwaetsClub Phoenix FL Highrise FD1409 V\u00e4rskendage oma esmatarbekaupu nende Nike'i naiste Phoenixi fliisp\u00fckstega.","breadcrumb":{"@id":"https:\/\/raksersport.ee\/?product=nike-swaetsclub-phoenix-fl-highrise#breadcrumb"},"inLanguage":"et","potentialAction":[{"@type":"ReadAction","target":["https:\/\/raksersport.ee\/?product=nike-swaetsclub-phoenix-fl-highrise"]}]},{"@type":"ImageObject","inLanguage":"et","@id":"https:\/\/raksersport.ee\/?product=nike-swaetsclub-phoenix-fl-highrise#primaryimage","url":"https:\/\/raksersport.ee\/wp-content\/uploads\/2025\/04\/nN-shortsid-fd1409-063.jpg-6.jpg","contentUrl":"https:\/\/raksersport.ee\/wp-content\/uploads\/2025\/04\/nN-shortsid-fd1409-063.jpg-6.jpg","width":1500,"height":1500},{"@type":"BreadcrumbList","@id":"https:\/\/raksersport.ee\/?product=nike-swaetsclub-phoenix-fl-highrise#breadcrumb","itemListElement":[{"@type":"ListItem","position":1,"name":"Home","item":"https:\/\/raksersport.ee\/"},{"@type":"ListItem","position":2,"name":"Pood","item":"https:\/\/raksersport.ee\/"},{"@type":"ListItem","position":3,"name":"L\u00fchikesed p\u00fcksid Nike SwaetsClub Phoenix FL Highrise"}]},{"@type":"WebSite","@id":"https:\/\/raksersport.ee\/#website","url":"https:\/\/raksersport.ee\/","name":"RakserSport","description":"Spordipoed Haapsalus ja Raplas","publisher":{"@id":"https:\/\/raksersport.ee\/#organization"},"potentialAction":[{"@type":"SearchAction","target":{"@type":"EntryPoint","urlTemplate":"https:\/\/raksersport.ee\/?s={search_term_string}"},"query-input":{"@type":"PropertyValueSpecification","valueRequired":true,"valueName":"search_term_string"}}],"inLanguage":"et"},{"@type":"Organization","@id":"https:\/\/raksersport.ee\/#organization","name":"Rakser Sport O\u00dc","url":"https:\/\/raksersport.ee\/","logo":{"@type":"ImageObject","inLanguage":"et","@id":"https:\/\/raksersport.ee\/#\/schema\/logo\/image\/","url":"https:\/\/raksersport.ee\/wp-content\/uploads\/2020\/03\/rakser-logo-BW.jpg","contentUrl":"https:\/\/raksersport.ee\/wp-content\/uploads\/2020\/03\/rakser-logo-BW.jpg","width":2020,"height":377,"caption":"Rakser Sport O\u00dc"},"image":{"@id":"https:\/\/raksersport.ee\/#\/schema\/logo\/image\/"},"sameAs":["https:\/\/www.facebook.com\/RakserSport\/"]}]}},"jetpack_sharing_enabled":true,"_links":{"self":[{"href":"https:\/\/raksersport.ee\/wp-json\/wp\/v2\/product\/18300","targetHints":{"allow":["GET"]}}],"collection":[{"href":"https:\/\/raksersport.ee\/wp-json\/wp\/v2\/product"}],"about":[{"href":"https:\/\/raksersport.ee\/wp-json\/wp\/v2\/types\/product"}],"replies":[{"embeddable":true,"href":"https:\/\/raksersport.ee\/wp-json\/wp\/v2\/comments?post=18300"}],"wp:featuredmedia":[{"embeddable":true,"href":"https:\/\/raksersport.ee\/wp-json\/wp\/v2\/media\/18303"}],"wp:attachment":[{"href":"https:\/\/raksersport.ee\/wp-json\/wp\/v2\/media?parent=18300"}],"wp:term":[{"taxonomy":"product_brand","embeddable":true,"href":"https:\/\/raksersport.ee\/wp-json\/wp\/v2\/product_brand?post=18300"},{"taxonomy":"product_cat","embeddable":true,"href":"https:\/\/raksersport.ee\/wp-json\/wp\/v2\/product_cat?post=18300"},{"taxonomy":"product_tag","embeddable":true,"href":"https:\/\/raksersport.ee\/wp-json\/wp\/v2\/product_tag?post=18300"}],"curies":[{"name":"wp","href":"https:\/\/api.w.org\/{rel}","templated":true}]}}