{"id":17764,"date":"2025-03-25T08:46:49","date_gmt":"2025-03-25T08:46:49","guid":{"rendered":"https:\/\/raksersport.ee\/?post_type=product&#038;p=17764"},"modified":"2025-03-25T08:46:49","modified_gmt":"2025-03-25T08:46:49","slug":"vookott-icepeak-garber","status":"publish","type":"product","link":"https:\/\/raksersport.ee\/toode\/vookott-icepeak-garber\/","title":{"rendered":"V\u00f6\u00f6kott Icepeak Garber"},"content":{"rendered":"<p><strong>V\u00f6\u00f6kott Icepeak Garber<\/strong><\/p>\n<ul>\n<li><strong>M\u00f5\u00f5dud: K: 19,5 cm, P: 53,5 cm.<\/strong><\/li>\n<li><span>Aasa kinnitus v\u00f5tmele.<\/span><\/li>\n<li><span>Reguleeritav rihm.<\/span><\/li>\n<li><span>Polsterdatud tagapaneel.<\/span><\/li>\n<li><span><span>100% pol\u00fcester<\/span><\/span><\/li>\n<li><span><span>Kanga pind on t\u00f6\u00f6deldud vetth\u00fclgavaks.<\/span><\/span><\/li>\n<\/ul>\n","protected":false},"excerpt":{"rendered":"<p>V\u00f6\u00f6kott Icepeak Garber<\/p>\n<p>Icepeak v\u00f6\u00f6kott. T\u00f5mblukuga tagatasku. Kaks lukuga esitaskut. Aasa kinnitus v\u00f5tmele. Reguleeritav rihm. Polsterdatud tagapaneel. Kanga pind on t\u00f6\u00f6deldud vetth\u00fclgavaks.<\/p>\n","protected":false},"featured_media":17766,"comment_status":"open","ping_status":"closed","template":"","meta":{"_uf_show_specific_survey":0,"_uf_disable_surveys":false},"product_brand":[],"product_cat":[19,119,125,124],"product_tag":[51],"class_list":{"0":"post-17764","1":"product","2":"type-product","3":"status-publish","4":"has-post-thumbnail","6":"product_cat-accessories","7":"product_cat-naiste-aksessuaarid","8":"product_cat-ola-ja-vookotid-naiste-aksessuaarid","9":"product_cat-ola-ja-vookotid","10":"product_tag-icepeak","12":"first","13":"instock","14":"taxable","15":"shipping-taxable","16":"purchasable","17":"product-type-simple"},"yoast_head":"<!-- This site is optimized with the Yoast SEO plugin v27.4 - https:\/\/yoast.com\/product\/yoast-seo-wordpress\/ -->\n<title>V\u00f6\u00f6kott Icepeak Garber - Rakser Sport<\/title>\n<meta name=\"description\" content=\"V\u00f6\u00f6kott Icepeak Garber 59544 Icepeak v\u00f6\u00f6kott. T\u00f5mblukuga tagatasku. Kaks lukuga esitaskut. Aasa kinnitus v\u00f5tmele. Reguleeritav rihm.\" \/>\n<meta name=\"robots\" content=\"index, follow, max-snippet:-1, max-image-preview:large, max-video-preview:-1\" \/>\n<link rel=\"canonical\" href=\"https:\/\/raksersport.ee\/?product=vookott-icepeak-garber\" \/>\n<meta property=\"og:locale\" content=\"et_EE\" \/>\n<meta property=\"og:type\" content=\"article\" \/>\n<meta property=\"og:title\" content=\"V\u00f6\u00f6kott Icepeak Garber - Rakser Sport\" \/>\n<meta property=\"og:description\" content=\"V\u00f6\u00f6kott Icepeak Garber 59544 Icepeak v\u00f6\u00f6kott. T\u00f5mblukuga tagatasku. Kaks lukuga esitaskut. Aasa kinnitus v\u00f5tmele. Reguleeritav rihm.\" \/>\n<meta property=\"og:url\" content=\"https:\/\/raksersport.ee\/?product=vookott-icepeak-garber\" \/>\n<meta property=\"og:site_name\" content=\"Rakser Sport\" \/>\n<meta property=\"article:publisher\" content=\"https:\/\/www.facebook.com\/RakserSport\/\" \/>\n<meta property=\"og:image\" content=\"https:\/\/raksersport.ee\/wp-content\/uploads\/2025\/03\/IP-kott-Garber-59544-585.jpg-3.jpg\" \/>\n\t<meta property=\"og:image:width\" content=\"400\" \/>\n\t<meta property=\"og:image:height\" content=\"400\" \/>\n\t<meta property=\"og:image:type\" content=\"image\/jpeg\" \/>\n<meta name=\"twitter:card\" content=\"summary_large_image\" \/>\n<meta name=\"twitter:label1\" content=\"Est. reading time\" \/>\n\t<meta name=\"twitter:data1\" content=\"1 minut\" \/>\n<script type=\"application\/ld+json\" class=\"yoast-schema-graph\">{\"@context\":\"https:\\\/\\\/schema.org\",\"@graph\":[{\"@type\":\"WebPage\",\"@id\":\"https:\\\/\\\/raksersport.ee\\\/?product=vookott-icepeak-garber\",\"url\":\"https:\\\/\\\/raksersport.ee\\\/?product=vookott-icepeak-garber\",\"name\":\"V\u00f6\u00f6kott Icepeak Garber - Rakser Sport\",\"isPartOf\":{\"@id\":\"https:\\\/\\\/raksersport.ee\\\/#website\"},\"primaryImageOfPage\":{\"@id\":\"https:\\\/\\\/raksersport.ee\\\/?product=vookott-icepeak-garber#primaryimage\"},\"image\":{\"@id\":\"https:\\\/\\\/raksersport.ee\\\/?product=vookott-icepeak-garber#primaryimage\"},\"thumbnailUrl\":\"https:\\\/\\\/raksersport.ee\\\/wp-content\\\/uploads\\\/2025\\\/03\\\/IP-kott-Garber-59544-585.jpg-3.jpg\",\"datePublished\":\"2025-03-25T08:46:49+00:00\",\"description\":\"V\u00f6\u00f6kott Icepeak Garber 59544 Icepeak v\u00f6\u00f6kott. T\u00f5mblukuga tagatasku. Kaks lukuga esitaskut. Aasa kinnitus v\u00f5tmele. Reguleeritav rihm.\",\"breadcrumb\":{\"@id\":\"https:\\\/\\\/raksersport.ee\\\/?product=vookott-icepeak-garber#breadcrumb\"},\"inLanguage\":\"et\",\"potentialAction\":[{\"@type\":\"ReadAction\",\"target\":[\"https:\\\/\\\/raksersport.ee\\\/?product=vookott-icepeak-garber\"]}]},{\"@type\":\"ImageObject\",\"inLanguage\":\"et\",\"@id\":\"https:\\\/\\\/raksersport.ee\\\/?product=vookott-icepeak-garber#primaryimage\",\"url\":\"https:\\\/\\\/raksersport.ee\\\/wp-content\\\/uploads\\\/2025\\\/03\\\/IP-kott-Garber-59544-585.jpg-3.jpg\",\"contentUrl\":\"https:\\\/\\\/raksersport.ee\\\/wp-content\\\/uploads\\\/2025\\\/03\\\/IP-kott-Garber-59544-585.jpg-3.jpg\",\"width\":400,\"height\":400},{\"@type\":\"BreadcrumbList\",\"@id\":\"https:\\\/\\\/raksersport.ee\\\/?product=vookott-icepeak-garber#breadcrumb\",\"itemListElement\":[{\"@type\":\"ListItem\",\"position\":1,\"name\":\"Home\",\"item\":\"https:\\\/\\\/raksersport.ee\\\/\"},{\"@type\":\"ListItem\",\"position\":2,\"name\":\"Pood\",\"item\":\"https:\\\/\\\/raksersport.ee\\\/\"},{\"@type\":\"ListItem\",\"position\":3,\"name\":\"V\u00f6\u00f6kott Icepeak Garber\"}]},{\"@type\":\"WebSite\",\"@id\":\"https:\\\/\\\/raksersport.ee\\\/#website\",\"url\":\"https:\\\/\\\/raksersport.ee\\\/\",\"name\":\"RakserSport\",\"description\":\"Spordipoed Haapsalus ja Raplas\",\"publisher\":{\"@id\":\"https:\\\/\\\/raksersport.ee\\\/#organization\"},\"potentialAction\":[{\"@type\":\"SearchAction\",\"target\":{\"@type\":\"EntryPoint\",\"urlTemplate\":\"https:\\\/\\\/raksersport.ee\\\/?s={search_term_string}\"},\"query-input\":{\"@type\":\"PropertyValueSpecification\",\"valueRequired\":true,\"valueName\":\"search_term_string\"}}],\"inLanguage\":\"et\"},{\"@type\":\"Organization\",\"@id\":\"https:\\\/\\\/raksersport.ee\\\/#organization\",\"name\":\"Rakser Sport O\u00dc\",\"url\":\"https:\\\/\\\/raksersport.ee\\\/\",\"logo\":{\"@type\":\"ImageObject\",\"inLanguage\":\"et\",\"@id\":\"https:\\\/\\\/raksersport.ee\\\/#\\\/schema\\\/logo\\\/image\\\/\",\"url\":\"https:\\\/\\\/raksersport.ee\\\/wp-content\\\/uploads\\\/2020\\\/03\\\/rakser-logo-BW.jpg\",\"contentUrl\":\"https:\\\/\\\/raksersport.ee\\\/wp-content\\\/uploads\\\/2020\\\/03\\\/rakser-logo-BW.jpg\",\"width\":2020,\"height\":377,\"caption\":\"Rakser Sport O\u00dc\"},\"image\":{\"@id\":\"https:\\\/\\\/raksersport.ee\\\/#\\\/schema\\\/logo\\\/image\\\/\"},\"sameAs\":[\"https:\\\/\\\/www.facebook.com\\\/RakserSport\\\/\"]}]}<\/script>\n<!-- \/ Yoast SEO plugin. -->","yoast_head_json":{"title":"V\u00f6\u00f6kott Icepeak Garber - Rakser Sport","description":"V\u00f6\u00f6kott Icepeak Garber 59544 Icepeak v\u00f6\u00f6kott. T\u00f5mblukuga tagatasku. Kaks lukuga esitaskut. Aasa kinnitus v\u00f5tmele. Reguleeritav rihm.","robots":{"index":"index","follow":"follow","max-snippet":"max-snippet:-1","max-image-preview":"max-image-preview:large","max-video-preview":"max-video-preview:-1"},"canonical":"https:\/\/raksersport.ee\/?product=vookott-icepeak-garber","og_locale":"et_EE","og_type":"article","og_title":"V\u00f6\u00f6kott Icepeak Garber - Rakser Sport","og_description":"V\u00f6\u00f6kott Icepeak Garber 59544 Icepeak v\u00f6\u00f6kott. T\u00f5mblukuga tagatasku. Kaks lukuga esitaskut. Aasa kinnitus v\u00f5tmele. Reguleeritav rihm.","og_url":"https:\/\/raksersport.ee\/?product=vookott-icepeak-garber","og_site_name":"Rakser Sport","article_publisher":"https:\/\/www.facebook.com\/RakserSport\/","og_image":[{"width":400,"height":400,"url":"https:\/\/raksersport.ee\/wp-content\/uploads\/2025\/03\/IP-kott-Garber-59544-585.jpg-3.jpg","type":"image\/jpeg"}],"twitter_card":"summary_large_image","twitter_misc":{"Est. reading time":"1 minut"},"schema":{"@context":"https:\/\/schema.org","@graph":[{"@type":"WebPage","@id":"https:\/\/raksersport.ee\/?product=vookott-icepeak-garber","url":"https:\/\/raksersport.ee\/?product=vookott-icepeak-garber","name":"V\u00f6\u00f6kott Icepeak Garber - Rakser Sport","isPartOf":{"@id":"https:\/\/raksersport.ee\/#website"},"primaryImageOfPage":{"@id":"https:\/\/raksersport.ee\/?product=vookott-icepeak-garber#primaryimage"},"image":{"@id":"https:\/\/raksersport.ee\/?product=vookott-icepeak-garber#primaryimage"},"thumbnailUrl":"https:\/\/raksersport.ee\/wp-content\/uploads\/2025\/03\/IP-kott-Garber-59544-585.jpg-3.jpg","datePublished":"2025-03-25T08:46:49+00:00","description":"V\u00f6\u00f6kott Icepeak Garber 59544 Icepeak v\u00f6\u00f6kott. T\u00f5mblukuga tagatasku. Kaks lukuga esitaskut. Aasa kinnitus v\u00f5tmele. Reguleeritav rihm.","breadcrumb":{"@id":"https:\/\/raksersport.ee\/?product=vookott-icepeak-garber#breadcrumb"},"inLanguage":"et","potentialAction":[{"@type":"ReadAction","target":["https:\/\/raksersport.ee\/?product=vookott-icepeak-garber"]}]},{"@type":"ImageObject","inLanguage":"et","@id":"https:\/\/raksersport.ee\/?product=vookott-icepeak-garber#primaryimage","url":"https:\/\/raksersport.ee\/wp-content\/uploads\/2025\/03\/IP-kott-Garber-59544-585.jpg-3.jpg","contentUrl":"https:\/\/raksersport.ee\/wp-content\/uploads\/2025\/03\/IP-kott-Garber-59544-585.jpg-3.jpg","width":400,"height":400},{"@type":"BreadcrumbList","@id":"https:\/\/raksersport.ee\/?product=vookott-icepeak-garber#breadcrumb","itemListElement":[{"@type":"ListItem","position":1,"name":"Home","item":"https:\/\/raksersport.ee\/"},{"@type":"ListItem","position":2,"name":"Pood","item":"https:\/\/raksersport.ee\/"},{"@type":"ListItem","position":3,"name":"V\u00f6\u00f6kott Icepeak Garber"}]},{"@type":"WebSite","@id":"https:\/\/raksersport.ee\/#website","url":"https:\/\/raksersport.ee\/","name":"RakserSport","description":"Spordipoed Haapsalus ja Raplas","publisher":{"@id":"https:\/\/raksersport.ee\/#organization"},"potentialAction":[{"@type":"SearchAction","target":{"@type":"EntryPoint","urlTemplate":"https:\/\/raksersport.ee\/?s={search_term_string}"},"query-input":{"@type":"PropertyValueSpecification","valueRequired":true,"valueName":"search_term_string"}}],"inLanguage":"et"},{"@type":"Organization","@id":"https:\/\/raksersport.ee\/#organization","name":"Rakser Sport O\u00dc","url":"https:\/\/raksersport.ee\/","logo":{"@type":"ImageObject","inLanguage":"et","@id":"https:\/\/raksersport.ee\/#\/schema\/logo\/image\/","url":"https:\/\/raksersport.ee\/wp-content\/uploads\/2020\/03\/rakser-logo-BW.jpg","contentUrl":"https:\/\/raksersport.ee\/wp-content\/uploads\/2020\/03\/rakser-logo-BW.jpg","width":2020,"height":377,"caption":"Rakser Sport O\u00dc"},"image":{"@id":"https:\/\/raksersport.ee\/#\/schema\/logo\/image\/"},"sameAs":["https:\/\/www.facebook.com\/RakserSport\/"]}]}},"jetpack_sharing_enabled":true,"_links":{"self":[{"href":"https:\/\/raksersport.ee\/wp-json\/wp\/v2\/product\/17764","targetHints":{"allow":["GET"]}}],"collection":[{"href":"https:\/\/raksersport.ee\/wp-json\/wp\/v2\/product"}],"about":[{"href":"https:\/\/raksersport.ee\/wp-json\/wp\/v2\/types\/product"}],"replies":[{"embeddable":true,"href":"https:\/\/raksersport.ee\/wp-json\/wp\/v2\/comments?post=17764"}],"wp:featuredmedia":[{"embeddable":true,"href":"https:\/\/raksersport.ee\/wp-json\/wp\/v2\/media\/17766"}],"wp:attachment":[{"href":"https:\/\/raksersport.ee\/wp-json\/wp\/v2\/media?parent=17764"}],"wp:term":[{"taxonomy":"product_brand","embeddable":true,"href":"https:\/\/raksersport.ee\/wp-json\/wp\/v2\/product_brand?post=17764"},{"taxonomy":"product_cat","embeddable":true,"href":"https:\/\/raksersport.ee\/wp-json\/wp\/v2\/product_cat?post=17764"},{"taxonomy":"product_tag","embeddable":true,"href":"https:\/\/raksersport.ee\/wp-json\/wp\/v2\/product_tag?post=17764"}],"curies":[{"name":"wp","href":"https:\/\/api.w.org\/{rel}","templated":true}]}}