{"id":1772,"date":"2020-06-01T14:07:11","date_gmt":"2020-06-01T14:07:11","guid":{"rendered":"https:\/\/raksersport.ee\/?post_type=product&#038;p=1772"},"modified":"2025-10-09T13:47:56","modified_gmt":"2025-10-09T13:47:56","slug":"nike-kawa-slide","status":"publish","type":"product","link":"https:\/\/raksersport.ee\/toode\/nike-kawa-slide\/","title":{"rendered":"Nike Kawa Slide"},"content":{"rendered":"<p>Nike Kawa Slide on teie jaoks \u00fclilihtne kasutada igal ajal. Pehme ja paindliku disainiga pl\u00e4tud aitavad kasvavatel jalgadel taastuda p\u00e4rast treeningut, nautida m\u00e4nguaega v\u00f5i mis tahes seiklust (n\u00e4iteks rannap\u00e4ev).<\/p>\n<p>&nbsp;<\/p>\n<p><b class=\"headline-5\">Toote \u00fcksikasjad<\/b><\/p>\n<ul>\n<li>Talla lainelised sooned muudavad liuguri paindlikuks, nii et iga samm tundub loomulik.<\/li>\n<li>Pehme s\u00fcnteetiline rihm kinnitab teie jalga.<\/li>\n<li>Pehme vaht jala all annab pehme tunde.<\/li>\n<li>V\u00e4rv: must<\/li>\n<\/ul>\n<p>Laste Nike jalan\u00f5ude suuruste tabel:<\/p>\n<p><img loading=\"lazy\" decoding=\"async\" class=\"alignleft size-full wp-image-1663\" src=\"https:\/\/raksersport.ee\/wp-content\/uploads\/2020\/06\/Laste-Nike-jalan\u00f5ud.jpg\" alt=\"\" width=\"760\" height=\"141\" srcset=\"https:\/\/raksersport.ee\/wp-content\/uploads\/2020\/06\/Laste-Nike-jalan\u00f5ud.jpg 760w, https:\/\/raksersport.ee\/wp-content\/uploads\/2020\/06\/Laste-Nike-jalan\u00f5ud-416x77.jpg 416w\" sizes=\"auto, (max-width: 760px) 100vw, 760px\" \/><\/p>\n","protected":false},"excerpt":{"rendered":"<p>Nike Kawa Slide on teie jaoks \u00fclilihtne kasutada igal ajal. Pehme ja paindliku disainiga pl\u00e4tud aitavad kasvavatel jalgadel taastuda p\u00e4rast treeningut, nautida m\u00e4nguaega v\u00f5i mis tahes seiklust (n\u00e4iteks rannap\u00e4ev).<\/p>\n","protected":false},"featured_media":1773,"comment_status":"open","ping_status":"closed","template":"","meta":{"_uf_show_specific_survey":0,"_uf_disable_surveys":false},"product_brand":[],"product_cat":[134,18,172],"product_tag":[72],"class_list":{"0":"post-1772","1":"product","2":"type-product","3":"status-publish","4":"has-post-thumbnail","6":"product_cat-jalatsid-lapsed","7":"product_cat-lapsed","8":"product_cat-sandaalid-ja-platud","9":"product_tag-nike","11":"first","12":"instock","13":"taxable","14":"shipping-taxable","15":"purchasable","16":"product-type-variable"},"yoast_head":"<!-- This site is optimized with the Yoast SEO plugin v27.4 - https:\/\/yoast.com\/product\/yoast-seo-wordpress\/ -->\n<title>Nike Kawa Slide<\/title>\n<meta name=\"description\" content=\"Nike Kawa Slide 819352. \u00dclilihtne kasutada igal pool, igal ajal - n\u00e4iteks peale trenni m\u00e4nguv\u00e4ljakul. Eriti mugavad - paindlikud ja pehmed stiilsed pl\u00e4tud.\" \/>\n<meta name=\"robots\" content=\"index, follow, max-snippet:-1, max-image-preview:large, max-video-preview:-1\" \/>\n<link rel=\"canonical\" href=\"https:\/\/raksersport.ee\/?product=nike-kawa-slide\" \/>\n<meta property=\"og:locale\" content=\"et_EE\" \/>\n<meta property=\"og:type\" content=\"article\" \/>\n<meta property=\"og:title\" content=\"Nike Kawa Slide\" \/>\n<meta property=\"og:description\" content=\"Nike Kawa Slide 819352. \u00dclilihtne kasutada igal pool, igal ajal - n\u00e4iteks peale trenni m\u00e4nguv\u00e4ljakul. Eriti mugavad - paindlikud ja pehmed stiilsed pl\u00e4tud.\" \/>\n<meta property=\"og:url\" content=\"https:\/\/raksersport.ee\/?product=nike-kawa-slide\" \/>\n<meta property=\"og:site_name\" content=\"Rakser Sport\" \/>\n<meta property=\"article:publisher\" content=\"https:\/\/www.facebook.com\/RakserSport\/\" \/>\n<meta property=\"article:modified_time\" content=\"2025-10-09T13:47:56+00:00\" \/>\n<meta property=\"og:image\" content=\"https:\/\/raksersport.ee\/wp-content\/uploads\/2020\/06\/819352-001-2-nike.jpg\" \/>\n\t<meta property=\"og:image:width\" content=\"2000\" \/>\n\t<meta property=\"og:image:height\" content=\"2000\" \/>\n\t<meta property=\"og:image:type\" content=\"image\/jpeg\" \/>\n<meta name=\"twitter:card\" content=\"summary_large_image\" \/>\n<meta name=\"twitter:label1\" content=\"Est. reading time\" \/>\n\t<meta name=\"twitter:data1\" content=\"1 minut\" \/>\n<script type=\"application\/ld+json\" class=\"yoast-schema-graph\">{\"@context\":\"https:\\\/\\\/schema.org\",\"@graph\":[{\"@type\":\"WebPage\",\"@id\":\"https:\\\/\\\/raksersport.ee\\\/?product=nike-kawa-slide\",\"url\":\"https:\\\/\\\/raksersport.ee\\\/?product=nike-kawa-slide\",\"name\":\"Nike Kawa Slide\",\"isPartOf\":{\"@id\":\"https:\\\/\\\/raksersport.ee\\\/#website\"},\"primaryImageOfPage\":{\"@id\":\"https:\\\/\\\/raksersport.ee\\\/?product=nike-kawa-slide#primaryimage\"},\"image\":{\"@id\":\"https:\\\/\\\/raksersport.ee\\\/?product=nike-kawa-slide#primaryimage\"},\"thumbnailUrl\":\"https:\\\/\\\/raksersport.ee\\\/wp-content\\\/uploads\\\/2020\\\/06\\\/819352-001-2-nike.jpg\",\"datePublished\":\"2020-06-01T14:07:11+00:00\",\"dateModified\":\"2025-10-09T13:47:56+00:00\",\"description\":\"Nike Kawa Slide 819352. \u00dclilihtne kasutada igal pool, igal ajal - n\u00e4iteks peale trenni m\u00e4nguv\u00e4ljakul. Eriti mugavad - paindlikud ja pehmed stiilsed pl\u00e4tud.\",\"breadcrumb\":{\"@id\":\"https:\\\/\\\/raksersport.ee\\\/?product=nike-kawa-slide#breadcrumb\"},\"inLanguage\":\"et\",\"potentialAction\":[{\"@type\":\"ReadAction\",\"target\":[\"https:\\\/\\\/raksersport.ee\\\/?product=nike-kawa-slide\"]}]},{\"@type\":\"ImageObject\",\"inLanguage\":\"et\",\"@id\":\"https:\\\/\\\/raksersport.ee\\\/?product=nike-kawa-slide#primaryimage\",\"url\":\"https:\\\/\\\/raksersport.ee\\\/wp-content\\\/uploads\\\/2020\\\/06\\\/819352-001-2-nike.jpg\",\"contentUrl\":\"https:\\\/\\\/raksersport.ee\\\/wp-content\\\/uploads\\\/2020\\\/06\\\/819352-001-2-nike.jpg\",\"width\":2000,\"height\":2000,\"caption\":\"Nike Kawa Slide\"},{\"@type\":\"BreadcrumbList\",\"@id\":\"https:\\\/\\\/raksersport.ee\\\/?product=nike-kawa-slide#breadcrumb\",\"itemListElement\":[{\"@type\":\"ListItem\",\"position\":1,\"name\":\"Home\",\"item\":\"https:\\\/\\\/raksersport.ee\\\/\"},{\"@type\":\"ListItem\",\"position\":2,\"name\":\"Pood\",\"item\":\"https:\\\/\\\/raksersport.ee\\\/\"},{\"@type\":\"ListItem\",\"position\":3,\"name\":\"Nike Kawa Slide\"}]},{\"@type\":\"WebSite\",\"@id\":\"https:\\\/\\\/raksersport.ee\\\/#website\",\"url\":\"https:\\\/\\\/raksersport.ee\\\/\",\"name\":\"RakserSport\",\"description\":\"Spordipoed Haapsalus ja Raplas\",\"publisher\":{\"@id\":\"https:\\\/\\\/raksersport.ee\\\/#organization\"},\"potentialAction\":[{\"@type\":\"SearchAction\",\"target\":{\"@type\":\"EntryPoint\",\"urlTemplate\":\"https:\\\/\\\/raksersport.ee\\\/?s={search_term_string}\"},\"query-input\":{\"@type\":\"PropertyValueSpecification\",\"valueRequired\":true,\"valueName\":\"search_term_string\"}}],\"inLanguage\":\"et\"},{\"@type\":\"Organization\",\"@id\":\"https:\\\/\\\/raksersport.ee\\\/#organization\",\"name\":\"Rakser Sport O\u00dc\",\"url\":\"https:\\\/\\\/raksersport.ee\\\/\",\"logo\":{\"@type\":\"ImageObject\",\"inLanguage\":\"et\",\"@id\":\"https:\\\/\\\/raksersport.ee\\\/#\\\/schema\\\/logo\\\/image\\\/\",\"url\":\"https:\\\/\\\/raksersport.ee\\\/wp-content\\\/uploads\\\/2020\\\/03\\\/rakser-logo-BW.jpg\",\"contentUrl\":\"https:\\\/\\\/raksersport.ee\\\/wp-content\\\/uploads\\\/2020\\\/03\\\/rakser-logo-BW.jpg\",\"width\":2020,\"height\":377,\"caption\":\"Rakser Sport O\u00dc\"},\"image\":{\"@id\":\"https:\\\/\\\/raksersport.ee\\\/#\\\/schema\\\/logo\\\/image\\\/\"},\"sameAs\":[\"https:\\\/\\\/www.facebook.com\\\/RakserSport\\\/\"]}]}<\/script>\n<!-- \/ Yoast SEO plugin. -->","yoast_head_json":{"title":"Nike Kawa Slide","description":"Nike Kawa Slide 819352. \u00dclilihtne kasutada igal pool, igal ajal - n\u00e4iteks peale trenni m\u00e4nguv\u00e4ljakul. Eriti mugavad - paindlikud ja pehmed stiilsed pl\u00e4tud.","robots":{"index":"index","follow":"follow","max-snippet":"max-snippet:-1","max-image-preview":"max-image-preview:large","max-video-preview":"max-video-preview:-1"},"canonical":"https:\/\/raksersport.ee\/?product=nike-kawa-slide","og_locale":"et_EE","og_type":"article","og_title":"Nike Kawa Slide","og_description":"Nike Kawa Slide 819352. \u00dclilihtne kasutada igal pool, igal ajal - n\u00e4iteks peale trenni m\u00e4nguv\u00e4ljakul. Eriti mugavad - paindlikud ja pehmed stiilsed pl\u00e4tud.","og_url":"https:\/\/raksersport.ee\/?product=nike-kawa-slide","og_site_name":"Rakser Sport","article_publisher":"https:\/\/www.facebook.com\/RakserSport\/","article_modified_time":"2025-10-09T13:47:56+00:00","og_image":[{"width":2000,"height":2000,"url":"https:\/\/raksersport.ee\/wp-content\/uploads\/2020\/06\/819352-001-2-nike.jpg","type":"image\/jpeg"}],"twitter_card":"summary_large_image","twitter_misc":{"Est. reading time":"1 minut"},"schema":{"@context":"https:\/\/schema.org","@graph":[{"@type":"WebPage","@id":"https:\/\/raksersport.ee\/?product=nike-kawa-slide","url":"https:\/\/raksersport.ee\/?product=nike-kawa-slide","name":"Nike Kawa Slide","isPartOf":{"@id":"https:\/\/raksersport.ee\/#website"},"primaryImageOfPage":{"@id":"https:\/\/raksersport.ee\/?product=nike-kawa-slide#primaryimage"},"image":{"@id":"https:\/\/raksersport.ee\/?product=nike-kawa-slide#primaryimage"},"thumbnailUrl":"https:\/\/raksersport.ee\/wp-content\/uploads\/2020\/06\/819352-001-2-nike.jpg","datePublished":"2020-06-01T14:07:11+00:00","dateModified":"2025-10-09T13:47:56+00:00","description":"Nike Kawa Slide 819352. \u00dclilihtne kasutada igal pool, igal ajal - n\u00e4iteks peale trenni m\u00e4nguv\u00e4ljakul. Eriti mugavad - paindlikud ja pehmed stiilsed pl\u00e4tud.","breadcrumb":{"@id":"https:\/\/raksersport.ee\/?product=nike-kawa-slide#breadcrumb"},"inLanguage":"et","potentialAction":[{"@type":"ReadAction","target":["https:\/\/raksersport.ee\/?product=nike-kawa-slide"]}]},{"@type":"ImageObject","inLanguage":"et","@id":"https:\/\/raksersport.ee\/?product=nike-kawa-slide#primaryimage","url":"https:\/\/raksersport.ee\/wp-content\/uploads\/2020\/06\/819352-001-2-nike.jpg","contentUrl":"https:\/\/raksersport.ee\/wp-content\/uploads\/2020\/06\/819352-001-2-nike.jpg","width":2000,"height":2000,"caption":"Nike Kawa Slide"},{"@type":"BreadcrumbList","@id":"https:\/\/raksersport.ee\/?product=nike-kawa-slide#breadcrumb","itemListElement":[{"@type":"ListItem","position":1,"name":"Home","item":"https:\/\/raksersport.ee\/"},{"@type":"ListItem","position":2,"name":"Pood","item":"https:\/\/raksersport.ee\/"},{"@type":"ListItem","position":3,"name":"Nike Kawa Slide"}]},{"@type":"WebSite","@id":"https:\/\/raksersport.ee\/#website","url":"https:\/\/raksersport.ee\/","name":"RakserSport","description":"Spordipoed Haapsalus ja Raplas","publisher":{"@id":"https:\/\/raksersport.ee\/#organization"},"potentialAction":[{"@type":"SearchAction","target":{"@type":"EntryPoint","urlTemplate":"https:\/\/raksersport.ee\/?s={search_term_string}"},"query-input":{"@type":"PropertyValueSpecification","valueRequired":true,"valueName":"search_term_string"}}],"inLanguage":"et"},{"@type":"Organization","@id":"https:\/\/raksersport.ee\/#organization","name":"Rakser Sport O\u00dc","url":"https:\/\/raksersport.ee\/","logo":{"@type":"ImageObject","inLanguage":"et","@id":"https:\/\/raksersport.ee\/#\/schema\/logo\/image\/","url":"https:\/\/raksersport.ee\/wp-content\/uploads\/2020\/03\/rakser-logo-BW.jpg","contentUrl":"https:\/\/raksersport.ee\/wp-content\/uploads\/2020\/03\/rakser-logo-BW.jpg","width":2020,"height":377,"caption":"Rakser Sport O\u00dc"},"image":{"@id":"https:\/\/raksersport.ee\/#\/schema\/logo\/image\/"},"sameAs":["https:\/\/www.facebook.com\/RakserSport\/"]}]}},"jetpack_sharing_enabled":true,"_links":{"self":[{"href":"https:\/\/raksersport.ee\/wp-json\/wp\/v2\/product\/1772","targetHints":{"allow":["GET"]}}],"collection":[{"href":"https:\/\/raksersport.ee\/wp-json\/wp\/v2\/product"}],"about":[{"href":"https:\/\/raksersport.ee\/wp-json\/wp\/v2\/types\/product"}],"replies":[{"embeddable":true,"href":"https:\/\/raksersport.ee\/wp-json\/wp\/v2\/comments?post=1772"}],"wp:featuredmedia":[{"embeddable":true,"href":"https:\/\/raksersport.ee\/wp-json\/wp\/v2\/media\/1773"}],"wp:attachment":[{"href":"https:\/\/raksersport.ee\/wp-json\/wp\/v2\/media?parent=1772"}],"wp:term":[{"taxonomy":"product_brand","embeddable":true,"href":"https:\/\/raksersport.ee\/wp-json\/wp\/v2\/product_brand?post=1772"},{"taxonomy":"product_cat","embeddable":true,"href":"https:\/\/raksersport.ee\/wp-json\/wp\/v2\/product_cat?post=1772"},{"taxonomy":"product_tag","embeddable":true,"href":"https:\/\/raksersport.ee\/wp-json\/wp\/v2\/product_tag?post=1772"}],"curies":[{"name":"wp","href":"https:\/\/api.w.org\/{rel}","templated":true}]}}