{"id":17442,"date":"2025-03-07T14:11:23","date_gmt":"2025-03-07T14:11:23","guid":{"rendered":"https:\/\/raksersport.ee\/?post_type=product&#038;p=17442"},"modified":"2025-06-05T08:12:18","modified_gmt":"2025-06-05T08:12:18","slug":"cube-town-one-ee-slateblack-lunar","status":"publish","type":"product","link":"https:\/\/raksersport.ee\/toode\/cube-town-one-ee-slateblack-lunar\/","title":{"rendered":"Cube Town One EE Slateblack Lunar"},"content":{"rendered":"<p><strong>Cube Town One EE Slateblack Lunar<\/strong><\/p>\n<div>\n<div class=\"offcanvas-body\">\n<div class=\"product-detail-all-components tab-pane-container max-width e-full-background\">\n<div class=\"row g-0\">\n<div class=\"col-12 col-lg-6\">\n<div class=\"accordion\">\n<div id=\"productAccordion\" class=\"product-detail-description-accordion\">\n<div class=\"card \">\n<div id=\"collapse-3\" class=\"collapse show\" aria-labelledby=\"heading-3\" data-bs-parent=\"#productAccordion\">\n<div class=\"card-body\">Meie spetsiaalselt loodud t\u00f5husa mugavuse geomeetriaga on rattas\u00f5it lihtne nauding. Olenemata sellest, kas reisite linnas v\u00f5i avastate kaugemaid piirkondi, s\u00f5idate pere v\u00f5i s\u00f5pradega, t\u00f6\u00f6 v\u00f5i l\u00f5bu p\u00e4rast, oleme loonud s\u00f5idukogemuse, mis paneb teid tagasi tulema, et saada rohkem.<\/div>\n<div><\/div>\n<\/div>\n<\/div>\n<\/div>\n<\/div>\n<\/div>\n<\/div>\n<div class=\"d-grid\">\n<div>\n<div class=\"offcanvas-body\">\n<div class=\"product-detail-all-components tab-pane-container max-width e-full-background\">\n<div class=\"row g-0\">\n<div class=\"col-12 col-lg-6\">\n<div class=\"accordion\">\n<div id=\"productAccordion\" class=\"product-detail-description-accordion\">\n<div class=\"card \">\n<div id=\"collapse-1\" class=\"collapse show\" aria-labelledby=\"heading-1\" data-bs-parent=\"#productAccordion\">\n<div class=\"card-body\">Pakihoidja ei pea olema teie rattale keeruline ja inetu lisand. Meie poolintegreeritud kandur on nii korralik, et te ei m\u00e4rka seda vaevu&#8230; kuni on aeg midagi poodidest tagasi tassida, t\u00f6\u00f6le s\u00f5ita v\u00f5i linna otsas n\u00e4ppida, et midagi tuua. Tugev ja kohanemisv\u00f5imeline \u2013 see on just see, mida vajate, et muuta igap\u00e4evaelu veidi lihtsamaks.<\/div>\n<\/div>\n<\/div>\n<div class=\"card \">\n<div id=\"heading-2\" class=\"card-header\"><\/div>\n<\/div>\n<div class=\"card \">\n<div class=\"d-grid\"><\/div>\n<\/div>\n<\/div>\n<\/div>\n<\/div>\n<\/div>\n<\/div>\n<\/div>\n<\/div>\n<div>\n<div class=\"product-property-tables container\">\n<div class=\"section\">\n<div>\n<div class=\"offcanvas-body\">\n<div class=\"product-detail-all-components tab-pane-container max-width e-full-background\">\n<div class=\"row g-0\">\n<div class=\"col-12 col-lg-6\">\n<div class=\"accordion\">\n<div id=\"productAccordion\" class=\"product-detail-description-accordion\">\n<div class=\"card \">\n<div id=\"collapse-2\" class=\"collapse show\" aria-labelledby=\"heading-2\" data-bs-parent=\"#productAccordion\">\n<div class=\"card-body\">Easy Entry pakub t\u00e4pselt seda, mida see \u00fctleb: kiire ja lihtne juurdep\u00e4\u00e4s igale s\u00f5itjale t\u00e4nu nutikatele raami disainifunktsioonidele.<\/div>\n<div><\/div>\n<\/div>\n<\/div>\n<\/div>\n<\/div>\n<\/div>\n<\/div>\n<\/div>\n<\/div>\n<\/div>\n<div>\n<div class=\"product-property-tables container\">\n<div class=\"section\">\n<div>\n<div class=\"offcanvas-body\">\n<div class=\"product-detail-all-components tab-pane-container max-width e-full-background\">\n<div class=\"row g-0\">\n<div class=\"col-12 col-lg-6\">\n<div class=\"accordion\">\n<div id=\"productAccordion\" class=\"product-detail-description-accordion\">\n<div class=\"card \">\n<div id=\"collapse-4\" class=\"collapse show\" aria-labelledby=\"heading-4\" data-bs-parent=\"#productAccordion\">\n<div class=\"card-body\">K\u00e4ikude ja pidurite kaablid on h\u00e4davajalikud, kuid te ei soovi neid tingimata kogu aeg n\u00e4ha. Meie poolsisemine kaablimarsruut viib k\u00e4igu- ja piduritrossid l\u00e4bi p\u00f5hjatoru, et tagada puhtam v\u00e4limus, sujuvamad k\u00e4iguvahetused ja v\u00e4hem hooldust. Nii et teie CUBE jalgratas n\u00e4eb hea v\u00e4lja ja t\u00f6\u00f6tab j\u00e4tkuvalt nii nagu peab, ning keskendute lihtsalt s\u00f5idu nautimisele.<\/div>\n<\/div>\n<\/div>\n<div class=\"card \">\n<div id=\"heading-5\" class=\"card-header\">\n<div class=\"d-grid\"><\/div>\n<\/div>\n<\/div>\n<\/div>\n<\/div>\n<\/div>\n<\/div>\n<\/div>\n<\/div>\n<\/div>\n<div>\n<div class=\"product-property-tables container\">\n<div class=\"section\">\n<div>\n<div class=\"offcanvas-body\">\n<div class=\"product-detail-all-components tab-pane-container max-width e-full-background\">\n<div class=\"row g-0\">\n<div class=\"col-12 col-lg-6\">\n<div class=\"accordion\">\n<div id=\"productAccordion\" class=\"product-detail-description-accordion\">\n<div class=\"card \">\n<div id=\"collapse-5\" class=\"collapse show\" aria-labelledby=\"heading-5\" data-bs-parent=\"#productAccordion\">\n<div class=\"card-body\">CUBE Aluminium Superlite algab kuumt\u00f6\u00f6deldud 6061 alumiiniumist, millel on jalgrattaraami jaoks olulised omadused \u2013 k\u00f5rge v\u00e4simuskindlus, hea j\u00e4ikus, v\u00e4ike kaal ja suurep\u00e4rane tugevus. Seej\u00e4rel valmistame sellest topelttorudeks, et v\u00e4hendada kaalu ilma selle tugevust ohverdamata. Tulemus? Erakordselt kerged, tugevad ja sitked raamid.<\/div>\n<div><\/div>\n<\/div>\n<\/div>\n<\/div>\n<\/div>\n<\/div>\n<\/div>\n<\/div>\n<\/div>\n<\/div>\n<div class=\"section\">\n<h4>Toote \u00fcksikasjad:<\/h4>\n<p><strong>RAAM<\/strong><\/p>\n<\/div>\n<div class=\"table-row row g-0\">\n<div class=\"col-7 col-md-9 col-lg-10\">\n<p class=\"mb-0\">Alumiiniumist Superlite, matkamise mugavus<\/p>\n<\/div>\n<\/div>\n<div class=\"table-row row g-0\">\n<div class=\"col-5 col-md-3 col-lg-2\"><strong>SUURUS<\/strong><\/div>\n<div><\/div>\n<\/div>\n<\/div>\n<\/div>\n<\/div>\n<div>\n<div class=\"section\">\n<div class=\"table-row row g-0\">\n<div class=\"col-7 col-md-9 col-lg-10\">\n<p class=\"mb-0\">Lihtne siseneda: XS \/ 45 cm, S \/ 49 cm, M \/ 53 cm<\/p>\n<\/div>\n<\/div>\n<\/div>\n<div class=\"section\"><strong>VEDRUSTUSKAHVEL<\/strong><\/div>\n<div><\/div>\n<\/div>\n<\/div>\n<\/div>\n<\/div>\n<\/div>\n<\/div>\n<div>\n<div class=\"section\">\n<div class=\"table-row row g-0\">\n<div class=\"col-7 col-md-9 col-lg-10\">\n<p class=\"mb-0\">SR Suntour NEX, 63mm<\/p>\n<\/div>\n<\/div>\n<\/div>\n<div class=\"section\"><strong>PIDURIS\u00dcSTEEM<\/strong><\/div>\n<\/div>\n<\/div>\n<\/div>\n<\/div>\n<\/div>\n<\/div>\n<div><\/div>\n<div>\n<div class=\"table-row row g-0\">\n<div class=\"col-7 col-md-9 col-lg-10\">\n<p class=\"mb-0\">Legeeritud V-pidur Powermodulaatoriga<\/p>\n<\/div>\n<\/div>\n<div class=\"table-row row g-0\">\n<div class=\"col-5 col-md-3 col-lg-2\"><strong>K\u00c4IGUVAHETAJAD<\/strong><\/div>\n<div><\/div>\n<\/div>\n<div>\n<div class=\"table-row row g-0\">\n<div class=\"col-7 col-md-9 col-lg-10\">\n<p class=\"mb-0\">Shimano Nexus SL-C3000-7, Revoshift<\/p>\n<\/div>\n<\/div>\n<div class=\"table-row row g-0\">\n<div class=\"col-5 col-md-3 col-lg-2\"><strong>ALUMINE SULG<\/strong><\/div>\n<div><\/div>\n<\/div>\n<\/div>\n<div>\n<div class=\"table-row row g-0\">\n<div class=\"col-7 col-md-9 col-lg-10\">\n<p class=\"mb-0\">Feimin FP-B902N<\/p>\n<\/div>\n<\/div>\n<div class=\"table-row row g-0\">\n<div class=\"col-5 col-md-3 col-lg-2\"><strong>V\u00c4NT<\/strong><\/div>\n<\/div>\n<\/div>\n<\/div>\n<div><\/div>\n<div>\n<div class=\"table-row row g-0\">\n<div class=\"col-7 col-md-9 col-lg-10\">\n<p class=\"mb-0\">Prowheel PRA 11C, 170mm<\/p>\n<\/div>\n<\/div>\n<div class=\"table-row row g-0\">\n<div class=\"col-5 col-md-3 col-lg-2\"><strong>KETT<\/strong><\/div>\n<\/div>\n<\/div>\n<div><\/div>\n<div>\n<div class=\"table-row row g-0\">\n<div class=\"col-7 col-md-9 col-lg-10\">\n<p class=\"mb-0\">KMC HV500<\/p>\n<\/div>\n<\/div>\n<div class=\"table-row row g-0\">\n<div class=\"col-5 col-md-3 col-lg-2\"><strong>KETIRATAS<\/strong><\/div>\n<\/div>\n<\/div>\n<div><\/div>\n<div>\n<div class=\"section\">\n<div class=\"table-row row g-0\">\n<div class=\"col-7 col-md-9 col-lg-10\">\n<p class=\"mb-0\">Shimano Nexus, 20T<\/p>\n<\/div>\n<\/div>\n<\/div>\n<div class=\"section\"><strong>JUHTRAUD<\/strong><\/div>\n<\/div>\n<div><\/div>\n<div>\n<div class=\"table-row row g-0\">\n<div class=\"col-7 col-md-9 col-lg-10\">\n<p class=\"mb-0\">CUBE Comfort Trail Bar, 680mm<\/p>\n<\/div>\n<\/div>\n<div class=\"table-row row g-0\">\n<div class=\"col-5 col-md-3 col-lg-2\"><strong>VARS<\/strong><\/div>\n<\/div>\n<\/div>\n<div><\/div>\n<div>\n<p>CUBE Comfort Stem Pro, 31,8 mm, reguleeritav<\/p>\n<p><strong>K\u00c4EPIDEMED<\/strong><\/p>\n<\/div>\n<div class=\"section\">\n<div class=\"table-row row g-0\">\n<div class=\"col-7 col-md-9 col-lg-10\">\n<p class=\"mb-0\">ACID Travel Comfort Gripshift<\/p>\n<\/div>\n<\/div>\n<\/div>\n<div class=\"section\"><strong>PEAKOMPLEKT<\/strong><\/div>\n<div><\/div>\n<div>\n<div class=\"table-row row g-0\">\n<div class=\"col-7 col-md-9 col-lg-10\">\n<p class=\"mb-0\">CUBE H863, 1 1\/8&#8243;, poolintegreeritud<\/p>\n<\/div>\n<\/div>\n<div class=\"table-row row g-0\">\n<div class=\"col-5 col-md-3 col-lg-2\"><strong>EESMINE RUMM<\/strong><\/div>\n<\/div>\n<\/div>\n<div><\/div>\n<div>\n<div class=\"table-row row g-0\">\n<div class=\"col-7 col-md-9 col-lg-10\">\n<p class=\"mb-0\">Shimano DH-C3000, rummu d\u00fcnamo, mutter<\/p>\n<\/div>\n<\/div>\n<div class=\"table-row row g-0\">\n<div class=\"col-5 col-md-3 col-lg-2\"><strong>TAGUMINE RUMM<\/strong><\/div>\n<\/div>\n<\/div>\n<div><\/div>\n<div>\n<div class=\"table-row row g-0\">\n<div class=\"col-7 col-md-9 col-lg-10\">\n<p class=\"mb-0\">Shimano Nexus SG-C3000-7R, 7-k\u00e4iguline, mutter<\/p>\n<\/div>\n<\/div>\n<div class=\"table-row row g-0\">\n<div class=\"col-5 col-md-3 col-lg-2\"><strong>VELJED<\/strong><\/div>\n<\/div>\n<\/div>\n<div><\/div>\n<div>\n<div class=\"table-row row g-0\">\n<div class=\"col-7 col-md-9 col-lg-10\">\n<p class=\"mb-0\">CUBE ZX20, 36H, V-pidur<\/p>\n<\/div>\n<\/div>\n<div class=\"table-row row g-0\">\n<div class=\"col-5 col-md-3 col-lg-2\"><strong>REHVID<\/strong><\/div>\n<\/div>\n<\/div>\n<div><\/div>\n<div>\n<div class=\"section\">\n<div class=\"table-row row g-0\">\n<div class=\"col-7 col-md-9 col-lg-10\">\n<p class=\"mb-0\">CUBE Trekking, 47-622<\/p>\n<\/div>\n<\/div>\n<\/div>\n<\/div>\n<div class=\"section\"><strong>ISTMEPOST<\/strong><\/div>\n<div><\/div>\n<div>\n<div class=\"table-row row g-0\">\n<div class=\"col-7 col-md-9 col-lg-10\">\n<p class=\"mb-0\">CUBE Performance Post, 27,2 mm<\/p>\n<\/div>\n<\/div>\n<div class=\"table-row row g-0\">\n<div class=\"col-5 col-md-3 col-lg-2\"><strong>SADUL<\/strong><\/div>\n<\/div>\n<\/div>\n<div><\/div>\n<div>\n<div class=\"table-row row g-0\">\n<div class=\"col-7 col-md-9 col-lg-10\">\n<p class=\"mb-0\">Natural Fit Sequence<\/p>\n<\/div>\n<\/div>\n<div class=\"table-row row g-0\">\n<div class=\"col-5 col-md-3 col-lg-2\"><strong>PEDAALID<\/strong><\/div>\n<\/div>\n<\/div>\n<div><\/div>\n<div>\n<div class=\"table-row row g-0\">\n<div class=\"col-7 col-md-9 col-lg-10\">\n<p class=\"mb-0\">CUBE PP MTB<\/p>\n<\/div>\n<\/div>\n<div class=\"table-row row g-0\">\n<div class=\"col-5 col-md-3 col-lg-2\"><strong>ESITULI<\/strong><\/div>\n<\/div>\n<\/div>\n<div><\/div>\n<div>\n<div class=\"table-row row g-0\">\n<div class=\"col-7 col-md-9 col-lg-10\">\n<p class=\"mb-0\">KUUBIK S\u00e4rav 50<\/p>\n<\/div>\n<\/div>\n<div class=\"table-row row g-0\">\n<div class=\"col-5 col-md-3 col-lg-2\"><strong>TAGUMINE TULI<\/strong><\/div>\n<\/div>\n<\/div>\n<div><\/div>\n<div>\n<p>ACID porikaitse tagatuli PRO-D, 6V, AC<\/p>\n<p><strong>TUGIJALG<\/strong><\/p>\n<\/div>\n<div class=\"table-row row g-0\">\n<div class=\"col-7 col-md-9 col-lg-10\">\n<p class=\"mb-0\">Ursus 71 Elegance<\/p>\n<\/div>\n<\/div>\n<div class=\"col-5 col-md-3 col-lg-2\"><strong>PORILAUAD<\/strong><\/div>\n<div><\/div>\n<div>\n<div class=\"table-row row g-0\">\n<div class=\"col-7 col-md-9 col-lg-10\">\n<p class=\"mb-0\">ACID 53 BB-kinnitus<\/p>\n<\/div>\n<\/div>\n<div class=\"table-row row g-0\">\n<div class=\"col-5 col-md-3 col-lg-2\"><strong>KELLUKE<\/strong><\/div>\n<\/div>\n<\/div>\n<div><\/div>\n<div>Nuvo<\/div>\n<div><\/div>\n<div><strong>VEDAJA<\/strong><\/div>\n<div><\/div>\n<div>\n<div class=\"section\">\n<div class=\"table-row row g-0\">\n<div class=\"col-7 col-md-9 col-lg-10\">\n<p class=\"mb-0\">ACID poolintegreeritud kandja, ACID RILink adapteriga \u00fchilduv<\/p>\n<\/div>\n<\/div>\n<\/div>\n<div class=\"section\"><strong>KAAL<\/strong><\/div>\n<\/div>\n<div><\/div>\n<div>\n<div class=\"table-row row g-0\">\n<div class=\"col-7 col-md-9 col-lg-10\">\n<p class=\"mb-0\">17,4 kg<\/p>\n<\/div>\n<\/div>\n<div class=\"table-row row g-0\">\n<div class=\"col-5 col-md-3 col-lg-2\"><strong>V\u00c4RV<\/strong><\/div>\n<\/div>\n<\/div>\n<div><\/div>\n<div>\n<div class=\"table-row row g-0\">\n<div class=\"col-7 col-md-9 col-lg-10\">\n<p class=\"mb-0\">kiltkivimusta kuu<\/p>\n<\/div>\n<\/div>\n<\/div>\n","protected":false},"excerpt":{"rendered":"<p>Cube Town One EE Slateblack Lunar &#8211; Meie spetsiaalselt loodud t\u00f5husa mugavuse geomeetriaga on rattas\u00f5it lihtne nauding. Olenemata sellest, kas reisite linnas v\u00f5i avastate kaugemaid piirkondi, s\u00f5idate pere v\u00f5i s\u00f5pradega, t\u00f6\u00f6 v\u00f5i l\u00f5bu p\u00e4rast, oleme loonud s\u00f5idukogemuse, mis paneb teid tagasi tulema, et saada rohkem.<\/p>\n<div>\n<div class=\"product-property-tables container\">\n<div class=\"section\"><\/div>\n<\/div>\n<\/div>\n","protected":false},"featured_media":17545,"comment_status":"open","ping_status":"closed","template":"","meta":{"_uf_show_specific_survey":0,"_uf_disable_surveys":false},"product_brand":[],"product_cat":[85,22],"product_tag":[129],"class_list":{"0":"post-17442","1":"product","2":"type-product","3":"status-publish","4":"has-post-thumbnail","6":"product_cat-linnarattad","7":"product_cat-bicycles","8":"product_tag-cube","10":"first","11":"instock","12":"taxable","13":"shipping-taxable","14":"purchasable","15":"product-type-variable"},"yoast_head":"<!-- This site is optimized with the Yoast SEO plugin v27.4 - https:\/\/yoast.com\/product\/yoast-seo-wordpress\/ -->\n<title>Cube Town One EE Slateblack Lunar - Rakser Sport<\/title>\n<meta name=\"description\" content=\"Cube Town One EE Slateblack Lunar 863100\" \/>\n<meta name=\"robots\" content=\"index, follow, max-snippet:-1, max-image-preview:large, max-video-preview:-1\" \/>\n<link rel=\"canonical\" href=\"https:\/\/raksersport.ee\/?product=cube-town-one-ee-slateblack-lunar\" \/>\n<meta property=\"og:locale\" content=\"et_EE\" \/>\n<meta property=\"og:type\" content=\"article\" \/>\n<meta property=\"og:title\" content=\"Cube Town One EE Slateblack Lunar - Rakser Sport\" \/>\n<meta property=\"og:description\" content=\"Cube Town One EE Slateblack Lunar 863100\" \/>\n<meta property=\"og:url\" content=\"https:\/\/raksersport.ee\/?product=cube-town-one-ee-slateblack-lunar\" \/>\n<meta property=\"og:site_name\" content=\"Rakser Sport\" \/>\n<meta property=\"article:publisher\" content=\"https:\/\/www.facebook.com\/RakserSport\/\" \/>\n<meta property=\"article:modified_time\" content=\"2025-06-05T08:12:18+00:00\" \/>\n<meta property=\"og:image\" content=\"https:\/\/raksersport.ee\/wp-content\/uploads\/2025\/03\/Cube-linn-ratas-863100.jpg-7.jpg\" \/>\n\t<meta property=\"og:image:width\" content=\"1920\" \/>\n\t<meta property=\"og:image:height\" content=\"1276\" \/>\n\t<meta property=\"og:image:type\" content=\"image\/jpeg\" \/>\n<meta name=\"twitter:card\" content=\"summary_large_image\" \/>\n<meta name=\"twitter:label1\" content=\"Est. reading time\" \/>\n\t<meta name=\"twitter:data1\" content=\"3 minutit\" \/>\n<script type=\"application\/ld+json\" class=\"yoast-schema-graph\">{\"@context\":\"https:\\\/\\\/schema.org\",\"@graph\":[{\"@type\":\"WebPage\",\"@id\":\"https:\\\/\\\/raksersport.ee\\\/?product=cube-town-one-ee-slateblack-lunar\",\"url\":\"https:\\\/\\\/raksersport.ee\\\/?product=cube-town-one-ee-slateblack-lunar\",\"name\":\"Cube Town One EE Slateblack Lunar - Rakser Sport\",\"isPartOf\":{\"@id\":\"https:\\\/\\\/raksersport.ee\\\/#website\"},\"primaryImageOfPage\":{\"@id\":\"https:\\\/\\\/raksersport.ee\\\/?product=cube-town-one-ee-slateblack-lunar#primaryimage\"},\"image\":{\"@id\":\"https:\\\/\\\/raksersport.ee\\\/?product=cube-town-one-ee-slateblack-lunar#primaryimage\"},\"thumbnailUrl\":\"https:\\\/\\\/raksersport.ee\\\/wp-content\\\/uploads\\\/2025\\\/03\\\/Cube-linn-ratas-863100.jpg-7.jpg\",\"datePublished\":\"2025-03-07T14:11:23+00:00\",\"dateModified\":\"2025-06-05T08:12:18+00:00\",\"description\":\"Cube Town One EE Slateblack Lunar 863100\",\"breadcrumb\":{\"@id\":\"https:\\\/\\\/raksersport.ee\\\/?product=cube-town-one-ee-slateblack-lunar#breadcrumb\"},\"inLanguage\":\"et\",\"potentialAction\":[{\"@type\":\"ReadAction\",\"target\":[\"https:\\\/\\\/raksersport.ee\\\/?product=cube-town-one-ee-slateblack-lunar\"]}]},{\"@type\":\"ImageObject\",\"inLanguage\":\"et\",\"@id\":\"https:\\\/\\\/raksersport.ee\\\/?product=cube-town-one-ee-slateblack-lunar#primaryimage\",\"url\":\"https:\\\/\\\/raksersport.ee\\\/wp-content\\\/uploads\\\/2025\\\/03\\\/Cube-linn-ratas-863100.jpg-7.jpg\",\"contentUrl\":\"https:\\\/\\\/raksersport.ee\\\/wp-content\\\/uploads\\\/2025\\\/03\\\/Cube-linn-ratas-863100.jpg-7.jpg\",\"width\":1920,\"height\":1276},{\"@type\":\"BreadcrumbList\",\"@id\":\"https:\\\/\\\/raksersport.ee\\\/?product=cube-town-one-ee-slateblack-lunar#breadcrumb\",\"itemListElement\":[{\"@type\":\"ListItem\",\"position\":1,\"name\":\"Home\",\"item\":\"https:\\\/\\\/raksersport.ee\\\/\"},{\"@type\":\"ListItem\",\"position\":2,\"name\":\"Pood\",\"item\":\"https:\\\/\\\/raksersport.ee\\\/\"},{\"@type\":\"ListItem\",\"position\":3,\"name\":\"Cube Town One EE Slateblack Lunar\"}]},{\"@type\":\"WebSite\",\"@id\":\"https:\\\/\\\/raksersport.ee\\\/#website\",\"url\":\"https:\\\/\\\/raksersport.ee\\\/\",\"name\":\"RakserSport\",\"description\":\"Spordipoed Haapsalus ja Raplas\",\"publisher\":{\"@id\":\"https:\\\/\\\/raksersport.ee\\\/#organization\"},\"potentialAction\":[{\"@type\":\"SearchAction\",\"target\":{\"@type\":\"EntryPoint\",\"urlTemplate\":\"https:\\\/\\\/raksersport.ee\\\/?s={search_term_string}\"},\"query-input\":{\"@type\":\"PropertyValueSpecification\",\"valueRequired\":true,\"valueName\":\"search_term_string\"}}],\"inLanguage\":\"et\"},{\"@type\":\"Organization\",\"@id\":\"https:\\\/\\\/raksersport.ee\\\/#organization\",\"name\":\"Rakser Sport O\u00dc\",\"url\":\"https:\\\/\\\/raksersport.ee\\\/\",\"logo\":{\"@type\":\"ImageObject\",\"inLanguage\":\"et\",\"@id\":\"https:\\\/\\\/raksersport.ee\\\/#\\\/schema\\\/logo\\\/image\\\/\",\"url\":\"https:\\\/\\\/raksersport.ee\\\/wp-content\\\/uploads\\\/2020\\\/03\\\/rakser-logo-BW.jpg\",\"contentUrl\":\"https:\\\/\\\/raksersport.ee\\\/wp-content\\\/uploads\\\/2020\\\/03\\\/rakser-logo-BW.jpg\",\"width\":2020,\"height\":377,\"caption\":\"Rakser Sport O\u00dc\"},\"image\":{\"@id\":\"https:\\\/\\\/raksersport.ee\\\/#\\\/schema\\\/logo\\\/image\\\/\"},\"sameAs\":[\"https:\\\/\\\/www.facebook.com\\\/RakserSport\\\/\"]}]}<\/script>\n<!-- \/ Yoast SEO plugin. -->","yoast_head_json":{"title":"Cube Town One EE Slateblack Lunar - Rakser Sport","description":"Cube Town One EE Slateblack Lunar 863100","robots":{"index":"index","follow":"follow","max-snippet":"max-snippet:-1","max-image-preview":"max-image-preview:large","max-video-preview":"max-video-preview:-1"},"canonical":"https:\/\/raksersport.ee\/?product=cube-town-one-ee-slateblack-lunar","og_locale":"et_EE","og_type":"article","og_title":"Cube Town One EE Slateblack Lunar - Rakser Sport","og_description":"Cube Town One EE Slateblack Lunar 863100","og_url":"https:\/\/raksersport.ee\/?product=cube-town-one-ee-slateblack-lunar","og_site_name":"Rakser Sport","article_publisher":"https:\/\/www.facebook.com\/RakserSport\/","article_modified_time":"2025-06-05T08:12:18+00:00","og_image":[{"width":1920,"height":1276,"url":"https:\/\/raksersport.ee\/wp-content\/uploads\/2025\/03\/Cube-linn-ratas-863100.jpg-7.jpg","type":"image\/jpeg"}],"twitter_card":"summary_large_image","twitter_misc":{"Est. reading time":"3 minutit"},"schema":{"@context":"https:\/\/schema.org","@graph":[{"@type":"WebPage","@id":"https:\/\/raksersport.ee\/?product=cube-town-one-ee-slateblack-lunar","url":"https:\/\/raksersport.ee\/?product=cube-town-one-ee-slateblack-lunar","name":"Cube Town One EE Slateblack Lunar - Rakser Sport","isPartOf":{"@id":"https:\/\/raksersport.ee\/#website"},"primaryImageOfPage":{"@id":"https:\/\/raksersport.ee\/?product=cube-town-one-ee-slateblack-lunar#primaryimage"},"image":{"@id":"https:\/\/raksersport.ee\/?product=cube-town-one-ee-slateblack-lunar#primaryimage"},"thumbnailUrl":"https:\/\/raksersport.ee\/wp-content\/uploads\/2025\/03\/Cube-linn-ratas-863100.jpg-7.jpg","datePublished":"2025-03-07T14:11:23+00:00","dateModified":"2025-06-05T08:12:18+00:00","description":"Cube Town One EE Slateblack Lunar 863100","breadcrumb":{"@id":"https:\/\/raksersport.ee\/?product=cube-town-one-ee-slateblack-lunar#breadcrumb"},"inLanguage":"et","potentialAction":[{"@type":"ReadAction","target":["https:\/\/raksersport.ee\/?product=cube-town-one-ee-slateblack-lunar"]}]},{"@type":"ImageObject","inLanguage":"et","@id":"https:\/\/raksersport.ee\/?product=cube-town-one-ee-slateblack-lunar#primaryimage","url":"https:\/\/raksersport.ee\/wp-content\/uploads\/2025\/03\/Cube-linn-ratas-863100.jpg-7.jpg","contentUrl":"https:\/\/raksersport.ee\/wp-content\/uploads\/2025\/03\/Cube-linn-ratas-863100.jpg-7.jpg","width":1920,"height":1276},{"@type":"BreadcrumbList","@id":"https:\/\/raksersport.ee\/?product=cube-town-one-ee-slateblack-lunar#breadcrumb","itemListElement":[{"@type":"ListItem","position":1,"name":"Home","item":"https:\/\/raksersport.ee\/"},{"@type":"ListItem","position":2,"name":"Pood","item":"https:\/\/raksersport.ee\/"},{"@type":"ListItem","position":3,"name":"Cube Town One EE Slateblack Lunar"}]},{"@type":"WebSite","@id":"https:\/\/raksersport.ee\/#website","url":"https:\/\/raksersport.ee\/","name":"RakserSport","description":"Spordipoed Haapsalus ja Raplas","publisher":{"@id":"https:\/\/raksersport.ee\/#organization"},"potentialAction":[{"@type":"SearchAction","target":{"@type":"EntryPoint","urlTemplate":"https:\/\/raksersport.ee\/?s={search_term_string}"},"query-input":{"@type":"PropertyValueSpecification","valueRequired":true,"valueName":"search_term_string"}}],"inLanguage":"et"},{"@type":"Organization","@id":"https:\/\/raksersport.ee\/#organization","name":"Rakser Sport O\u00dc","url":"https:\/\/raksersport.ee\/","logo":{"@type":"ImageObject","inLanguage":"et","@id":"https:\/\/raksersport.ee\/#\/schema\/logo\/image\/","url":"https:\/\/raksersport.ee\/wp-content\/uploads\/2020\/03\/rakser-logo-BW.jpg","contentUrl":"https:\/\/raksersport.ee\/wp-content\/uploads\/2020\/03\/rakser-logo-BW.jpg","width":2020,"height":377,"caption":"Rakser Sport O\u00dc"},"image":{"@id":"https:\/\/raksersport.ee\/#\/schema\/logo\/image\/"},"sameAs":["https:\/\/www.facebook.com\/RakserSport\/"]}]}},"jetpack_sharing_enabled":true,"_links":{"self":[{"href":"https:\/\/raksersport.ee\/wp-json\/wp\/v2\/product\/17442","targetHints":{"allow":["GET"]}}],"collection":[{"href":"https:\/\/raksersport.ee\/wp-json\/wp\/v2\/product"}],"about":[{"href":"https:\/\/raksersport.ee\/wp-json\/wp\/v2\/types\/product"}],"replies":[{"embeddable":true,"href":"https:\/\/raksersport.ee\/wp-json\/wp\/v2\/comments?post=17442"}],"wp:featuredmedia":[{"embeddable":true,"href":"https:\/\/raksersport.ee\/wp-json\/wp\/v2\/media\/17545"}],"wp:attachment":[{"href":"https:\/\/raksersport.ee\/wp-json\/wp\/v2\/media?parent=17442"}],"wp:term":[{"taxonomy":"product_brand","embeddable":true,"href":"https:\/\/raksersport.ee\/wp-json\/wp\/v2\/product_brand?post=17442"},{"taxonomy":"product_cat","embeddable":true,"href":"https:\/\/raksersport.ee\/wp-json\/wp\/v2\/product_cat?post=17442"},{"taxonomy":"product_tag","embeddable":true,"href":"https:\/\/raksersport.ee\/wp-json\/wp\/v2\/product_tag?post=17442"}],"curies":[{"name":"wp","href":"https:\/\/api.w.org\/{rel}","templated":true}]}}