{"id":16903,"date":"2024-12-12T11:32:51","date_gmt":"2024-12-12T11:32:51","guid":{"rendered":"https:\/\/raksersport.ee\/?post_type=product&#038;p=16903"},"modified":"2024-12-12T11:32:51","modified_gmt":"2024-12-12T11:32:51","slug":"start-lfxt","status":"publish","type":"product","link":"https:\/\/raksersport.ee\/toode\/start-lfxt\/","title":{"rendered":"Suusa libisemism\u00e4\u00e4re Start LFXT Purple -2&#8230;-8 80ml"},"content":{"rendered":"<p><strong>Suusa libisemism\u00e4\u00e4re Start LFXT Purple -2&#8230;-8 80ml<\/strong><\/p>\n<ul>\n<li class=\"temperature spec\">Temp:\u00a0 \u00a0-2\u00b0\u2026-8\u00b0C (50\u00b0\u202628\u00b0F)<\/li>\n<li class=\"humid spec\">Niiskus: 50\u202680%<\/li>\n<li>Kogus:\u00a0 80ml<\/li>\n<\/ul>\n<p><strong>Kasutamine<\/strong><br \/>\nValmista ette suusap\u00f5hi. Parima libisemise ja kestvuse saavutamiseks kasuta selleks n\u00e4iteks SG6 libisemisparafiini.<br \/>\nKanna vedel m\u00e4\u00e4re \u00fchtlase kihina suusap\u00f5hjale.<br \/>\nLase m\u00f5ni minut kuivada.<br \/>\nH\u00f5\u00f5ru m\u00e4\u00e4re suusap\u00f5hja sisse naturaalse korgiga. Parima tulemuse saavutamiseks kasuta rotokorki<br \/>\nHarja kergelt nailonharjaga \u00fcle ja poleeri fliiskangaga.<\/p>\n<p>&nbsp;<\/p>\n","protected":false},"excerpt":{"rendered":"<p>Suusa libisemism\u00e4\u00e4re Start LFXT Purple -2&#8230;-8 80ml<\/p>\n<p>Uue p\u00f5lvkonna vedel madala floorisisaldusega LF libisemism\u00e4\u00e4re. Sobilik kasutamiseks treeningutel ja harrastajal v\u00f5istlemiseks. Kestab sama kaua, kui tavaline LF parafiin, libiseb sama h\u00e4sti, kui tavaline parafiin, m\u00e4\u00e4rida on lihtsam ja peamine, m\u00e4\u00e4rimisel ei teki flooriaurusid.<\/p>\n","protected":false},"featured_media":16904,"comment_status":"open","ping_status":"closed","template":"","meta":{"_uf_show_specific_survey":0,"_uf_disable_surveys":false},"product_brand":[],"product_cat":[459,249,458,198],"product_tag":[290],"class_list":{"0":"post-16903","1":"product","2":"type-product","3":"status-publish","4":"has-post-thumbnail","6":"product_cat-libisemismaarded","7":"product_cat-suusad","8":"product_cat-suusamaarded","9":"product_cat-varustus","10":"product_tag-start","12":"first","13":"instock","14":"taxable","15":"shipping-taxable","16":"purchasable","17":"product-type-simple"},"yoast_head":"<!-- This site is optimized with the Yoast SEO plugin v27.4 - https:\/\/yoast.com\/product\/yoast-seo-wordpress\/ -->\n<title>Suusa libisemism\u00e4\u00e4re Start LFXT Purple -2...-8 80ml - Rakser Sport<\/title>\n<meta name=\"description\" content=\"Suusa libisemism\u00e4\u00e4re Start LFXT Purple -2...-8 80ml 02621 Uue p\u00f5lvkonna vedel madala floorisisaldusega LF libisemism\u00e4\u00e4re.\" \/>\n<meta name=\"robots\" content=\"index, follow, max-snippet:-1, max-image-preview:large, max-video-preview:-1\" \/>\n<link rel=\"canonical\" href=\"https:\/\/raksersport.ee\/?product=start-lfxt\" \/>\n<meta property=\"og:locale\" content=\"et_EE\" \/>\n<meta property=\"og:type\" content=\"article\" \/>\n<meta property=\"og:title\" content=\"Suusa libisemism\u00e4\u00e4re Start LFXT Purple -2...-8 80ml - Rakser Sport\" \/>\n<meta property=\"og:description\" content=\"Suusa libisemism\u00e4\u00e4re Start LFXT Purple -2...-8 80ml 02621 Uue p\u00f5lvkonna vedel madala floorisisaldusega LF libisemism\u00e4\u00e4re.\" \/>\n<meta property=\"og:url\" content=\"https:\/\/raksersport.ee\/?product=start-lfxt\" \/>\n<meta property=\"og:site_name\" content=\"Rakser Sport\" \/>\n<meta property=\"article:publisher\" content=\"https:\/\/www.facebook.com\/RakserSport\/\" \/>\n<meta property=\"og:image\" content=\"https:\/\/raksersport.ee\/wp-content\/uploads\/2024\/12\/start-lfxt-lilla-02621.png\" \/>\n\t<meta property=\"og:image:width\" content=\"224\" \/>\n\t<meta property=\"og:image:height\" content=\"768\" \/>\n\t<meta property=\"og:image:type\" content=\"image\/png\" \/>\n<meta name=\"twitter:card\" content=\"summary_large_image\" \/>\n<meta name=\"twitter:label1\" content=\"Est. reading time\" \/>\n\t<meta name=\"twitter:data1\" content=\"1 minut\" \/>\n<script type=\"application\/ld+json\" class=\"yoast-schema-graph\">{\"@context\":\"https:\\\/\\\/schema.org\",\"@graph\":[{\"@type\":\"WebPage\",\"@id\":\"https:\\\/\\\/raksersport.ee\\\/?product=start-lfxt\",\"url\":\"https:\\\/\\\/raksersport.ee\\\/?product=start-lfxt\",\"name\":\"Suusa libisemism\u00e4\u00e4re Start LFXT Purple -2...-8 80ml - Rakser Sport\",\"isPartOf\":{\"@id\":\"https:\\\/\\\/raksersport.ee\\\/#website\"},\"primaryImageOfPage\":{\"@id\":\"https:\\\/\\\/raksersport.ee\\\/?product=start-lfxt#primaryimage\"},\"image\":{\"@id\":\"https:\\\/\\\/raksersport.ee\\\/?product=start-lfxt#primaryimage\"},\"thumbnailUrl\":\"https:\\\/\\\/raksersport.ee\\\/wp-content\\\/uploads\\\/2024\\\/12\\\/start-lfxt-lilla-02621.png\",\"datePublished\":\"2024-12-12T11:32:51+00:00\",\"description\":\"Suusa libisemism\u00e4\u00e4re Start LFXT Purple -2...-8 80ml 02621 Uue p\u00f5lvkonna vedel madala floorisisaldusega LF libisemism\u00e4\u00e4re.\",\"breadcrumb\":{\"@id\":\"https:\\\/\\\/raksersport.ee\\\/?product=start-lfxt#breadcrumb\"},\"inLanguage\":\"et\",\"potentialAction\":[{\"@type\":\"ReadAction\",\"target\":[\"https:\\\/\\\/raksersport.ee\\\/?product=start-lfxt\"]}]},{\"@type\":\"ImageObject\",\"inLanguage\":\"et\",\"@id\":\"https:\\\/\\\/raksersport.ee\\\/?product=start-lfxt#primaryimage\",\"url\":\"https:\\\/\\\/raksersport.ee\\\/wp-content\\\/uploads\\\/2024\\\/12\\\/start-lfxt-lilla-02621.png\",\"contentUrl\":\"https:\\\/\\\/raksersport.ee\\\/wp-content\\\/uploads\\\/2024\\\/12\\\/start-lfxt-lilla-02621.png\",\"width\":224,\"height\":768},{\"@type\":\"BreadcrumbList\",\"@id\":\"https:\\\/\\\/raksersport.ee\\\/?product=start-lfxt#breadcrumb\",\"itemListElement\":[{\"@type\":\"ListItem\",\"position\":1,\"name\":\"Home\",\"item\":\"https:\\\/\\\/raksersport.ee\\\/\"},{\"@type\":\"ListItem\",\"position\":2,\"name\":\"Pood\",\"item\":\"https:\\\/\\\/raksersport.ee\\\/\"},{\"@type\":\"ListItem\",\"position\":3,\"name\":\"Suusa libisemism\u00e4\u00e4re Start LFXT Purple -2&#8230;-8 80ml\"}]},{\"@type\":\"WebSite\",\"@id\":\"https:\\\/\\\/raksersport.ee\\\/#website\",\"url\":\"https:\\\/\\\/raksersport.ee\\\/\",\"name\":\"RakserSport\",\"description\":\"Spordipoed Haapsalus ja Raplas\",\"publisher\":{\"@id\":\"https:\\\/\\\/raksersport.ee\\\/#organization\"},\"potentialAction\":[{\"@type\":\"SearchAction\",\"target\":{\"@type\":\"EntryPoint\",\"urlTemplate\":\"https:\\\/\\\/raksersport.ee\\\/?s={search_term_string}\"},\"query-input\":{\"@type\":\"PropertyValueSpecification\",\"valueRequired\":true,\"valueName\":\"search_term_string\"}}],\"inLanguage\":\"et\"},{\"@type\":\"Organization\",\"@id\":\"https:\\\/\\\/raksersport.ee\\\/#organization\",\"name\":\"Rakser Sport O\u00dc\",\"url\":\"https:\\\/\\\/raksersport.ee\\\/\",\"logo\":{\"@type\":\"ImageObject\",\"inLanguage\":\"et\",\"@id\":\"https:\\\/\\\/raksersport.ee\\\/#\\\/schema\\\/logo\\\/image\\\/\",\"url\":\"https:\\\/\\\/raksersport.ee\\\/wp-content\\\/uploads\\\/2020\\\/03\\\/rakser-logo-BW.jpg\",\"contentUrl\":\"https:\\\/\\\/raksersport.ee\\\/wp-content\\\/uploads\\\/2020\\\/03\\\/rakser-logo-BW.jpg\",\"width\":2020,\"height\":377,\"caption\":\"Rakser Sport O\u00dc\"},\"image\":{\"@id\":\"https:\\\/\\\/raksersport.ee\\\/#\\\/schema\\\/logo\\\/image\\\/\"},\"sameAs\":[\"https:\\\/\\\/www.facebook.com\\\/RakserSport\\\/\"]}]}<\/script>\n<!-- \/ Yoast SEO plugin. -->","yoast_head_json":{"title":"Suusa libisemism\u00e4\u00e4re Start LFXT Purple -2...-8 80ml - Rakser Sport","description":"Suusa libisemism\u00e4\u00e4re Start LFXT Purple -2...-8 80ml 02621 Uue p\u00f5lvkonna vedel madala floorisisaldusega LF libisemism\u00e4\u00e4re.","robots":{"index":"index","follow":"follow","max-snippet":"max-snippet:-1","max-image-preview":"max-image-preview:large","max-video-preview":"max-video-preview:-1"},"canonical":"https:\/\/raksersport.ee\/?product=start-lfxt","og_locale":"et_EE","og_type":"article","og_title":"Suusa libisemism\u00e4\u00e4re Start LFXT Purple -2...-8 80ml - Rakser Sport","og_description":"Suusa libisemism\u00e4\u00e4re Start LFXT Purple -2...-8 80ml 02621 Uue p\u00f5lvkonna vedel madala floorisisaldusega LF libisemism\u00e4\u00e4re.","og_url":"https:\/\/raksersport.ee\/?product=start-lfxt","og_site_name":"Rakser Sport","article_publisher":"https:\/\/www.facebook.com\/RakserSport\/","og_image":[{"width":224,"height":768,"url":"https:\/\/raksersport.ee\/wp-content\/uploads\/2024\/12\/start-lfxt-lilla-02621.png","type":"image\/png"}],"twitter_card":"summary_large_image","twitter_misc":{"Est. reading time":"1 minut"},"schema":{"@context":"https:\/\/schema.org","@graph":[{"@type":"WebPage","@id":"https:\/\/raksersport.ee\/?product=start-lfxt","url":"https:\/\/raksersport.ee\/?product=start-lfxt","name":"Suusa libisemism\u00e4\u00e4re Start LFXT Purple -2...-8 80ml - Rakser Sport","isPartOf":{"@id":"https:\/\/raksersport.ee\/#website"},"primaryImageOfPage":{"@id":"https:\/\/raksersport.ee\/?product=start-lfxt#primaryimage"},"image":{"@id":"https:\/\/raksersport.ee\/?product=start-lfxt#primaryimage"},"thumbnailUrl":"https:\/\/raksersport.ee\/wp-content\/uploads\/2024\/12\/start-lfxt-lilla-02621.png","datePublished":"2024-12-12T11:32:51+00:00","description":"Suusa libisemism\u00e4\u00e4re Start LFXT Purple -2...-8 80ml 02621 Uue p\u00f5lvkonna vedel madala floorisisaldusega LF libisemism\u00e4\u00e4re.","breadcrumb":{"@id":"https:\/\/raksersport.ee\/?product=start-lfxt#breadcrumb"},"inLanguage":"et","potentialAction":[{"@type":"ReadAction","target":["https:\/\/raksersport.ee\/?product=start-lfxt"]}]},{"@type":"ImageObject","inLanguage":"et","@id":"https:\/\/raksersport.ee\/?product=start-lfxt#primaryimage","url":"https:\/\/raksersport.ee\/wp-content\/uploads\/2024\/12\/start-lfxt-lilla-02621.png","contentUrl":"https:\/\/raksersport.ee\/wp-content\/uploads\/2024\/12\/start-lfxt-lilla-02621.png","width":224,"height":768},{"@type":"BreadcrumbList","@id":"https:\/\/raksersport.ee\/?product=start-lfxt#breadcrumb","itemListElement":[{"@type":"ListItem","position":1,"name":"Home","item":"https:\/\/raksersport.ee\/"},{"@type":"ListItem","position":2,"name":"Pood","item":"https:\/\/raksersport.ee\/"},{"@type":"ListItem","position":3,"name":"Suusa libisemism\u00e4\u00e4re Start LFXT Purple -2&#8230;-8 80ml"}]},{"@type":"WebSite","@id":"https:\/\/raksersport.ee\/#website","url":"https:\/\/raksersport.ee\/","name":"RakserSport","description":"Spordipoed Haapsalus ja Raplas","publisher":{"@id":"https:\/\/raksersport.ee\/#organization"},"potentialAction":[{"@type":"SearchAction","target":{"@type":"EntryPoint","urlTemplate":"https:\/\/raksersport.ee\/?s={search_term_string}"},"query-input":{"@type":"PropertyValueSpecification","valueRequired":true,"valueName":"search_term_string"}}],"inLanguage":"et"},{"@type":"Organization","@id":"https:\/\/raksersport.ee\/#organization","name":"Rakser Sport O\u00dc","url":"https:\/\/raksersport.ee\/","logo":{"@type":"ImageObject","inLanguage":"et","@id":"https:\/\/raksersport.ee\/#\/schema\/logo\/image\/","url":"https:\/\/raksersport.ee\/wp-content\/uploads\/2020\/03\/rakser-logo-BW.jpg","contentUrl":"https:\/\/raksersport.ee\/wp-content\/uploads\/2020\/03\/rakser-logo-BW.jpg","width":2020,"height":377,"caption":"Rakser Sport O\u00dc"},"image":{"@id":"https:\/\/raksersport.ee\/#\/schema\/logo\/image\/"},"sameAs":["https:\/\/www.facebook.com\/RakserSport\/"]}]}},"jetpack_sharing_enabled":true,"_links":{"self":[{"href":"https:\/\/raksersport.ee\/wp-json\/wp\/v2\/product\/16903","targetHints":{"allow":["GET"]}}],"collection":[{"href":"https:\/\/raksersport.ee\/wp-json\/wp\/v2\/product"}],"about":[{"href":"https:\/\/raksersport.ee\/wp-json\/wp\/v2\/types\/product"}],"replies":[{"embeddable":true,"href":"https:\/\/raksersport.ee\/wp-json\/wp\/v2\/comments?post=16903"}],"wp:featuredmedia":[{"embeddable":true,"href":"https:\/\/raksersport.ee\/wp-json\/wp\/v2\/media\/16904"}],"wp:attachment":[{"href":"https:\/\/raksersport.ee\/wp-json\/wp\/v2\/media?parent=16903"}],"wp:term":[{"taxonomy":"product_brand","embeddable":true,"href":"https:\/\/raksersport.ee\/wp-json\/wp\/v2\/product_brand?post=16903"},{"taxonomy":"product_cat","embeddable":true,"href":"https:\/\/raksersport.ee\/wp-json\/wp\/v2\/product_cat?post=16903"},{"taxonomy":"product_tag","embeddable":true,"href":"https:\/\/raksersport.ee\/wp-json\/wp\/v2\/product_tag?post=16903"}],"curies":[{"name":"wp","href":"https:\/\/api.w.org\/{rel}","templated":true}]}}