{"id":13865,"date":"2023-12-19T12:50:12","date_gmt":"2023-12-19T12:50:12","guid":{"rendered":"https:\/\/raksersport.ee\/?post_type=product&#038;p=13865"},"modified":"2026-02-19T17:15:52","modified_gmt":"2026-02-19T17:15:52","slug":"suusasaapad-rossignol-x-10-skate","status":"publish","type":"product","link":"https:\/\/raksersport.ee\/toode\/suusasaapad-rossignol-x-10-skate\/","title":{"rendered":"Suusasaapad Rossignol X-10 Skate"},"content":{"rendered":"<p>Maailmameistriv\u00f5istlustest inspireeritud disain ja sobivus annavad X-10-le tundliku s\u00f5idu ja poodiumikoha v\u00e4\u00e4rilise t\u00e4psuse kogenud, treeningule keskendunud suusatajatele. Uisutamiseks m\u00f5eldud disain \u00fchendab tehnoloogia sportlaste poolt testitud X-iumi sarjaga, et tagada v\u00f5istlusvalmis juhtimine ja tunne. See on soojusisolatsiooniga ning kaitseb jalgu tuule ja niiskuse eest.<\/p>\n<p>Kahetuumaline tehnoloogia v\u00f5imaldab jalatsi sihip\u00e4rase j\u00e4ikuse saavutamiseks parima v\u00f5imaliku reaktsioonitugevuse.<\/p>\n<p>S\u00fcsinikvahetalla siset\u00fckk suurendab stabiilsust ja t\u00e4psust, et tagada optimaalne uisutamine.<\/p>\n<p>WINTHERM\u00ae pakub hingavat, mikroperforeeritud membraani, mis peegeldab soojuse tagasi oma allikale, et tagada uskumatu temperatuuri reguleerimine, mugavus ja soojus.<\/p>\n<p>&nbsp;<\/p>\n","protected":false},"excerpt":{"rendered":"<p>Maailmameistriv\u00f5istlustest inspireeritud disain ja sobivus annavad X-10-le tundliku s\u00f5idu ja poodiumikoha v\u00e4\u00e4rilise t\u00e4psuse kogenud, treeningule keskendunud suusatajatele. Uisutamiseks m\u00f5eldud disain \u00fchendab tehnoloogia sportlaste poolt testitud X-iumi sarjaga, et tagada v\u00f5istlusvalmis juhtimine ja tunne. See on soojusisolatsiooniga ning kaitseb jalgu tuule ja niiskuse eest. Kahetuumaline tehnoloogia v\u00f5imaldab jalatsi sihip\u00e4rase j\u00e4ikuse saavutamiseks parima v\u00f5imaliku reaktsioonitugevuse. S\u00fcsinikvahetalla siset\u00fckk [&hellip;]<\/p>\n","protected":false},"featured_media":13869,"comment_status":"open","ping_status":"closed","template":"","meta":{"_uf_show_specific_survey":0,"_uf_disable_surveys":false},"product_brand":[],"product_cat":[249,266,198],"product_tag":[254],"class_list":{"0":"post-13865","1":"product","2":"type-product","3":"status-publish","4":"has-post-thumbnail","6":"product_cat-suusad","7":"product_cat-suusasaapad","8":"product_cat-varustus","9":"product_tag-rossignol","11":"first","12":"instock","13":"sale","14":"taxable","15":"shipping-taxable","16":"purchasable","17":"product-type-variable"},"yoast_head":"<!-- This site is optimized with the Yoast SEO plugin v27.4 - https:\/\/yoast.com\/product\/yoast-seo-wordpress\/ -->\n<title>Suusasaapad Rossignol X-10 Skate - Rakser Sport<\/title>\n<meta name=\"description\" content=\"Suusasaapad Rossignol X-10 Skate sobib kogenud ja treeningule keskendunud suusatajatele. J\u00e4ikade sisetaldadega tagab maksimaalse j\u00f5udluse \u00e4rat\u00f5ukefaasis.\" \/>\n<meta name=\"robots\" content=\"index, follow, max-snippet:-1, max-image-preview:large, max-video-preview:-1\" \/>\n<link rel=\"canonical\" href=\"https:\/\/raksersport.ee\/?product=suusasaapad-rossignol-x-10-skate\" \/>\n<meta property=\"og:locale\" content=\"et_EE\" \/>\n<meta property=\"og:type\" content=\"article\" \/>\n<meta property=\"og:title\" content=\"Suusasaapad Rossignol X-10 Skate - Rakser Sport\" \/>\n<meta property=\"og:description\" content=\"Suusasaapad Rossignol X-10 Skate sobib kogenud ja treeningule keskendunud suusatajatele. J\u00e4ikade sisetaldadega tagab maksimaalse j\u00f5udluse \u00e4rat\u00f5ukefaasis.\" \/>\n<meta property=\"og:url\" content=\"https:\/\/raksersport.ee\/?product=suusasaapad-rossignol-x-10-skate\" \/>\n<meta property=\"og:site_name\" content=\"Rakser Sport\" \/>\n<meta property=\"article:publisher\" content=\"https:\/\/www.facebook.com\/RakserSport\/\" \/>\n<meta property=\"article:modified_time\" content=\"2026-02-19T17:15:52+00:00\" \/>\n<meta property=\"og:image\" content=\"https:\/\/raksersport.ee\/wp-content\/uploads\/2023\/12\/RIM1300_01.jpg\" \/>\n\t<meta property=\"og:image:width\" content=\"800\" \/>\n\t<meta property=\"og:image:height\" content=\"800\" \/>\n\t<meta property=\"og:image:type\" content=\"image\/jpeg\" \/>\n<meta name=\"twitter:card\" content=\"summary_large_image\" \/>\n<meta name=\"twitter:label1\" content=\"Est. reading time\" \/>\n\t<meta name=\"twitter:data1\" content=\"1 minut\" \/>\n<script type=\"application\/ld+json\" class=\"yoast-schema-graph\">{\"@context\":\"https:\\\/\\\/schema.org\",\"@graph\":[{\"@type\":\"WebPage\",\"@id\":\"https:\\\/\\\/raksersport.ee\\\/?product=suusasaapad-rossignol-x-10-skate\",\"url\":\"https:\\\/\\\/raksersport.ee\\\/?product=suusasaapad-rossignol-x-10-skate\",\"name\":\"Suusasaapad Rossignol X-10 Skate - Rakser Sport\",\"isPartOf\":{\"@id\":\"https:\\\/\\\/raksersport.ee\\\/#website\"},\"primaryImageOfPage\":{\"@id\":\"https:\\\/\\\/raksersport.ee\\\/?product=suusasaapad-rossignol-x-10-skate#primaryimage\"},\"image\":{\"@id\":\"https:\\\/\\\/raksersport.ee\\\/?product=suusasaapad-rossignol-x-10-skate#primaryimage\"},\"thumbnailUrl\":\"https:\\\/\\\/raksersport.ee\\\/wp-content\\\/uploads\\\/2023\\\/12\\\/RIM1300_01.jpg\",\"datePublished\":\"2023-12-19T12:50:12+00:00\",\"dateModified\":\"2026-02-19T17:15:52+00:00\",\"description\":\"Suusasaapad Rossignol X-10 Skate sobib kogenud ja treeningule keskendunud suusatajatele. J\u00e4ikade sisetaldadega tagab maksimaalse j\u00f5udluse \u00e4rat\u00f5ukefaasis.\",\"breadcrumb\":{\"@id\":\"https:\\\/\\\/raksersport.ee\\\/?product=suusasaapad-rossignol-x-10-skate#breadcrumb\"},\"inLanguage\":\"et\",\"potentialAction\":[{\"@type\":\"ReadAction\",\"target\":[\"https:\\\/\\\/raksersport.ee\\\/?product=suusasaapad-rossignol-x-10-skate\"]}]},{\"@type\":\"ImageObject\",\"inLanguage\":\"et\",\"@id\":\"https:\\\/\\\/raksersport.ee\\\/?product=suusasaapad-rossignol-x-10-skate#primaryimage\",\"url\":\"https:\\\/\\\/raksersport.ee\\\/wp-content\\\/uploads\\\/2023\\\/12\\\/RIM1300_01.jpg\",\"contentUrl\":\"https:\\\/\\\/raksersport.ee\\\/wp-content\\\/uploads\\\/2023\\\/12\\\/RIM1300_01.jpg\",\"width\":800,\"height\":800},{\"@type\":\"BreadcrumbList\",\"@id\":\"https:\\\/\\\/raksersport.ee\\\/?product=suusasaapad-rossignol-x-10-skate#breadcrumb\",\"itemListElement\":[{\"@type\":\"ListItem\",\"position\":1,\"name\":\"Home\",\"item\":\"https:\\\/\\\/raksersport.ee\\\/\"},{\"@type\":\"ListItem\",\"position\":2,\"name\":\"Pood\",\"item\":\"https:\\\/\\\/raksersport.ee\\\/\"},{\"@type\":\"ListItem\",\"position\":3,\"name\":\"Suusasaapad Rossignol X-10 Skate\"}]},{\"@type\":\"WebSite\",\"@id\":\"https:\\\/\\\/raksersport.ee\\\/#website\",\"url\":\"https:\\\/\\\/raksersport.ee\\\/\",\"name\":\"RakserSport\",\"description\":\"Spordipoed Haapsalus ja Raplas\",\"publisher\":{\"@id\":\"https:\\\/\\\/raksersport.ee\\\/#organization\"},\"potentialAction\":[{\"@type\":\"SearchAction\",\"target\":{\"@type\":\"EntryPoint\",\"urlTemplate\":\"https:\\\/\\\/raksersport.ee\\\/?s={search_term_string}\"},\"query-input\":{\"@type\":\"PropertyValueSpecification\",\"valueRequired\":true,\"valueName\":\"search_term_string\"}}],\"inLanguage\":\"et\"},{\"@type\":\"Organization\",\"@id\":\"https:\\\/\\\/raksersport.ee\\\/#organization\",\"name\":\"Rakser Sport O\u00dc\",\"url\":\"https:\\\/\\\/raksersport.ee\\\/\",\"logo\":{\"@type\":\"ImageObject\",\"inLanguage\":\"et\",\"@id\":\"https:\\\/\\\/raksersport.ee\\\/#\\\/schema\\\/logo\\\/image\\\/\",\"url\":\"https:\\\/\\\/raksersport.ee\\\/wp-content\\\/uploads\\\/2020\\\/03\\\/rakser-logo-BW.jpg\",\"contentUrl\":\"https:\\\/\\\/raksersport.ee\\\/wp-content\\\/uploads\\\/2020\\\/03\\\/rakser-logo-BW.jpg\",\"width\":2020,\"height\":377,\"caption\":\"Rakser Sport O\u00dc\"},\"image\":{\"@id\":\"https:\\\/\\\/raksersport.ee\\\/#\\\/schema\\\/logo\\\/image\\\/\"},\"sameAs\":[\"https:\\\/\\\/www.facebook.com\\\/RakserSport\\\/\"]}]}<\/script>\n<!-- \/ Yoast SEO plugin. -->","yoast_head_json":{"title":"Suusasaapad Rossignol X-10 Skate - Rakser Sport","description":"Suusasaapad Rossignol X-10 Skate sobib kogenud ja treeningule keskendunud suusatajatele. J\u00e4ikade sisetaldadega tagab maksimaalse j\u00f5udluse \u00e4rat\u00f5ukefaasis.","robots":{"index":"index","follow":"follow","max-snippet":"max-snippet:-1","max-image-preview":"max-image-preview:large","max-video-preview":"max-video-preview:-1"},"canonical":"https:\/\/raksersport.ee\/?product=suusasaapad-rossignol-x-10-skate","og_locale":"et_EE","og_type":"article","og_title":"Suusasaapad Rossignol X-10 Skate - Rakser Sport","og_description":"Suusasaapad Rossignol X-10 Skate sobib kogenud ja treeningule keskendunud suusatajatele. J\u00e4ikade sisetaldadega tagab maksimaalse j\u00f5udluse \u00e4rat\u00f5ukefaasis.","og_url":"https:\/\/raksersport.ee\/?product=suusasaapad-rossignol-x-10-skate","og_site_name":"Rakser Sport","article_publisher":"https:\/\/www.facebook.com\/RakserSport\/","article_modified_time":"2026-02-19T17:15:52+00:00","og_image":[{"width":800,"height":800,"url":"https:\/\/raksersport.ee\/wp-content\/uploads\/2023\/12\/RIM1300_01.jpg","type":"image\/jpeg"}],"twitter_card":"summary_large_image","twitter_misc":{"Est. reading time":"1 minut"},"schema":{"@context":"https:\/\/schema.org","@graph":[{"@type":"WebPage","@id":"https:\/\/raksersport.ee\/?product=suusasaapad-rossignol-x-10-skate","url":"https:\/\/raksersport.ee\/?product=suusasaapad-rossignol-x-10-skate","name":"Suusasaapad Rossignol X-10 Skate - Rakser Sport","isPartOf":{"@id":"https:\/\/raksersport.ee\/#website"},"primaryImageOfPage":{"@id":"https:\/\/raksersport.ee\/?product=suusasaapad-rossignol-x-10-skate#primaryimage"},"image":{"@id":"https:\/\/raksersport.ee\/?product=suusasaapad-rossignol-x-10-skate#primaryimage"},"thumbnailUrl":"https:\/\/raksersport.ee\/wp-content\/uploads\/2023\/12\/RIM1300_01.jpg","datePublished":"2023-12-19T12:50:12+00:00","dateModified":"2026-02-19T17:15:52+00:00","description":"Suusasaapad Rossignol X-10 Skate sobib kogenud ja treeningule keskendunud suusatajatele. J\u00e4ikade sisetaldadega tagab maksimaalse j\u00f5udluse \u00e4rat\u00f5ukefaasis.","breadcrumb":{"@id":"https:\/\/raksersport.ee\/?product=suusasaapad-rossignol-x-10-skate#breadcrumb"},"inLanguage":"et","potentialAction":[{"@type":"ReadAction","target":["https:\/\/raksersport.ee\/?product=suusasaapad-rossignol-x-10-skate"]}]},{"@type":"ImageObject","inLanguage":"et","@id":"https:\/\/raksersport.ee\/?product=suusasaapad-rossignol-x-10-skate#primaryimage","url":"https:\/\/raksersport.ee\/wp-content\/uploads\/2023\/12\/RIM1300_01.jpg","contentUrl":"https:\/\/raksersport.ee\/wp-content\/uploads\/2023\/12\/RIM1300_01.jpg","width":800,"height":800},{"@type":"BreadcrumbList","@id":"https:\/\/raksersport.ee\/?product=suusasaapad-rossignol-x-10-skate#breadcrumb","itemListElement":[{"@type":"ListItem","position":1,"name":"Home","item":"https:\/\/raksersport.ee\/"},{"@type":"ListItem","position":2,"name":"Pood","item":"https:\/\/raksersport.ee\/"},{"@type":"ListItem","position":3,"name":"Suusasaapad Rossignol X-10 Skate"}]},{"@type":"WebSite","@id":"https:\/\/raksersport.ee\/#website","url":"https:\/\/raksersport.ee\/","name":"RakserSport","description":"Spordipoed Haapsalus ja Raplas","publisher":{"@id":"https:\/\/raksersport.ee\/#organization"},"potentialAction":[{"@type":"SearchAction","target":{"@type":"EntryPoint","urlTemplate":"https:\/\/raksersport.ee\/?s={search_term_string}"},"query-input":{"@type":"PropertyValueSpecification","valueRequired":true,"valueName":"search_term_string"}}],"inLanguage":"et"},{"@type":"Organization","@id":"https:\/\/raksersport.ee\/#organization","name":"Rakser Sport O\u00dc","url":"https:\/\/raksersport.ee\/","logo":{"@type":"ImageObject","inLanguage":"et","@id":"https:\/\/raksersport.ee\/#\/schema\/logo\/image\/","url":"https:\/\/raksersport.ee\/wp-content\/uploads\/2020\/03\/rakser-logo-BW.jpg","contentUrl":"https:\/\/raksersport.ee\/wp-content\/uploads\/2020\/03\/rakser-logo-BW.jpg","width":2020,"height":377,"caption":"Rakser Sport O\u00dc"},"image":{"@id":"https:\/\/raksersport.ee\/#\/schema\/logo\/image\/"},"sameAs":["https:\/\/www.facebook.com\/RakserSport\/"]}]}},"jetpack_sharing_enabled":true,"_links":{"self":[{"href":"https:\/\/raksersport.ee\/wp-json\/wp\/v2\/product\/13865","targetHints":{"allow":["GET"]}}],"collection":[{"href":"https:\/\/raksersport.ee\/wp-json\/wp\/v2\/product"}],"about":[{"href":"https:\/\/raksersport.ee\/wp-json\/wp\/v2\/types\/product"}],"replies":[{"embeddable":true,"href":"https:\/\/raksersport.ee\/wp-json\/wp\/v2\/comments?post=13865"}],"wp:featuredmedia":[{"embeddable":true,"href":"https:\/\/raksersport.ee\/wp-json\/wp\/v2\/media\/13869"}],"wp:attachment":[{"href":"https:\/\/raksersport.ee\/wp-json\/wp\/v2\/media?parent=13865"}],"wp:term":[{"taxonomy":"product_brand","embeddable":true,"href":"https:\/\/raksersport.ee\/wp-json\/wp\/v2\/product_brand?post=13865"},{"taxonomy":"product_cat","embeddable":true,"href":"https:\/\/raksersport.ee\/wp-json\/wp\/v2\/product_cat?post=13865"},{"taxonomy":"product_tag","embeddable":true,"href":"https:\/\/raksersport.ee\/wp-json\/wp\/v2\/product_tag?post=13865"}],"curies":[{"name":"wp","href":"https:\/\/api.w.org\/{rel}","templated":true}]}}